{"id":4412,"date":"2025-08-01T06:00:42","date_gmt":"2025-08-01T03:00:42","guid":{"rendered":"https:\/\/bio4you.eu\/retseptid\/?post_type=product&#038;p=4412"},"modified":"2025-07-07T18:53:09","modified_gmt":"2025-07-07T15:53:09","slug":"tagurpidi-apelsinikook-rosmariini-vanillikreemiga","status":"publish","type":"product","link":"https:\/\/bio4you.eu\/retseptid\/toode\/tagurpidi-apelsinikook-rosmariini-vanillikreemiga\/","title":{"rendered":"Tagurpidi apelsinikook rosmariini-vanillikreemiga"},"content":{"rendered":"<p data-start=\"637\" data-end=\"650\">Valmistamine:<\/p>\n<ol data-start=\"652\" data-end=\"1491\">\n<li data-start=\"652\" data-end=\"827\">\n<p data-start=\"655\" data-end=\"827\">Sega kaks pakki Bauck M\u00fchle puuviljakoogi k\u00fcpsetussegu muna ja v\u00f5iga, j\u00e4rgides pakendil olevaid juhiseid, 26 cm l\u00e4bim\u00f5\u00f5duga koogivormi jaoks. Kuumuta ahi 175 \u00b0C-ni.<\/p>\n<\/li>\n<li data-start=\"828\" data-end=\"1085\">\n<p data-start=\"831\" data-end=\"1085\">Kata koogivorm k\u00fcpsetuspaberiga. Sulata v\u00f5i, vahtrasiirup ja marmelaad mikrolaineahjus v\u00f5i v\u00e4ikeses potis, kuni segu on vedel. Sega korralikult ja vala vormi p\u00f5hja. Koori apelsinid ja l\u00f5ika umbes 5 mm paksusteks viiludeks. Lao viilud segule vormi p\u00f5hjas.<\/p>\n<\/li>\n<li data-start=\"1086\" data-end=\"1284\">\n<p data-start=\"1089\" data-end=\"1284\">Vala taigen ettevaatlikult vormi, silu pealt ja k\u00fcpseta kooki 45\u201355 minutit. Seej\u00e4rel lase 15 minutit jahtuda, kummuta taldrikule ja eemalda ettevaatlikult k\u00fcpsetuspaber. Lase t\u00e4ielikult jahtuda.<\/p>\n<\/li>\n<li data-start=\"1285\" data-end=\"1491\">\n<p data-start=\"1288\" data-end=\"1491\">Vahepeal vahusta k\u00fclm r\u00f5\u00f5sk koor vanillisuhkru ja vahukooretugevdajaga tugevaks vahuks. Sega ettevaatlikult juurde hakitud rosmariin. Pane saadud kreem kondiitrikotti ja kaunista kook vastavalt soovile.<\/p>\n<\/li>\n<\/ol>\n","protected":false},"excerpt":{"rendered":"<p data-pm-slice=\"1 1 []\">Vaja l\u00e4heb:<\/p>\n<ul>\n<li>2 pakki <a href=\"https:\/\/bio4you.eu\/et\/bio-toit\/kuivained-ja-idandamine\/gluteenivaba-puuviljakoogi-jahusegu-2x200g\">Bauck M\u00fchle puuviljakoogi k\u00fcpsetussegu(gluteenivaba)<\/a><\/li>\n<li>4 muna<\/li>\n<li>180g v\u00f5id<\/li>\n<li>3-4 apelsini<\/li>\n<li>4sl v\u00f5id<\/li>\n<li>2sl vahtrasiirupit<\/li>\n<li>2sl aprikoosimarmelaadi<\/li>\n<li>200ml k\u00fclma r\u00f5\u00f5ska koort<\/li>\n<li>1tl hakitud v\u00e4rsket rosmariini<\/li>\n<li>2 pakki vanillisuhkrut<\/li>\n<li>1 pakk vahukooretugevdajat (gluteenivaba)<\/li>\n<\/ul>\n","protected":false},"featured_media":4413,"comment_status":"open","ping_status":"closed","template":"","meta":{"_exactmetrics_skip_tracking":false,"_exactmetrics_sitenote_active":false,"_exactmetrics_sitenote_note":"","_exactmetrics_sitenote_category":0},"product_cat":[59,63,280],"product_tag":[637,638,426,640,641,639],"class_list":{"0":"post-4412","1":"product","2":"type-product","3":"status-publish","4":"has-post-thumbnail","6":"product_cat-featured","7":"product_cat-gluteenivabad-retseptid","8":"product_cat-koogid-ja-kupsised","9":"product_tag-apelsini-tagurpidi-kook","10":"product_tag-apelsinikook","11":"product_tag-gluteenivaba-kook","12":"product_tag-lihtne-kupsetis","13":"product_tag-pidulik-magustoit","14":"product_tag-rosmariini-vanillikreem","16":"first","17":"instock","18":"shipping-taxable","19":"product-type-simple"},"yoast_head":"<!-- This site is optimized with the Yoast SEO plugin v23.3 - https:\/\/yoast.com\/wordpress\/plugins\/seo\/ -->\n<title>Tagurpidi apelsinikook rosmariini-vanillikreemiga - bio4you.eu\/retseptid<\/title>\n<meta name=\"description\" content=\"Luksuslik apelsini tagurpidi kook rosmariini-vanillikreemiga \u2013 gluteenivaba, mahlane ja t\u00e4iuslik pidulik magustoit. Vaata retsepti ja inspireeru elegantsest tsitruselisest maitsekooslusest!\" \/>\n<meta name=\"robots\" content=\"index, follow, max-snippet:-1, max-image-preview:large, max-video-preview:-1\" \/>\n<link rel=\"canonical\" href=\"https:\/\/bio4you.eu\/retseptid\/toode\/tagurpidi-apelsinikook-rosmariini-vanillikreemiga\/\" \/>\n<meta property=\"og:locale\" content=\"et_EE\" \/>\n<meta property=\"og:type\" content=\"article\" \/>\n<meta property=\"og:title\" content=\"Apelsini tagurpidi kook rosmariini-vanillikreemiga \u2013 gluteenivaba nauding igaks pidup\u00e4evaks\" \/>\n<meta property=\"og:description\" content=\"Mahlane apelsinikook, mis peidab endas t\u00f5elist maitserikast \u00fcllatust! Gluteenivaba tagurpidi kook koos rosmariini-vanillikreemiga sobib nii elegantseks desserdiks kui ka eriliseks kingituseks l\u00e4hedastele. Proovi j\u00e4rele!\" \/>\n<meta property=\"og:url\" content=\"https:\/\/bio4you.eu\/retseptid\/toode\/tagurpidi-apelsinikook-rosmariini-vanillikreemiga\/\" \/>\n<meta property=\"og:site_name\" content=\"bio4you.eu\/retseptid\" \/>\n<meta property=\"article:modified_time\" content=\"2025-07-07T15:53:09+00:00\" \/>\n<meta property=\"og:image\" content=\"https:\/\/bio4you.eu\/retseptid\/wp-content\/uploads\/2025\/07\/Screenshot-2025-07-07-at-18.51.02.png\" \/>\n\t<meta property=\"og:image:width\" content=\"1206\" \/>\n\t<meta property=\"og:image:height\" content=\"796\" \/>\n\t<meta property=\"og:image:type\" content=\"image\/png\" \/>\n<meta name=\"twitter:label1\" content=\"Est. reading time\" \/>\n\t<meta name=\"twitter:data1\" content=\"1 minut\" \/>\n<script type=\"application\/ld+json\" class=\"yoast-schema-graph\">{\"@context\":\"https:\/\/schema.org\",\"@graph\":[{\"@type\":\"WebPage\",\"@id\":\"https:\/\/bio4you.eu\/retseptid\/toode\/tagurpidi-apelsinikook-rosmariini-vanillikreemiga\/\",\"url\":\"https:\/\/bio4you.eu\/retseptid\/toode\/tagurpidi-apelsinikook-rosmariini-vanillikreemiga\/\",\"name\":\"Tagurpidi apelsinikook rosmariini-vanillikreemiga - bio4you.eu\/retseptid\",\"isPartOf\":{\"@id\":\"https:\/\/bio4you.eu\/retseptid\/#website\"},\"primaryImageOfPage\":{\"@id\":\"https:\/\/bio4you.eu\/retseptid\/toode\/tagurpidi-apelsinikook-rosmariini-vanillikreemiga\/#primaryimage\"},\"image\":{\"@id\":\"https:\/\/bio4you.eu\/retseptid\/toode\/tagurpidi-apelsinikook-rosmariini-vanillikreemiga\/#primaryimage\"},\"thumbnailUrl\":\"https:\/\/bio4you.eu\/retseptid\/wp-content\/uploads\/2025\/07\/Screenshot-2025-07-07-at-18.51.02.png\",\"datePublished\":\"2025-08-01T03:00:42+00:00\",\"dateModified\":\"2025-07-07T15:53:09+00:00\",\"description\":\"Luksuslik apelsini tagurpidi kook rosmariini-vanillikreemiga \u2013 gluteenivaba, mahlane ja t\u00e4iuslik pidulik magustoit. Vaata retsepti ja inspireeru elegantsest tsitruselisest maitsekooslusest!\",\"breadcrumb\":{\"@id\":\"https:\/\/bio4you.eu\/retseptid\/toode\/tagurpidi-apelsinikook-rosmariini-vanillikreemiga\/#breadcrumb\"},\"inLanguage\":\"et\",\"potentialAction\":[{\"@type\":\"ReadAction\",\"target\":[\"https:\/\/bio4you.eu\/retseptid\/toode\/tagurpidi-apelsinikook-rosmariini-vanillikreemiga\/\"]}]},{\"@type\":\"ImageObject\",\"inLanguage\":\"et\",\"@id\":\"https:\/\/bio4you.eu\/retseptid\/toode\/tagurpidi-apelsinikook-rosmariini-vanillikreemiga\/#primaryimage\",\"url\":\"https:\/\/bio4you.eu\/retseptid\/wp-content\/uploads\/2025\/07\/Screenshot-2025-07-07-at-18.51.02.png\",\"contentUrl\":\"https:\/\/bio4you.eu\/retseptid\/wp-content\/uploads\/2025\/07\/Screenshot-2025-07-07-at-18.51.02.png\",\"width\":1206,\"height\":796,\"caption\":\"Gluteenivaba apelsini tagurpidi kook v\u00e4rskete apelsiniviiludega ja kreemja rosmariini-vanillikreemiga \u2013 ideaalne valik pidulauale!\"},{\"@type\":\"BreadcrumbList\",\"@id\":\"https:\/\/bio4you.eu\/retseptid\/toode\/tagurpidi-apelsinikook-rosmariini-vanillikreemiga\/#breadcrumb\",\"itemListElement\":[{\"@type\":\"ListItem\",\"position\":1,\"name\":\"Home\",\"item\":\"https:\/\/bio4you.eu\/retseptid\/\"},{\"@type\":\"ListItem\",\"position\":2,\"name\":\"Tagurpidi apelsinikook rosmariini-vanillikreemiga\"}]},{\"@type\":\"WebSite\",\"@id\":\"https:\/\/bio4you.eu\/retseptid\/#website\",\"url\":\"https:\/\/bio4you.eu\/retseptid\/\",\"name\":\"bio4you.eu\/retseptid\",\"description\":\"\u00d6ko retseptid ise tegemiseks, looduslikest koostisainetest. Maitsev toit, iluhooldus, kodupuhastus ja aiandus.\",\"potentialAction\":[{\"@type\":\"SearchAction\",\"target\":{\"@type\":\"EntryPoint\",\"urlTemplate\":\"https:\/\/bio4you.eu\/retseptid\/?s={search_term_string}\"},\"query-input\":\"required name=search_term_string\"}],\"inLanguage\":\"et\"}]}<\/script>\n<!-- \/ Yoast SEO plugin. -->","yoast_head_json":{"title":"Tagurpidi apelsinikook rosmariini-vanillikreemiga - bio4you.eu\/retseptid","description":"Luksuslik apelsini tagurpidi kook rosmariini-vanillikreemiga \u2013 gluteenivaba, mahlane ja t\u00e4iuslik pidulik magustoit. Vaata retsepti ja inspireeru elegantsest tsitruselisest maitsekooslusest!","robots":{"index":"index","follow":"follow","max-snippet":"max-snippet:-1","max-image-preview":"max-image-preview:large","max-video-preview":"max-video-preview:-1"},"canonical":"https:\/\/bio4you.eu\/retseptid\/toode\/tagurpidi-apelsinikook-rosmariini-vanillikreemiga\/","og_locale":"et_EE","og_type":"article","og_title":"Apelsini tagurpidi kook rosmariini-vanillikreemiga \u2013 gluteenivaba nauding igaks pidup\u00e4evaks","og_description":"Mahlane apelsinikook, mis peidab endas t\u00f5elist maitserikast \u00fcllatust! Gluteenivaba tagurpidi kook koos rosmariini-vanillikreemiga sobib nii elegantseks desserdiks kui ka eriliseks kingituseks l\u00e4hedastele. Proovi j\u00e4rele!","og_url":"https:\/\/bio4you.eu\/retseptid\/toode\/tagurpidi-apelsinikook-rosmariini-vanillikreemiga\/","og_site_name":"bio4you.eu\/retseptid","article_modified_time":"2025-07-07T15:53:09+00:00","og_image":[{"width":1206,"height":796,"url":"https:\/\/bio4you.eu\/retseptid\/wp-content\/uploads\/2025\/07\/Screenshot-2025-07-07-at-18.51.02.png","type":"image\/png"}],"twitter_misc":{"Est. reading time":"1 minut"},"schema":{"@context":"https:\/\/schema.org","@graph":[{"@type":"WebPage","@id":"https:\/\/bio4you.eu\/retseptid\/toode\/tagurpidi-apelsinikook-rosmariini-vanillikreemiga\/","url":"https:\/\/bio4you.eu\/retseptid\/toode\/tagurpidi-apelsinikook-rosmariini-vanillikreemiga\/","name":"Tagurpidi apelsinikook rosmariini-vanillikreemiga - bio4you.eu\/retseptid","isPartOf":{"@id":"https:\/\/bio4you.eu\/retseptid\/#website"},"primaryImageOfPage":{"@id":"https:\/\/bio4you.eu\/retseptid\/toode\/tagurpidi-apelsinikook-rosmariini-vanillikreemiga\/#primaryimage"},"image":{"@id":"https:\/\/bio4you.eu\/retseptid\/toode\/tagurpidi-apelsinikook-rosmariini-vanillikreemiga\/#primaryimage"},"thumbnailUrl":"https:\/\/bio4you.eu\/retseptid\/wp-content\/uploads\/2025\/07\/Screenshot-2025-07-07-at-18.51.02.png","datePublished":"2025-08-01T03:00:42+00:00","dateModified":"2025-07-07T15:53:09+00:00","description":"Luksuslik apelsini tagurpidi kook rosmariini-vanillikreemiga \u2013 gluteenivaba, mahlane ja t\u00e4iuslik pidulik magustoit. Vaata retsepti ja inspireeru elegantsest tsitruselisest maitsekooslusest!","breadcrumb":{"@id":"https:\/\/bio4you.eu\/retseptid\/toode\/tagurpidi-apelsinikook-rosmariini-vanillikreemiga\/#breadcrumb"},"inLanguage":"et","potentialAction":[{"@type":"ReadAction","target":["https:\/\/bio4you.eu\/retseptid\/toode\/tagurpidi-apelsinikook-rosmariini-vanillikreemiga\/"]}]},{"@type":"ImageObject","inLanguage":"et","@id":"https:\/\/bio4you.eu\/retseptid\/toode\/tagurpidi-apelsinikook-rosmariini-vanillikreemiga\/#primaryimage","url":"https:\/\/bio4you.eu\/retseptid\/wp-content\/uploads\/2025\/07\/Screenshot-2025-07-07-at-18.51.02.png","contentUrl":"https:\/\/bio4you.eu\/retseptid\/wp-content\/uploads\/2025\/07\/Screenshot-2025-07-07-at-18.51.02.png","width":1206,"height":796,"caption":"Gluteenivaba apelsini tagurpidi kook v\u00e4rskete apelsiniviiludega ja kreemja rosmariini-vanillikreemiga \u2013 ideaalne valik pidulauale!"},{"@type":"BreadcrumbList","@id":"https:\/\/bio4you.eu\/retseptid\/toode\/tagurpidi-apelsinikook-rosmariini-vanillikreemiga\/#breadcrumb","itemListElement":[{"@type":"ListItem","position":1,"name":"Home","item":"https:\/\/bio4you.eu\/retseptid\/"},{"@type":"ListItem","position":2,"name":"Tagurpidi apelsinikook rosmariini-vanillikreemiga"}]},{"@type":"WebSite","@id":"https:\/\/bio4you.eu\/retseptid\/#website","url":"https:\/\/bio4you.eu\/retseptid\/","name":"bio4you.eu\/retseptid","description":"\u00d6ko retseptid ise tegemiseks, looduslikest koostisainetest. Maitsev toit, iluhooldus, kodupuhastus ja aiandus.","potentialAction":[{"@type":"SearchAction","target":{"@type":"EntryPoint","urlTemplate":"https:\/\/bio4you.eu\/retseptid\/?s={search_term_string}"},"query-input":"required name=search_term_string"}],"inLanguage":"et"}]}},"_links":{"self":[{"href":"https:\/\/bio4you.eu\/retseptid\/wp-json\/wp\/v2\/product\/4412"}],"collection":[{"href":"https:\/\/bio4you.eu\/retseptid\/wp-json\/wp\/v2\/product"}],"about":[{"href":"https:\/\/bio4you.eu\/retseptid\/wp-json\/wp\/v2\/types\/product"}],"replies":[{"embeddable":true,"href":"https:\/\/bio4you.eu\/retseptid\/wp-json\/wp\/v2\/comments?post=4412"}],"wp:featuredmedia":[{"embeddable":true,"href":"https:\/\/bio4you.eu\/retseptid\/wp-json\/wp\/v2\/media\/4413"}],"wp:attachment":[{"href":"https:\/\/bio4you.eu\/retseptid\/wp-json\/wp\/v2\/media?parent=4412"}],"wp:term":[{"taxonomy":"product_cat","embeddable":true,"href":"https:\/\/bio4you.eu\/retseptid\/wp-json\/wp\/v2\/product_cat?post=4412"},{"taxonomy":"product_tag","embeddable":true,"href":"https:\/\/bio4you.eu\/retseptid\/wp-json\/wp\/v2\/product_tag?post=4412"}],"curies":[{"name":"wp","href":"https:\/\/api.w.org\/{rel}","templated":true}]}}