{"id":4414,"date":"2025-08-03T08:00:29","date_gmt":"2025-08-03T05:00:29","guid":{"rendered":"https:\/\/bio4you.eu\/retseptid\/?post_type=product&#038;p=4414"},"modified":"2025-07-07T19:29:44","modified_gmt":"2025-07-07T16:29:44","slug":"maasika-mandlikook-sidruniga","status":"publish","type":"product","link":"https:\/\/bio4you.eu\/retseptid\/toode\/maasika-mandlikook-sidruniga\/","title":{"rendered":"Maasika-mandlikook sidruniga"},"content":{"rendered":"<p data-start=\"532\" data-end=\"545\">Valmistamine:<\/p>\n<ol data-start=\"547\" data-end=\"1130\">\n<li data-start=\"547\" data-end=\"662\">\n<p data-start=\"550\" data-end=\"662\">Kuumuta ahi 180 \u00b0C-ni (\u00fclemine\/alumine kuumus). M\u00e4\u00e4ri 26 cm lahtik\u00e4iv koogivorm v\u00f5iga v\u00f5i kata k\u00fcpsetuspaberiga.<\/p>\n<\/li>\n<li data-start=\"663\" data-end=\"764\">\n<p data-start=\"666\" data-end=\"764\">Vahusta k\u00fcpsetussegupulber, munad, toasoe v\u00f5i, piim ja m\u00f5ru mandli\u00f5li \u00fchtlaseks kreemjaks massiks.<\/p>\n<\/li>\n<li data-start=\"765\" data-end=\"897\">\n<p data-start=\"768\" data-end=\"897\">Vala tainas \u00fchtlaselt vormi. Pese maasikad, eemalda varred ja t\u00fckelda v\u00e4ikesteks kuubikuteks. Lisa tainale ning sega \u00f5rnalt l\u00e4bi.<\/p>\n<\/li>\n<li data-start=\"898\" data-end=\"988\">\n<p data-start=\"901\" data-end=\"988\">Puista peale mandlilaastud. K\u00fcpseta kooki ahju keskosas 180 \u00b0C juures umbes 45 minutit.<\/p>\n<\/li>\n<li data-start=\"989\" data-end=\"1130\">\n<p data-start=\"992\" data-end=\"1130\">Sega sidrunikoor ja suhkur blenderis v\u00f5i k\u00f6\u00f6gikombainis peeneks \u2013 kuni suhkur muutub peaaegu tolmuks. Raputa see t\u00e4iesti jahtunud koogile.<\/p>\n<\/li>\n<\/ol>\n<p data-start=\"1132\" data-end=\"1286\"><strong data-start=\"1132\" data-end=\"1141\">Nipp:<\/strong><br data-start=\"1141\" data-end=\"1144\" \/>Kui soovid, et maasikad ei vajuks koogi p\u00f5hja, veereta neid eelnevalt 1\u20132 sl gluteenivabas jahus. Seej\u00e4rel lisa taignale ja sega \u00f5rnalt l\u00e4bi.<\/p>\n","protected":false},"excerpt":{"rendered":"<p data-start=\"253\" data-end=\"264\">Vaja l\u00e4heb:<\/p>\n<p data-start=\"266\" data-end=\"279\">Taigna jaoks:<\/p>\n<ul>\n<li data-start=\"281\" data-end=\"425\">1 pakk <a href=\"https:\/\/bio4you.eu\/et\/bio-toit\/kuivained-ja-idandamine\/gluteenivaba-puuviljakoogi-jahusegu-2x200g\">Bauck M\u00fchle puuviljakoogi k\u00fcpsetussegu (gluteenivaba)<\/a><\/li>\n<li data-start=\"281\" data-end=\"425\">3 muna<\/li>\n<li data-start=\"281\" data-end=\"425\">125 g toasooja v\u00f5id<\/li>\n<li data-start=\"281\" data-end=\"425\">50 ml piima<\/li>\n<li data-start=\"281\" data-end=\"425\">1 tl m\u00f5ru mandli\u00f5li v\u00f5i -aroomi<\/li>\n<\/ul>\n<p data-start=\"427\" data-end=\"450\">T\u00e4idise ja katte jaoks:<\/p>\n<ul>\n<li data-start=\"452\" data-end=\"530\">300g maasikaid<\/li>\n<li data-start=\"452\" data-end=\"530\">80g mandlilaaste<\/li>\n<li data-start=\"452\" data-end=\"530\">\u00bd sidruni riivitud koor<\/li>\n<li data-start=\"452\" data-end=\"530\">2 sl suhkrut<\/li>\n<\/ul>\n","protected":false},"featured_media":4415,"comment_status":"open","ping_status":"closed","template":"","meta":{"_exactmetrics_skip_tracking":false,"_exactmetrics_sitenote_active":false,"_exactmetrics_sitenote_note":"","_exactmetrics_sitenote_category":0},"product_cat":[59,63,280],"product_tag":[426,647,561,642,646,643,645,644],"class_list":{"0":"post-4414","1":"product","2":"type-product","3":"status-publish","4":"has-post-thumbnail","6":"product_cat-featured","7":"product_cat-gluteenivabad-retseptid","8":"product_cat-koogid-ja-kupsised","9":"product_tag-gluteenivaba-kook","10":"product_tag-gluteenivaba-maasikakook","11":"product_tag-gluteenivaba-magustoit","12":"product_tag-gluteenivaba-mandlikook","13":"product_tag-maasikakook","14":"product_tag-mandlikook","15":"product_tag-sidrunine-mandlikook","16":"product_tag-suvine-maiustus","18":"first","19":"instock","20":"shipping-taxable","21":"product-type-simple"},"yoast_head":"<!-- This site is optimized with the Yoast SEO plugin v23.3 - https:\/\/yoast.com\/wordpress\/plugins\/seo\/ -->\n<title>Maasika-mandlikook sidruniga - bio4you.eu\/retseptid<\/title>\n<meta name=\"description\" content=\"Gluteenivaba maasika-mandlikook v\u00e4rske sidrunisuhkruga \u2013 suvine ja tervislik kook, mis sobib nii peolauale kui ka igap\u00e4evaseks nautimiseks. Lihtne valmistada, maitseb k\u00f5igile!\" \/>\n<meta name=\"robots\" content=\"index, follow, max-snippet:-1, max-image-preview:large, max-video-preview:-1\" \/>\n<link rel=\"canonical\" href=\"https:\/\/bio4you.eu\/retseptid\/toode\/maasika-mandlikook-sidruniga\/\" \/>\n<meta property=\"og:locale\" content=\"et_EE\" \/>\n<meta property=\"og:type\" content=\"article\" \/>\n<meta property=\"og:title\" content=\"Maasika-mandlikook sidrunisuhkruga \u2013 suvine maitseelamus\" \/>\n<meta property=\"og:description\" content=\"Mahlased maasikad, kr\u00f5mpsuvad mandlid ja v\u00e4rske sidrunisuhkur \u2013 see gluteenivaba maasika-mandlikook on t\u00f5eline suver\u00f5\u00f5m! Proovi kohe ja naudi tervislikku maiust igal hetkel.\" \/>\n<meta property=\"og:url\" content=\"https:\/\/bio4you.eu\/retseptid\/toode\/maasika-mandlikook-sidruniga\/\" \/>\n<meta property=\"og:site_name\" content=\"bio4you.eu\/retseptid\" \/>\n<meta property=\"article:modified_time\" content=\"2025-07-07T16:29:44+00:00\" \/>\n<meta property=\"og:image\" content=\"https:\/\/bio4you.eu\/retseptid\/wp-content\/uploads\/2025\/07\/Screenshot-2025-07-07-at-19.27.48.png\" \/>\n\t<meta property=\"og:image:width\" content=\"1004\" \/>\n\t<meta property=\"og:image:height\" content=\"702\" \/>\n\t<meta property=\"og:image:type\" content=\"image\/png\" \/>\n<meta name=\"twitter:label1\" content=\"Est. reading time\" \/>\n\t<meta name=\"twitter:data1\" content=\"1 minut\" \/>\n<script type=\"application\/ld+json\" class=\"yoast-schema-graph\">{\"@context\":\"https:\/\/schema.org\",\"@graph\":[{\"@type\":\"WebPage\",\"@id\":\"https:\/\/bio4you.eu\/retseptid\/toode\/maasika-mandlikook-sidruniga\/\",\"url\":\"https:\/\/bio4you.eu\/retseptid\/toode\/maasika-mandlikook-sidruniga\/\",\"name\":\"Maasika-mandlikook sidruniga - bio4you.eu\/retseptid\",\"isPartOf\":{\"@id\":\"https:\/\/bio4you.eu\/retseptid\/#website\"},\"primaryImageOfPage\":{\"@id\":\"https:\/\/bio4you.eu\/retseptid\/toode\/maasika-mandlikook-sidruniga\/#primaryimage\"},\"image\":{\"@id\":\"https:\/\/bio4you.eu\/retseptid\/toode\/maasika-mandlikook-sidruniga\/#primaryimage\"},\"thumbnailUrl\":\"https:\/\/bio4you.eu\/retseptid\/wp-content\/uploads\/2025\/07\/Screenshot-2025-07-07-at-19.27.48.png\",\"datePublished\":\"2025-08-03T05:00:29+00:00\",\"dateModified\":\"2025-07-07T16:29:44+00:00\",\"description\":\"Gluteenivaba maasika-mandlikook v\u00e4rske sidrunisuhkruga \u2013 suvine ja tervislik kook, mis sobib nii peolauale kui ka igap\u00e4evaseks nautimiseks. Lihtne valmistada, maitseb k\u00f5igile!\",\"breadcrumb\":{\"@id\":\"https:\/\/bio4you.eu\/retseptid\/toode\/maasika-mandlikook-sidruniga\/#breadcrumb\"},\"inLanguage\":\"et\",\"potentialAction\":[{\"@type\":\"ReadAction\",\"target\":[\"https:\/\/bio4you.eu\/retseptid\/toode\/maasika-mandlikook-sidruniga\/\"]}]},{\"@type\":\"ImageObject\",\"inLanguage\":\"et\",\"@id\":\"https:\/\/bio4you.eu\/retseptid\/toode\/maasika-mandlikook-sidruniga\/#primaryimage\",\"url\":\"https:\/\/bio4you.eu\/retseptid\/wp-content\/uploads\/2025\/07\/Screenshot-2025-07-07-at-19.27.48.png\",\"contentUrl\":\"https:\/\/bio4you.eu\/retseptid\/wp-content\/uploads\/2025\/07\/Screenshot-2025-07-07-at-19.27.48.png\",\"width\":1004,\"height\":702,\"caption\":\"\u00d5rn ja mahlane maasika-mandlikook, mille katteks on kuldsed mandlilaastud ja v\u00e4rske sidrunisuhkur. T\u00e4iuslik tervislik magustoit igasse p\u00e4eva!\"},{\"@type\":\"BreadcrumbList\",\"@id\":\"https:\/\/bio4you.eu\/retseptid\/toode\/maasika-mandlikook-sidruniga\/#breadcrumb\",\"itemListElement\":[{\"@type\":\"ListItem\",\"position\":1,\"name\":\"Home\",\"item\":\"https:\/\/bio4you.eu\/retseptid\/\"},{\"@type\":\"ListItem\",\"position\":2,\"name\":\"Maasika-mandlikook sidruniga\"}]},{\"@type\":\"WebSite\",\"@id\":\"https:\/\/bio4you.eu\/retseptid\/#website\",\"url\":\"https:\/\/bio4you.eu\/retseptid\/\",\"name\":\"bio4you.eu\/retseptid\",\"description\":\"\u00d6ko retseptid ise tegemiseks, looduslikest koostisainetest. Maitsev toit, iluhooldus, kodupuhastus ja aiandus.\",\"potentialAction\":[{\"@type\":\"SearchAction\",\"target\":{\"@type\":\"EntryPoint\",\"urlTemplate\":\"https:\/\/bio4you.eu\/retseptid\/?s={search_term_string}\"},\"query-input\":\"required name=search_term_string\"}],\"inLanguage\":\"et\"}]}<\/script>\n<!-- \/ Yoast SEO plugin. -->","yoast_head_json":{"title":"Maasika-mandlikook sidruniga - bio4you.eu\/retseptid","description":"Gluteenivaba maasika-mandlikook v\u00e4rske sidrunisuhkruga \u2013 suvine ja tervislik kook, mis sobib nii peolauale kui ka igap\u00e4evaseks nautimiseks. Lihtne valmistada, maitseb k\u00f5igile!","robots":{"index":"index","follow":"follow","max-snippet":"max-snippet:-1","max-image-preview":"max-image-preview:large","max-video-preview":"max-video-preview:-1"},"canonical":"https:\/\/bio4you.eu\/retseptid\/toode\/maasika-mandlikook-sidruniga\/","og_locale":"et_EE","og_type":"article","og_title":"Maasika-mandlikook sidrunisuhkruga \u2013 suvine maitseelamus","og_description":"Mahlased maasikad, kr\u00f5mpsuvad mandlid ja v\u00e4rske sidrunisuhkur \u2013 see gluteenivaba maasika-mandlikook on t\u00f5eline suver\u00f5\u00f5m! Proovi kohe ja naudi tervislikku maiust igal hetkel.","og_url":"https:\/\/bio4you.eu\/retseptid\/toode\/maasika-mandlikook-sidruniga\/","og_site_name":"bio4you.eu\/retseptid","article_modified_time":"2025-07-07T16:29:44+00:00","og_image":[{"width":1004,"height":702,"url":"https:\/\/bio4you.eu\/retseptid\/wp-content\/uploads\/2025\/07\/Screenshot-2025-07-07-at-19.27.48.png","type":"image\/png"}],"twitter_misc":{"Est. reading time":"1 minut"},"schema":{"@context":"https:\/\/schema.org","@graph":[{"@type":"WebPage","@id":"https:\/\/bio4you.eu\/retseptid\/toode\/maasika-mandlikook-sidruniga\/","url":"https:\/\/bio4you.eu\/retseptid\/toode\/maasika-mandlikook-sidruniga\/","name":"Maasika-mandlikook sidruniga - bio4you.eu\/retseptid","isPartOf":{"@id":"https:\/\/bio4you.eu\/retseptid\/#website"},"primaryImageOfPage":{"@id":"https:\/\/bio4you.eu\/retseptid\/toode\/maasika-mandlikook-sidruniga\/#primaryimage"},"image":{"@id":"https:\/\/bio4you.eu\/retseptid\/toode\/maasika-mandlikook-sidruniga\/#primaryimage"},"thumbnailUrl":"https:\/\/bio4you.eu\/retseptid\/wp-content\/uploads\/2025\/07\/Screenshot-2025-07-07-at-19.27.48.png","datePublished":"2025-08-03T05:00:29+00:00","dateModified":"2025-07-07T16:29:44+00:00","description":"Gluteenivaba maasika-mandlikook v\u00e4rske sidrunisuhkruga \u2013 suvine ja tervislik kook, mis sobib nii peolauale kui ka igap\u00e4evaseks nautimiseks. Lihtne valmistada, maitseb k\u00f5igile!","breadcrumb":{"@id":"https:\/\/bio4you.eu\/retseptid\/toode\/maasika-mandlikook-sidruniga\/#breadcrumb"},"inLanguage":"et","potentialAction":[{"@type":"ReadAction","target":["https:\/\/bio4you.eu\/retseptid\/toode\/maasika-mandlikook-sidruniga\/"]}]},{"@type":"ImageObject","inLanguage":"et","@id":"https:\/\/bio4you.eu\/retseptid\/toode\/maasika-mandlikook-sidruniga\/#primaryimage","url":"https:\/\/bio4you.eu\/retseptid\/wp-content\/uploads\/2025\/07\/Screenshot-2025-07-07-at-19.27.48.png","contentUrl":"https:\/\/bio4you.eu\/retseptid\/wp-content\/uploads\/2025\/07\/Screenshot-2025-07-07-at-19.27.48.png","width":1004,"height":702,"caption":"\u00d5rn ja mahlane maasika-mandlikook, mille katteks on kuldsed mandlilaastud ja v\u00e4rske sidrunisuhkur. T\u00e4iuslik tervislik magustoit igasse p\u00e4eva!"},{"@type":"BreadcrumbList","@id":"https:\/\/bio4you.eu\/retseptid\/toode\/maasika-mandlikook-sidruniga\/#breadcrumb","itemListElement":[{"@type":"ListItem","position":1,"name":"Home","item":"https:\/\/bio4you.eu\/retseptid\/"},{"@type":"ListItem","position":2,"name":"Maasika-mandlikook sidruniga"}]},{"@type":"WebSite","@id":"https:\/\/bio4you.eu\/retseptid\/#website","url":"https:\/\/bio4you.eu\/retseptid\/","name":"bio4you.eu\/retseptid","description":"\u00d6ko retseptid ise tegemiseks, looduslikest koostisainetest. Maitsev toit, iluhooldus, kodupuhastus ja aiandus.","potentialAction":[{"@type":"SearchAction","target":{"@type":"EntryPoint","urlTemplate":"https:\/\/bio4you.eu\/retseptid\/?s={search_term_string}"},"query-input":"required name=search_term_string"}],"inLanguage":"et"}]}},"_links":{"self":[{"href":"https:\/\/bio4you.eu\/retseptid\/wp-json\/wp\/v2\/product\/4414"}],"collection":[{"href":"https:\/\/bio4you.eu\/retseptid\/wp-json\/wp\/v2\/product"}],"about":[{"href":"https:\/\/bio4you.eu\/retseptid\/wp-json\/wp\/v2\/types\/product"}],"replies":[{"embeddable":true,"href":"https:\/\/bio4you.eu\/retseptid\/wp-json\/wp\/v2\/comments?post=4414"}],"wp:featuredmedia":[{"embeddable":true,"href":"https:\/\/bio4you.eu\/retseptid\/wp-json\/wp\/v2\/media\/4415"}],"wp:attachment":[{"href":"https:\/\/bio4you.eu\/retseptid\/wp-json\/wp\/v2\/media?parent=4414"}],"wp:term":[{"taxonomy":"product_cat","embeddable":true,"href":"https:\/\/bio4you.eu\/retseptid\/wp-json\/wp\/v2\/product_cat?post=4414"},{"taxonomy":"product_tag","embeddable":true,"href":"https:\/\/bio4you.eu\/retseptid\/wp-json\/wp\/v2\/product_tag?post=4414"}],"curies":[{"name":"wp","href":"https:\/\/api.w.org\/{rel}","templated":true}]}}