{"id":4416,"date":"2025-08-07T08:00:02","date_gmt":"2025-08-07T05:00:02","guid":{"rendered":"https:\/\/bio4you.eu\/retseptid\/?post_type=product&#038;p=4416"},"modified":"2025-07-07T19:51:34","modified_gmt":"2025-07-07T16:51:34","slug":"pina-colada-smuuti","status":"publish","type":"product","link":"https:\/\/bio4you.eu\/retseptid\/toode\/pina-colada-smuuti\/","title":{"rendered":"Pi\u00f1a Colada smuuti"},"content":{"rendered":"<p data-start=\"251\" data-end=\"264\">Valmistamine:<\/p>\n<ol data-start=\"266\" data-end=\"474\">\n<li data-start=\"266\" data-end=\"304\">\n<p data-start=\"269\" data-end=\"304\">L\u00f5ika ananass v\u00e4ikesteks t\u00fckkideks.<\/p>\n<\/li>\n<li data-start=\"305\" data-end=\"361\">\n<p data-start=\"308\" data-end=\"361\">Pane ananass, kookosejook ja j\u00e4\u00e4kuubikud blenderisse.<\/p>\n<\/li>\n<li data-start=\"362\" data-end=\"421\">\n<p data-start=\"365\" data-end=\"421\">Lisa suhkur ja mikserda, kuni smuuti on m\u00f5nusalt vahune.<\/p>\n<\/li>\n<li data-start=\"422\" data-end=\"474\">\n<p data-start=\"425\" data-end=\"474\">Vala smuuti klaasidesse ja serveeri kohe k\u00fclmalt.<\/p>\n<\/li>\n<\/ol>\n","protected":false},"excerpt":{"rendered":"<p data-start=\"131\" data-end=\"142\">Vaja l\u00e4heb:<\/p>\n<ul>\n<li data-start=\"144\" data-end=\"249\">800ml The Bridge Barista kookose jooki v\u00f5i <a href=\"https:\/\/bio4you.eu\/et\/bio-toit\/joogid-ja-joogipulbrid\/taimsed-joogid-ja-kreemid\/riisijook-kookosega-1l\">The Bridge riisijooki kookosega<\/a><\/li>\n<li data-start=\"144\" data-end=\"249\">500g v\u00e4rsket ananassi<\/li>\n<li data-start=\"144\" data-end=\"249\">2sl rafineerimata suhkrut<\/li>\n<li data-start=\"144\" data-end=\"249\">4 j\u00e4\u00e4kuubikut<\/li>\n<\/ul>\n","protected":false},"featured_media":4417,"comment_status":"open","ping_status":"closed","template":"","meta":{"_exactmetrics_skip_tracking":false,"_exactmetrics_sitenote_active":false,"_exactmetrics_sitenote_note":"","_exactmetrics_sitenote_category":0},"product_cat":[59,382,63,383,376],"product_tag":[618,607,648,649,380,605],"class_list":{"0":"post-4416","1":"product","2":"type-product","3":"status-publish","4":"has-post-thumbnail","6":"product_cat-featured","7":"product_cat-vegan-toiduretseptid","8":"product_cat-gluteenivabad-retseptid","9":"product_cat-taimetoit","10":"product_cat-smuutid","11":"product_tag-gluteenivaba-smuuti","12":"product_tag-kookose-smuuti","13":"product_tag-kookose-ananassi-smuuti","14":"product_tag-pina-colada-smuuti","15":"product_tag-smuuti","16":"product_tag-vegan-smuuti","18":"first","19":"instock","20":"shipping-taxable","21":"product-type-simple"},"yoast_head":"<!-- This site is optimized with the Yoast SEO plugin v23.3 - https:\/\/yoast.com\/wordpress\/plugins\/seo\/ -->\n<title>Pi\u00f1a Colada smuuti - bio4you.eu\/retseptid<\/title>\n<meta name=\"description\" content=\"Eksootiline ja vegan Pi\u00f1a Colada smuuti kookosejoogiga \u2013 lihtne, tervislik ning jahutav suvejook ananassi ja j\u00e4\u00e4ga. Proovi retsepti ja too troopika oma koju!\" \/>\n<meta name=\"robots\" content=\"index, follow, max-snippet:-1, max-image-preview:large, max-video-preview:-1\" \/>\n<link rel=\"canonical\" href=\"https:\/\/bio4you.eu\/retseptid\/toode\/pina-colada-smuuti\/\" \/>\n<meta property=\"og:locale\" content=\"et_EE\" \/>\n<meta property=\"og:type\" content=\"article\" \/>\n<meta property=\"og:title\" content=\"Pi\u00f1a Colada smuuti \u2013 v\u00e4rske suvejook\" \/>\n<meta property=\"og:description\" content=\"V\u00e4rskenda end vegan Pi\u00f1a Colada smuutiga! Kookosejook, ananass ja j\u00e4\u00e4 \u2013 k\u00f5ik, mida vajad, et suvi oleks maitsev ja eksootiline. Vaata retsepti veebis!\" \/>\n<meta property=\"og:url\" content=\"https:\/\/bio4you.eu\/retseptid\/toode\/pina-colada-smuuti\/\" \/>\n<meta property=\"og:site_name\" content=\"bio4you.eu\/retseptid\" \/>\n<meta property=\"article:modified_time\" content=\"2025-07-07T16:51:34+00:00\" \/>\n<meta property=\"og:image\" content=\"https:\/\/bio4you.eu\/retseptid\/wp-content\/uploads\/2025\/07\/Screenshot-2025-07-07-at-18.11.40.png\" \/>\n\t<meta property=\"og:image:width\" content=\"1548\" \/>\n\t<meta property=\"og:image:height\" content=\"1028\" \/>\n\t<meta property=\"og:image:type\" content=\"image\/png\" \/>\n<meta name=\"twitter:label1\" content=\"Est. reading time\" \/>\n\t<meta name=\"twitter:data1\" content=\"1 minut\" \/>\n<script type=\"application\/ld+json\" class=\"yoast-schema-graph\">{\"@context\":\"https:\/\/schema.org\",\"@graph\":[{\"@type\":\"WebPage\",\"@id\":\"https:\/\/bio4you.eu\/retseptid\/toode\/pina-colada-smuuti\/\",\"url\":\"https:\/\/bio4you.eu\/retseptid\/toode\/pina-colada-smuuti\/\",\"name\":\"Pi\u00f1a Colada smuuti - bio4you.eu\/retseptid\",\"isPartOf\":{\"@id\":\"https:\/\/bio4you.eu\/retseptid\/#website\"},\"primaryImageOfPage\":{\"@id\":\"https:\/\/bio4you.eu\/retseptid\/toode\/pina-colada-smuuti\/#primaryimage\"},\"image\":{\"@id\":\"https:\/\/bio4you.eu\/retseptid\/toode\/pina-colada-smuuti\/#primaryimage\"},\"thumbnailUrl\":\"https:\/\/bio4you.eu\/retseptid\/wp-content\/uploads\/2025\/07\/Screenshot-2025-07-07-at-18.11.40.png\",\"datePublished\":\"2025-08-07T05:00:02+00:00\",\"dateModified\":\"2025-07-07T16:51:34+00:00\",\"description\":\"Eksootiline ja vegan Pi\u00f1a Colada smuuti kookosejoogiga \u2013 lihtne, tervislik ning jahutav suvejook ananassi ja j\u00e4\u00e4ga. Proovi retsepti ja too troopika oma koju!\",\"breadcrumb\":{\"@id\":\"https:\/\/bio4you.eu\/retseptid\/toode\/pina-colada-smuuti\/#breadcrumb\"},\"inLanguage\":\"et\",\"potentialAction\":[{\"@type\":\"ReadAction\",\"target\":[\"https:\/\/bio4you.eu\/retseptid\/toode\/pina-colada-smuuti\/\"]}]},{\"@type\":\"ImageObject\",\"inLanguage\":\"et\",\"@id\":\"https:\/\/bio4you.eu\/retseptid\/toode\/pina-colada-smuuti\/#primaryimage\",\"url\":\"https:\/\/bio4you.eu\/retseptid\/wp-content\/uploads\/2025\/07\/Screenshot-2025-07-07-at-18.11.40.png\",\"contentUrl\":\"https:\/\/bio4you.eu\/retseptid\/wp-content\/uploads\/2025\/07\/Screenshot-2025-07-07-at-18.11.40.png\",\"width\":1548,\"height\":1028,\"caption\":\"V\u00e4rskendav pi\u00f1a colada smuuti kookose ja ananassiga \u2013 t\u00e4iuslik troopiline elamus igaks suvep\u00e4evaks!\"},{\"@type\":\"BreadcrumbList\",\"@id\":\"https:\/\/bio4you.eu\/retseptid\/toode\/pina-colada-smuuti\/#breadcrumb\",\"itemListElement\":[{\"@type\":\"ListItem\",\"position\":1,\"name\":\"Home\",\"item\":\"https:\/\/bio4you.eu\/retseptid\/\"},{\"@type\":\"ListItem\",\"position\":2,\"name\":\"Pi\u00f1a Colada smuuti\"}]},{\"@type\":\"WebSite\",\"@id\":\"https:\/\/bio4you.eu\/retseptid\/#website\",\"url\":\"https:\/\/bio4you.eu\/retseptid\/\",\"name\":\"bio4you.eu\/retseptid\",\"description\":\"\u00d6ko retseptid ise tegemiseks, looduslikest koostisainetest. Maitsev toit, iluhooldus, kodupuhastus ja aiandus.\",\"potentialAction\":[{\"@type\":\"SearchAction\",\"target\":{\"@type\":\"EntryPoint\",\"urlTemplate\":\"https:\/\/bio4you.eu\/retseptid\/?s={search_term_string}\"},\"query-input\":\"required name=search_term_string\"}],\"inLanguage\":\"et\"}]}<\/script>\n<!-- \/ Yoast SEO plugin. -->","yoast_head_json":{"title":"Pi\u00f1a Colada smuuti - bio4you.eu\/retseptid","description":"Eksootiline ja vegan Pi\u00f1a Colada smuuti kookosejoogiga \u2013 lihtne, tervislik ning jahutav suvejook ananassi ja j\u00e4\u00e4ga. Proovi retsepti ja too troopika oma koju!","robots":{"index":"index","follow":"follow","max-snippet":"max-snippet:-1","max-image-preview":"max-image-preview:large","max-video-preview":"max-video-preview:-1"},"canonical":"https:\/\/bio4you.eu\/retseptid\/toode\/pina-colada-smuuti\/","og_locale":"et_EE","og_type":"article","og_title":"Pi\u00f1a Colada smuuti \u2013 v\u00e4rske suvejook","og_description":"V\u00e4rskenda end vegan Pi\u00f1a Colada smuutiga! Kookosejook, ananass ja j\u00e4\u00e4 \u2013 k\u00f5ik, mida vajad, et suvi oleks maitsev ja eksootiline. Vaata retsepti veebis!","og_url":"https:\/\/bio4you.eu\/retseptid\/toode\/pina-colada-smuuti\/","og_site_name":"bio4you.eu\/retseptid","article_modified_time":"2025-07-07T16:51:34+00:00","og_image":[{"width":1548,"height":1028,"url":"https:\/\/bio4you.eu\/retseptid\/wp-content\/uploads\/2025\/07\/Screenshot-2025-07-07-at-18.11.40.png","type":"image\/png"}],"twitter_misc":{"Est. reading time":"1 minut"},"schema":{"@context":"https:\/\/schema.org","@graph":[{"@type":"WebPage","@id":"https:\/\/bio4you.eu\/retseptid\/toode\/pina-colada-smuuti\/","url":"https:\/\/bio4you.eu\/retseptid\/toode\/pina-colada-smuuti\/","name":"Pi\u00f1a Colada smuuti - bio4you.eu\/retseptid","isPartOf":{"@id":"https:\/\/bio4you.eu\/retseptid\/#website"},"primaryImageOfPage":{"@id":"https:\/\/bio4you.eu\/retseptid\/toode\/pina-colada-smuuti\/#primaryimage"},"image":{"@id":"https:\/\/bio4you.eu\/retseptid\/toode\/pina-colada-smuuti\/#primaryimage"},"thumbnailUrl":"https:\/\/bio4you.eu\/retseptid\/wp-content\/uploads\/2025\/07\/Screenshot-2025-07-07-at-18.11.40.png","datePublished":"2025-08-07T05:00:02+00:00","dateModified":"2025-07-07T16:51:34+00:00","description":"Eksootiline ja vegan Pi\u00f1a Colada smuuti kookosejoogiga \u2013 lihtne, tervislik ning jahutav suvejook ananassi ja j\u00e4\u00e4ga. Proovi retsepti ja too troopika oma koju!","breadcrumb":{"@id":"https:\/\/bio4you.eu\/retseptid\/toode\/pina-colada-smuuti\/#breadcrumb"},"inLanguage":"et","potentialAction":[{"@type":"ReadAction","target":["https:\/\/bio4you.eu\/retseptid\/toode\/pina-colada-smuuti\/"]}]},{"@type":"ImageObject","inLanguage":"et","@id":"https:\/\/bio4you.eu\/retseptid\/toode\/pina-colada-smuuti\/#primaryimage","url":"https:\/\/bio4you.eu\/retseptid\/wp-content\/uploads\/2025\/07\/Screenshot-2025-07-07-at-18.11.40.png","contentUrl":"https:\/\/bio4you.eu\/retseptid\/wp-content\/uploads\/2025\/07\/Screenshot-2025-07-07-at-18.11.40.png","width":1548,"height":1028,"caption":"V\u00e4rskendav pi\u00f1a colada smuuti kookose ja ananassiga \u2013 t\u00e4iuslik troopiline elamus igaks suvep\u00e4evaks!"},{"@type":"BreadcrumbList","@id":"https:\/\/bio4you.eu\/retseptid\/toode\/pina-colada-smuuti\/#breadcrumb","itemListElement":[{"@type":"ListItem","position":1,"name":"Home","item":"https:\/\/bio4you.eu\/retseptid\/"},{"@type":"ListItem","position":2,"name":"Pi\u00f1a Colada smuuti"}]},{"@type":"WebSite","@id":"https:\/\/bio4you.eu\/retseptid\/#website","url":"https:\/\/bio4you.eu\/retseptid\/","name":"bio4you.eu\/retseptid","description":"\u00d6ko retseptid ise tegemiseks, looduslikest koostisainetest. Maitsev toit, iluhooldus, kodupuhastus ja aiandus.","potentialAction":[{"@type":"SearchAction","target":{"@type":"EntryPoint","urlTemplate":"https:\/\/bio4you.eu\/retseptid\/?s={search_term_string}"},"query-input":"required name=search_term_string"}],"inLanguage":"et"}]}},"_links":{"self":[{"href":"https:\/\/bio4you.eu\/retseptid\/wp-json\/wp\/v2\/product\/4416"}],"collection":[{"href":"https:\/\/bio4you.eu\/retseptid\/wp-json\/wp\/v2\/product"}],"about":[{"href":"https:\/\/bio4you.eu\/retseptid\/wp-json\/wp\/v2\/types\/product"}],"replies":[{"embeddable":true,"href":"https:\/\/bio4you.eu\/retseptid\/wp-json\/wp\/v2\/comments?post=4416"}],"wp:featuredmedia":[{"embeddable":true,"href":"https:\/\/bio4you.eu\/retseptid\/wp-json\/wp\/v2\/media\/4417"}],"wp:attachment":[{"href":"https:\/\/bio4you.eu\/retseptid\/wp-json\/wp\/v2\/media?parent=4416"}],"wp:term":[{"taxonomy":"product_cat","embeddable":true,"href":"https:\/\/bio4you.eu\/retseptid\/wp-json\/wp\/v2\/product_cat?post=4416"},{"taxonomy":"product_tag","embeddable":true,"href":"https:\/\/bio4you.eu\/retseptid\/wp-json\/wp\/v2\/product_tag?post=4416"}],"curies":[{"name":"wp","href":"https:\/\/api.w.org\/{rel}","templated":true}]}}