{"id":4418,"date":"2025-08-10T08:00:38","date_gmt":"2025-08-10T05:00:38","guid":{"rendered":"https:\/\/bio4you.eu\/retseptid\/?post_type=product&#038;p=4418"},"modified":"2025-08-26T10:44:23","modified_gmt":"2025-08-26T07:44:23","slug":"nuudlid-kookose-basiiliku-pestoga","status":"publish","type":"product","link":"https:\/\/bio4you.eu\/retseptid\/toode\/nuudlid-kookose-basiiliku-pestoga\/","title":{"rendered":"Nuudlid kookose-basiiliku pestoga"},"content":{"rendered":"<p data-start=\"472\" data-end=\"485\">Valmistamine:<\/p>\n<ol data-start=\"487\" data-end=\"1314\">\n<li data-start=\"487\" data-end=\"734\">\n<p data-start=\"490\" data-end=\"734\">L\u00f5ika \u00fcks suvik\u00f5rvits suurteks viiludeks. Blan\u0161eeri viile soolaga maitsestatud vees paar minutit, seej\u00e4rel jahuta j\u00e4\u00e4vees. Seej\u00e4rel p\u00fcreesta suvik\u00f5rvitsaviilus koos kookosejoogi, India p\u00e4hklite, p\u00e4ikesekuivatatud tomatite, basiiliku, rohelise karri ja n\u00e4puotsat\u00e4ie soolaga.<\/p>\n<\/li>\n<li data-start=\"735\" data-end=\"831\">\n<p data-start=\"738\" data-end=\"831\">J\u00e4ta m\u00f5ned p\u00e4hklid, 2\u20133 p\u00e4ikesekuivatatud tomatit ja veidi basiilikut k\u00f5rvale serveerimiseks.<\/p>\n<\/li>\n<li data-start=\"832\" data-end=\"986\">\n<p data-start=\"835\" data-end=\"986\">R\u00f6sti k\u00fc\u00fcslauguk\u00fc\u00fcs v\u00e4heses kookos\u00f5lis. Lisa teine suvik\u00f5rvits, l\u00f5igatud \u00f5hukesteks ribadeks (julienne), pruunista ja maitsesta soolaga. T\u00f5sta k\u00f5rvale.<\/p>\n<\/li>\n<li data-start=\"987\" data-end=\"1148\">\n<p data-start=\"990\" data-end=\"1148\">Keeda nuudlid rohkes soolaga maitsestatud vees vastavalt pakendil olevale juhisele (umbes 3\u20134 minutit). Kurna ja sega pestoga, vajadusel lisa veidi keeduvett.<\/p>\n<\/li>\n<li data-start=\"1149\" data-end=\"1314\">\n<p data-start=\"1152\" data-end=\"1314\">Serveerimisel t\u00f5sta igale taldrikule nuudlid, kaunista praetud suvik\u00f5rvitsaviilude, r\u00f6stitud India p\u00e4hklite, p\u00e4ikesekuivatatud tomatite ja v\u00e4rske basiilikulehega.<\/p>\n<\/li>\n<\/ol>\n","protected":false},"excerpt":{"rendered":"<p data-start=\"171\" data-end=\"182\">Vaja l\u00e4heb:<\/p>\n<ul>\n<li data-start=\"184\" data-end=\"470\">2 suvik\u00f5rvitsat<\/li>\n<li data-start=\"184\" data-end=\"470\">10 p\u00e4ikesekuivatatud tomatit (leotatud kuumas vees)<\/li>\n<li data-start=\"184\" data-end=\"470\">1 punt v\u00e4rsket basiilikut<\/li>\n<li data-start=\"184\" data-end=\"470\">80g India p\u00e4hkleid (nt, <a href=\"https:\/\/bio4you.eu\/et\/bio-toit\/looduslikud-supertoidud\/india-paehklid-1kg\">Rhumveld Baltic India p\u00e4hklid<\/a>)<\/li>\n<li data-start=\"184\" data-end=\"470\">200ml <a href=\"https:\/\/bio4you.eu\/et\/bio-toit\/joogid-ja-joogipulbrid\/taimsed-joogid-ja-kreemid\/kookosjook-1l\">The Bridge kookosjooki<\/a><\/li>\n<li data-start=\"184\" data-end=\"470\">1 n\u00e4puotsat\u00e4is rohelist karri maitseainet<\/li>\n<li data-start=\"184\" data-end=\"470\">1 k\u00fc\u00fcslauguk\u00fc\u00fcs<\/li>\n<li data-start=\"184\" data-end=\"470\">200g nuudleid<\/li>\n<li data-start=\"184\" data-end=\"470\">Kookos\u00f5li (nt, <a href=\"https:\/\/bio4you.eu\/et\/bio-pere\/oekotooted-kogu-perele\/extra-virgin-kookosoli-1550ml\">Maya Gold extra virgin kookos\u00f5li<\/a>)<\/li>\n<li data-start=\"184\" data-end=\"470\">Soola (maitse j\u00e4rgi)<\/li>\n<\/ul>\n","protected":false},"featured_media":4419,"comment_status":"open","ping_status":"closed","template":"","meta":{"_exactmetrics_skip_tracking":false,"_exactmetrics_sitenote_active":false,"_exactmetrics_sitenote_note":"","_exactmetrics_sitenote_category":0},"product_cat":[59,60,382,63,383,70],"product_tag":[652,657,432,654,650,653,655,656,651],"class_list":{"0":"post-4418","1":"product","2":"type-product","3":"status-publish","4":"has-post-thumbnail","6":"product_cat-featured","7":"product_cat-toiduretseptid","8":"product_cat-vegan-toiduretseptid","9":"product_cat-gluteenivabad-retseptid","10":"product_cat-taimetoit","11":"product_cat-pastaroad","12":"product_tag-basiilikapesto","13":"product_tag-gluteenivaba-nuudliroog","14":"product_tag-gluteenivaba-retsept","15":"product_tag-india-pahklid","16":"product_tag-nuudlid-kookosega","17":"product_tag-paikesekuivatatud-tomatid","18":"product_tag-suvikorvitsanuudlid","19":"product_tag-tervislik-taimetoit","20":"product_tag-vegan-nuudlid","22":"first","23":"instock","24":"shipping-taxable","25":"product-type-simple"},"yoast_head":"<!-- This site is optimized with the Yoast SEO plugin v23.3 - https:\/\/yoast.com\/wordpress\/plugins\/seo\/ -->\n<title>Nuudlid kookose-basiiliku pestoga - bio4you.eu\/retseptid<\/title>\n<meta name=\"description\" content=\"Nuudlid kookose-basiilikapesto ja p\u00e4ikesekuivatatud tomatitega \u2013 vegan ja gluteenivaba roog, mis viib sind maitser\u00e4nnakule.\" \/>\n<meta name=\"robots\" content=\"index, follow, max-snippet:-1, max-image-preview:large, max-video-preview:-1\" \/>\n<link rel=\"canonical\" href=\"https:\/\/bio4you.eu\/retseptid\/toode\/nuudlid-kookose-basiiliku-pestoga\/\" \/>\n<meta property=\"og:locale\" content=\"et_EE\" \/>\n<meta property=\"og:type\" content=\"article\" \/>\n<meta property=\"og:title\" content=\"Nuudlid kookose-basiilikapesto ja p\u00e4ikesekuivatatud tomatitega \u2013 taimne maitseelamus!\" \/>\n<meta property=\"og:description\" content=\"Kas oled valmis proovima midagi uut? Need vegan nuudlid kookose-basiilikapesto ja p\u00e4ikesekuivatatud tomatitega viivad su maitser\u00e4nnakule otse eksootikasse! Retsept Bio4You veebis \u2013 proovi j\u00e4rele!\" \/>\n<meta property=\"og:url\" content=\"https:\/\/bio4you.eu\/retseptid\/toode\/nuudlid-kookose-basiiliku-pestoga\/\" \/>\n<meta property=\"og:site_name\" content=\"bio4you.eu\/retseptid\" \/>\n<meta property=\"article:modified_time\" content=\"2025-08-26T07:44:23+00:00\" \/>\n<meta property=\"og:image\" content=\"https:\/\/bio4you.eu\/retseptid\/wp-content\/uploads\/2025\/07\/Screenshot-2025-07-07-at-20.00.00.png\" \/>\n\t<meta property=\"og:image:width\" content=\"1262\" \/>\n\t<meta property=\"og:image:height\" content=\"886\" \/>\n\t<meta property=\"og:image:type\" content=\"image\/png\" \/>\n<meta name=\"twitter:label1\" content=\"Est. reading time\" \/>\n\t<meta name=\"twitter:data1\" content=\"1 minut\" \/>\n<script type=\"application\/ld+json\" class=\"yoast-schema-graph\">{\"@context\":\"https:\/\/schema.org\",\"@graph\":[{\"@type\":\"WebPage\",\"@id\":\"https:\/\/bio4you.eu\/retseptid\/toode\/nuudlid-kookose-basiiliku-pestoga\/\",\"url\":\"https:\/\/bio4you.eu\/retseptid\/toode\/nuudlid-kookose-basiiliku-pestoga\/\",\"name\":\"Nuudlid kookose-basiiliku pestoga - bio4you.eu\/retseptid\",\"isPartOf\":{\"@id\":\"https:\/\/bio4you.eu\/retseptid\/#website\"},\"primaryImageOfPage\":{\"@id\":\"https:\/\/bio4you.eu\/retseptid\/toode\/nuudlid-kookose-basiiliku-pestoga\/#primaryimage\"},\"image\":{\"@id\":\"https:\/\/bio4you.eu\/retseptid\/toode\/nuudlid-kookose-basiiliku-pestoga\/#primaryimage\"},\"thumbnailUrl\":\"https:\/\/bio4you.eu\/retseptid\/wp-content\/uploads\/2025\/07\/Screenshot-2025-07-07-at-20.00.00.png\",\"datePublished\":\"2025-08-10T05:00:38+00:00\",\"dateModified\":\"2025-08-26T07:44:23+00:00\",\"description\":\"Nuudlid kookose-basiilikapesto ja p\u00e4ikesekuivatatud tomatitega \u2013 vegan ja gluteenivaba roog, mis viib sind maitser\u00e4nnakule.\",\"breadcrumb\":{\"@id\":\"https:\/\/bio4you.eu\/retseptid\/toode\/nuudlid-kookose-basiiliku-pestoga\/#breadcrumb\"},\"inLanguage\":\"et\",\"potentialAction\":[{\"@type\":\"ReadAction\",\"target\":[\"https:\/\/bio4you.eu\/retseptid\/toode\/nuudlid-kookose-basiiliku-pestoga\/\"]}]},{\"@type\":\"ImageObject\",\"inLanguage\":\"et\",\"@id\":\"https:\/\/bio4you.eu\/retseptid\/toode\/nuudlid-kookose-basiiliku-pestoga\/#primaryimage\",\"url\":\"https:\/\/bio4you.eu\/retseptid\/wp-content\/uploads\/2025\/07\/Screenshot-2025-07-07-at-20.00.00.png\",\"contentUrl\":\"https:\/\/bio4you.eu\/retseptid\/wp-content\/uploads\/2025\/07\/Screenshot-2025-07-07-at-20.00.00.png\",\"width\":1262,\"height\":886,\"caption\":\"Kergelt eksootiline nuudliroog, mis \u00fchendab endas kookose, basiiliku ja suvik\u00f5rvitsa \u2013 ideaalne vegan \u00f5htus\u00f6\u00f6k igaks p\u00e4evaks.\"},{\"@type\":\"BreadcrumbList\",\"@id\":\"https:\/\/bio4you.eu\/retseptid\/toode\/nuudlid-kookose-basiiliku-pestoga\/#breadcrumb\",\"itemListElement\":[{\"@type\":\"ListItem\",\"position\":1,\"name\":\"Home\",\"item\":\"https:\/\/bio4you.eu\/retseptid\/\"},{\"@type\":\"ListItem\",\"position\":2,\"name\":\"Nuudlid kookose-basiiliku pestoga\"}]},{\"@type\":\"WebSite\",\"@id\":\"https:\/\/bio4you.eu\/retseptid\/#website\",\"url\":\"https:\/\/bio4you.eu\/retseptid\/\",\"name\":\"bio4you.eu\/retseptid\",\"description\":\"\u00d6ko retseptid ise tegemiseks, looduslikest koostisainetest. Maitsev toit, iluhooldus, kodupuhastus ja aiandus.\",\"potentialAction\":[{\"@type\":\"SearchAction\",\"target\":{\"@type\":\"EntryPoint\",\"urlTemplate\":\"https:\/\/bio4you.eu\/retseptid\/?s={search_term_string}\"},\"query-input\":\"required name=search_term_string\"}],\"inLanguage\":\"et\"}]}<\/script>\n<!-- \/ Yoast SEO plugin. -->","yoast_head_json":{"title":"Nuudlid kookose-basiiliku pestoga - bio4you.eu\/retseptid","description":"Nuudlid kookose-basiilikapesto ja p\u00e4ikesekuivatatud tomatitega \u2013 vegan ja gluteenivaba roog, mis viib sind maitser\u00e4nnakule.","robots":{"index":"index","follow":"follow","max-snippet":"max-snippet:-1","max-image-preview":"max-image-preview:large","max-video-preview":"max-video-preview:-1"},"canonical":"https:\/\/bio4you.eu\/retseptid\/toode\/nuudlid-kookose-basiiliku-pestoga\/","og_locale":"et_EE","og_type":"article","og_title":"Nuudlid kookose-basiilikapesto ja p\u00e4ikesekuivatatud tomatitega \u2013 taimne maitseelamus!","og_description":"Kas oled valmis proovima midagi uut? Need vegan nuudlid kookose-basiilikapesto ja p\u00e4ikesekuivatatud tomatitega viivad su maitser\u00e4nnakule otse eksootikasse! Retsept Bio4You veebis \u2013 proovi j\u00e4rele!","og_url":"https:\/\/bio4you.eu\/retseptid\/toode\/nuudlid-kookose-basiiliku-pestoga\/","og_site_name":"bio4you.eu\/retseptid","article_modified_time":"2025-08-26T07:44:23+00:00","og_image":[{"width":1262,"height":886,"url":"https:\/\/bio4you.eu\/retseptid\/wp-content\/uploads\/2025\/07\/Screenshot-2025-07-07-at-20.00.00.png","type":"image\/png"}],"twitter_misc":{"Est. reading time":"1 minut"},"schema":{"@context":"https:\/\/schema.org","@graph":[{"@type":"WebPage","@id":"https:\/\/bio4you.eu\/retseptid\/toode\/nuudlid-kookose-basiiliku-pestoga\/","url":"https:\/\/bio4you.eu\/retseptid\/toode\/nuudlid-kookose-basiiliku-pestoga\/","name":"Nuudlid kookose-basiiliku pestoga - bio4you.eu\/retseptid","isPartOf":{"@id":"https:\/\/bio4you.eu\/retseptid\/#website"},"primaryImageOfPage":{"@id":"https:\/\/bio4you.eu\/retseptid\/toode\/nuudlid-kookose-basiiliku-pestoga\/#primaryimage"},"image":{"@id":"https:\/\/bio4you.eu\/retseptid\/toode\/nuudlid-kookose-basiiliku-pestoga\/#primaryimage"},"thumbnailUrl":"https:\/\/bio4you.eu\/retseptid\/wp-content\/uploads\/2025\/07\/Screenshot-2025-07-07-at-20.00.00.png","datePublished":"2025-08-10T05:00:38+00:00","dateModified":"2025-08-26T07:44:23+00:00","description":"Nuudlid kookose-basiilikapesto ja p\u00e4ikesekuivatatud tomatitega \u2013 vegan ja gluteenivaba roog, mis viib sind maitser\u00e4nnakule.","breadcrumb":{"@id":"https:\/\/bio4you.eu\/retseptid\/toode\/nuudlid-kookose-basiiliku-pestoga\/#breadcrumb"},"inLanguage":"et","potentialAction":[{"@type":"ReadAction","target":["https:\/\/bio4you.eu\/retseptid\/toode\/nuudlid-kookose-basiiliku-pestoga\/"]}]},{"@type":"ImageObject","inLanguage":"et","@id":"https:\/\/bio4you.eu\/retseptid\/toode\/nuudlid-kookose-basiiliku-pestoga\/#primaryimage","url":"https:\/\/bio4you.eu\/retseptid\/wp-content\/uploads\/2025\/07\/Screenshot-2025-07-07-at-20.00.00.png","contentUrl":"https:\/\/bio4you.eu\/retseptid\/wp-content\/uploads\/2025\/07\/Screenshot-2025-07-07-at-20.00.00.png","width":1262,"height":886,"caption":"Kergelt eksootiline nuudliroog, mis \u00fchendab endas kookose, basiiliku ja suvik\u00f5rvitsa \u2013 ideaalne vegan \u00f5htus\u00f6\u00f6k igaks p\u00e4evaks."},{"@type":"BreadcrumbList","@id":"https:\/\/bio4you.eu\/retseptid\/toode\/nuudlid-kookose-basiiliku-pestoga\/#breadcrumb","itemListElement":[{"@type":"ListItem","position":1,"name":"Home","item":"https:\/\/bio4you.eu\/retseptid\/"},{"@type":"ListItem","position":2,"name":"Nuudlid kookose-basiiliku pestoga"}]},{"@type":"WebSite","@id":"https:\/\/bio4you.eu\/retseptid\/#website","url":"https:\/\/bio4you.eu\/retseptid\/","name":"bio4you.eu\/retseptid","description":"\u00d6ko retseptid ise tegemiseks, looduslikest koostisainetest. Maitsev toit, iluhooldus, kodupuhastus ja aiandus.","potentialAction":[{"@type":"SearchAction","target":{"@type":"EntryPoint","urlTemplate":"https:\/\/bio4you.eu\/retseptid\/?s={search_term_string}"},"query-input":"required name=search_term_string"}],"inLanguage":"et"}]}},"_links":{"self":[{"href":"https:\/\/bio4you.eu\/retseptid\/wp-json\/wp\/v2\/product\/4418"}],"collection":[{"href":"https:\/\/bio4you.eu\/retseptid\/wp-json\/wp\/v2\/product"}],"about":[{"href":"https:\/\/bio4you.eu\/retseptid\/wp-json\/wp\/v2\/types\/product"}],"replies":[{"embeddable":true,"href":"https:\/\/bio4you.eu\/retseptid\/wp-json\/wp\/v2\/comments?post=4418"}],"wp:featuredmedia":[{"embeddable":true,"href":"https:\/\/bio4you.eu\/retseptid\/wp-json\/wp\/v2\/media\/4419"}],"wp:attachment":[{"href":"https:\/\/bio4you.eu\/retseptid\/wp-json\/wp\/v2\/media?parent=4418"}],"wp:term":[{"taxonomy":"product_cat","embeddable":true,"href":"https:\/\/bio4you.eu\/retseptid\/wp-json\/wp\/v2\/product_cat?post=4418"},{"taxonomy":"product_tag","embeddable":true,"href":"https:\/\/bio4you.eu\/retseptid\/wp-json\/wp\/v2\/product_tag?post=4418"}],"curies":[{"name":"wp","href":"https:\/\/api.w.org\/{rel}","templated":true}]}}