{"id":4425,"date":"2025-08-28T08:00:05","date_gmt":"2025-08-28T05:00:05","guid":{"rendered":"https:\/\/bio4you.eu\/retseptid\/?post_type=product&#038;p=4425"},"modified":"2025-07-20T17:54:37","modified_gmt":"2025-07-20T14:54:37","slug":"maasika-cheesecake-braunid","status":"publish","type":"product","link":"https:\/\/bio4you.eu\/retseptid\/toode\/maasika-cheesecake-braunid\/","title":{"rendered":"Maasika-juustukoogi braunid"},"content":{"rendered":"<p>Valmistamine:<\/p>\n<ol>\n<li>Puhasta maasikad, l\u00f5ika v\u00e4ikesteks t\u00fckkideks ning pane koos \u00fclej\u00e4\u00e4nud katteainetega potti. Keeda keskmisel kuumusel 35-40 minutit, kuni saad moosilaadse segu. Jahuta t\u00e4ielikult.<\/li>\n<li>Kuumuta ahi 180 \u00b0C-ni (\u00fclemine\/alumine kuumus). Kata brownie-vormi (v\u00f5i lahtik\u00e4iva koogivormi, \u00f8 25 cm) p\u00f5hi k\u00fcpsetuspaberiga.<\/li>\n<li>Sega brownie-segu, v\u00f5i, muna ja piim \u00fchtlaseks tainaks. Eraldi kausis sega kohupiim ja muna juustukoogikihiks.<\/li>\n<li>Vala brownie-tainas vormi ja silu pind. T\u00f5sta lusikaga peale juustukoogikiht, sellele t\u00e4ppidena maasikakate. Sega kihte kergelt kahvliga, et tekiks kaunis marmorjas muster.<\/li>\n<li>K\u00fcpseta 40 minutit ning lase enne lahtil\u00f5ikamist t\u00e4ielikult jahtuda.<\/li>\n<\/ol>\n<p>Nipp:<br \/>\nSoovi korral v\u00f5id kasutada maasikate asemel vaarikaid!<\/p>\n","protected":false},"excerpt":{"rendered":"<p data-start=\"202\" data-end=\"213\">Vaja l\u00e4heb:<\/p>\n<p data-start=\"215\" data-end=\"327\">Brownie-kihi jaoks:<\/p>\n<ul>\n<li data-start=\"215\" data-end=\"327\">1 pakk <a href=\"https:\/\/bio4you.eu\/et\/bio-toit\/kuivained-ja-idandamine\/gluteenivaba-juustukoogi-brownie-jahusegu-350g\">Bauck M\u00fchle gluteenivaba juustukoogi brownie jahusegu<\/a><\/li>\n<li data-start=\"215\" data-end=\"327\">125g toasooja v\u00f5id<\/li>\n<li data-start=\"215\" data-end=\"327\">1 muna<\/li>\n<li data-start=\"215\" data-end=\"327\">100ml piima<\/li>\n<\/ul>\n<p data-start=\"329\" data-end=\"394\">Juustukoogikihi jaoks:<\/p>\n<ul>\n<li data-start=\"329\" data-end=\"394\">250g maitsestamata kohupiima<\/li>\n<li data-start=\"329\" data-end=\"394\">1 muna<\/li>\n<\/ul>\n<p data-start=\"396\" data-end=\"504\">Maasikakatte jaoks:<\/p>\n<ul>\n<li data-start=\"396\" data-end=\"504\">250g v\u00e4rskeid maasikaid<\/li>\n<li data-start=\"396\" data-end=\"504\">1tl vanilliekstrakti<\/li>\n<li data-start=\"396\" data-end=\"504\">1sl sidrunimahla<\/li>\n<li data-start=\"396\" data-end=\"504\">100g suhkrut<\/li>\n<\/ul>\n","protected":false},"featured_media":4426,"comment_status":"open","ping_status":"closed","template":"","meta":{"_exactmetrics_skip_tracking":false,"_exactmetrics_sitenote_active":false,"_exactmetrics_sitenote_note":"","_exactmetrics_sitenote_category":0},"product_cat":[59,60,63,280],"product_tag":[662,677,675,676,674,571],"class_list":{"0":"post-4425","1":"product","2":"type-product","3":"status-publish","4":"has-post-thumbnail","6":"product_cat-featured","7":"product_cat-toiduretseptid","8":"product_cat-gluteenivabad-retseptid","9":"product_cat-koogid-ja-kupsised","10":"product_tag-bauck-muhle-retsept","11":"product_tag-brownie-retsept","12":"product_tag-gluteenivabad-braunid","13":"product_tag-juustukoogibraunid","14":"product_tag-maasika-cheesecake-braunid","15":"product_tag-suvine-magustoit","17":"first","18":"instock","19":"shipping-taxable","20":"product-type-simple"},"yoast_head":"<!-- This site is optimized with the Yoast SEO plugin v23.3 - https:\/\/yoast.com\/wordpress\/plugins\/seo\/ -->\n<title>Maasika-juustukoogi braunid - bio4you.eu\/retseptid<\/title>\n<meta name=\"description\" content=\"Gluteenivabad maasika-juustukoogi braunid - suvine k\u00fcpsetis, mis \u00fchendab \u0161okolaadi, juustukoogi ja marjad \u00fcheks h\u00f5rguks ampsuks. Vaata retsepti!\" \/>\n<meta name=\"robots\" content=\"index, follow, max-snippet:-1, max-image-preview:large, max-video-preview:-1\" \/>\n<link rel=\"canonical\" href=\"https:\/\/bio4you.eu\/retseptid\/toode\/maasika-cheesecake-braunid\/\" \/>\n<meta property=\"og:locale\" content=\"et_EE\" \/>\n<meta property=\"og:type\" content=\"article\" \/>\n<meta property=\"og:title\" content=\"Maasika-cheesecake-braunid \u2013 suvine brownie Bio4You valikust\" \/>\n<meta property=\"og:description\" content=\"\u0160okolaadi, kohupiima ja v\u00e4rske maasika kooslus \u00fche ampsuga! Proovi gluteenivabu maasika-cheesecake-braunisid \u2013 retsept veebis.\" \/>\n<meta property=\"og:url\" content=\"https:\/\/bio4you.eu\/retseptid\/toode\/maasika-cheesecake-braunid\/\" \/>\n<meta property=\"og:site_name\" content=\"bio4you.eu\/retseptid\" \/>\n<meta property=\"article:modified_time\" content=\"2025-07-20T14:54:37+00:00\" \/>\n<meta property=\"og:image\" content=\"https:\/\/bio4you.eu\/retseptid\/wp-content\/uploads\/2025\/07\/csm_Strawberry_cheesecake_Brownies_Cheesecake_Brownies_650x450_4871e14628.webp\" \/>\n\t<meta property=\"og:image:width\" content=\"650\" \/>\n\t<meta property=\"og:image:height\" content=\"433\" \/>\n\t<meta property=\"og:image:type\" content=\"image\/webp\" \/>\n<meta name=\"twitter:label1\" content=\"Est. reading time\" \/>\n\t<meta name=\"twitter:data1\" content=\"1 minut\" \/>\n<script type=\"application\/ld+json\" class=\"yoast-schema-graph\">{\"@context\":\"https:\/\/schema.org\",\"@graph\":[{\"@type\":\"WebPage\",\"@id\":\"https:\/\/bio4you.eu\/retseptid\/toode\/maasika-cheesecake-braunid\/\",\"url\":\"https:\/\/bio4you.eu\/retseptid\/toode\/maasika-cheesecake-braunid\/\",\"name\":\"Maasika-juustukoogi braunid - bio4you.eu\/retseptid\",\"isPartOf\":{\"@id\":\"https:\/\/bio4you.eu\/retseptid\/#website\"},\"primaryImageOfPage\":{\"@id\":\"https:\/\/bio4you.eu\/retseptid\/toode\/maasika-cheesecake-braunid\/#primaryimage\"},\"image\":{\"@id\":\"https:\/\/bio4you.eu\/retseptid\/toode\/maasika-cheesecake-braunid\/#primaryimage\"},\"thumbnailUrl\":\"https:\/\/bio4you.eu\/retseptid\/wp-content\/uploads\/2025\/07\/csm_Strawberry_cheesecake_Brownies_Cheesecake_Brownies_650x450_4871e14628.webp\",\"datePublished\":\"2025-08-28T05:00:05+00:00\",\"dateModified\":\"2025-07-20T14:54:37+00:00\",\"description\":\"Gluteenivabad maasika-juustukoogi braunid - suvine k\u00fcpsetis, mis \u00fchendab \u0161okolaadi, juustukoogi ja marjad \u00fcheks h\u00f5rguks ampsuks. Vaata retsepti!\",\"breadcrumb\":{\"@id\":\"https:\/\/bio4you.eu\/retseptid\/toode\/maasika-cheesecake-braunid\/#breadcrumb\"},\"inLanguage\":\"et\",\"potentialAction\":[{\"@type\":\"ReadAction\",\"target\":[\"https:\/\/bio4you.eu\/retseptid\/toode\/maasika-cheesecake-braunid\/\"]}]},{\"@type\":\"ImageObject\",\"inLanguage\":\"et\",\"@id\":\"https:\/\/bio4you.eu\/retseptid\/toode\/maasika-cheesecake-braunid\/#primaryimage\",\"url\":\"https:\/\/bio4you.eu\/retseptid\/wp-content\/uploads\/2025\/07\/csm_Strawberry_cheesecake_Brownies_Cheesecake_Brownies_650x450_4871e14628.webp\",\"contentUrl\":\"https:\/\/bio4you.eu\/retseptid\/wp-content\/uploads\/2025\/07\/csm_Strawberry_cheesecake_Brownies_Cheesecake_Brownies_650x450_4871e14628.webp\",\"width\":650,\"height\":433,\"caption\":\"Maasika-cheesecake-braunid \u00fchendavad \u0161okolaadi, kreemja kohupiimu ja v\u00e4rsked marjad \u00fches suvises ampsus.\"},{\"@type\":\"BreadcrumbList\",\"@id\":\"https:\/\/bio4you.eu\/retseptid\/toode\/maasika-cheesecake-braunid\/#breadcrumb\",\"itemListElement\":[{\"@type\":\"ListItem\",\"position\":1,\"name\":\"Home\",\"item\":\"https:\/\/bio4you.eu\/retseptid\/\"},{\"@type\":\"ListItem\",\"position\":2,\"name\":\"Maasika-juustukoogi braunid\"}]},{\"@type\":\"WebSite\",\"@id\":\"https:\/\/bio4you.eu\/retseptid\/#website\",\"url\":\"https:\/\/bio4you.eu\/retseptid\/\",\"name\":\"bio4you.eu\/retseptid\",\"description\":\"\u00d6ko retseptid ise tegemiseks, looduslikest koostisainetest. Maitsev toit, iluhooldus, kodupuhastus ja aiandus.\",\"potentialAction\":[{\"@type\":\"SearchAction\",\"target\":{\"@type\":\"EntryPoint\",\"urlTemplate\":\"https:\/\/bio4you.eu\/retseptid\/?s={search_term_string}\"},\"query-input\":\"required name=search_term_string\"}],\"inLanguage\":\"et\"}]}<\/script>\n<!-- \/ Yoast SEO plugin. -->","yoast_head_json":{"title":"Maasika-juustukoogi braunid - bio4you.eu\/retseptid","description":"Gluteenivabad maasika-juustukoogi braunid - suvine k\u00fcpsetis, mis \u00fchendab \u0161okolaadi, juustukoogi ja marjad \u00fcheks h\u00f5rguks ampsuks. Vaata retsepti!","robots":{"index":"index","follow":"follow","max-snippet":"max-snippet:-1","max-image-preview":"max-image-preview:large","max-video-preview":"max-video-preview:-1"},"canonical":"https:\/\/bio4you.eu\/retseptid\/toode\/maasika-cheesecake-braunid\/","og_locale":"et_EE","og_type":"article","og_title":"Maasika-cheesecake-braunid \u2013 suvine brownie Bio4You valikust","og_description":"\u0160okolaadi, kohupiima ja v\u00e4rske maasika kooslus \u00fche ampsuga! Proovi gluteenivabu maasika-cheesecake-braunisid \u2013 retsept veebis.","og_url":"https:\/\/bio4you.eu\/retseptid\/toode\/maasika-cheesecake-braunid\/","og_site_name":"bio4you.eu\/retseptid","article_modified_time":"2025-07-20T14:54:37+00:00","og_image":[{"width":650,"height":433,"url":"https:\/\/bio4you.eu\/retseptid\/wp-content\/uploads\/2025\/07\/csm_Strawberry_cheesecake_Brownies_Cheesecake_Brownies_650x450_4871e14628.webp","type":"image\/webp"}],"twitter_misc":{"Est. reading time":"1 minut"},"schema":{"@context":"https:\/\/schema.org","@graph":[{"@type":"WebPage","@id":"https:\/\/bio4you.eu\/retseptid\/toode\/maasika-cheesecake-braunid\/","url":"https:\/\/bio4you.eu\/retseptid\/toode\/maasika-cheesecake-braunid\/","name":"Maasika-juustukoogi braunid - bio4you.eu\/retseptid","isPartOf":{"@id":"https:\/\/bio4you.eu\/retseptid\/#website"},"primaryImageOfPage":{"@id":"https:\/\/bio4you.eu\/retseptid\/toode\/maasika-cheesecake-braunid\/#primaryimage"},"image":{"@id":"https:\/\/bio4you.eu\/retseptid\/toode\/maasika-cheesecake-braunid\/#primaryimage"},"thumbnailUrl":"https:\/\/bio4you.eu\/retseptid\/wp-content\/uploads\/2025\/07\/csm_Strawberry_cheesecake_Brownies_Cheesecake_Brownies_650x450_4871e14628.webp","datePublished":"2025-08-28T05:00:05+00:00","dateModified":"2025-07-20T14:54:37+00:00","description":"Gluteenivabad maasika-juustukoogi braunid - suvine k\u00fcpsetis, mis \u00fchendab \u0161okolaadi, juustukoogi ja marjad \u00fcheks h\u00f5rguks ampsuks. Vaata retsepti!","breadcrumb":{"@id":"https:\/\/bio4you.eu\/retseptid\/toode\/maasika-cheesecake-braunid\/#breadcrumb"},"inLanguage":"et","potentialAction":[{"@type":"ReadAction","target":["https:\/\/bio4you.eu\/retseptid\/toode\/maasika-cheesecake-braunid\/"]}]},{"@type":"ImageObject","inLanguage":"et","@id":"https:\/\/bio4you.eu\/retseptid\/toode\/maasika-cheesecake-braunid\/#primaryimage","url":"https:\/\/bio4you.eu\/retseptid\/wp-content\/uploads\/2025\/07\/csm_Strawberry_cheesecake_Brownies_Cheesecake_Brownies_650x450_4871e14628.webp","contentUrl":"https:\/\/bio4you.eu\/retseptid\/wp-content\/uploads\/2025\/07\/csm_Strawberry_cheesecake_Brownies_Cheesecake_Brownies_650x450_4871e14628.webp","width":650,"height":433,"caption":"Maasika-cheesecake-braunid \u00fchendavad \u0161okolaadi, kreemja kohupiimu ja v\u00e4rsked marjad \u00fches suvises ampsus."},{"@type":"BreadcrumbList","@id":"https:\/\/bio4you.eu\/retseptid\/toode\/maasika-cheesecake-braunid\/#breadcrumb","itemListElement":[{"@type":"ListItem","position":1,"name":"Home","item":"https:\/\/bio4you.eu\/retseptid\/"},{"@type":"ListItem","position":2,"name":"Maasika-juustukoogi braunid"}]},{"@type":"WebSite","@id":"https:\/\/bio4you.eu\/retseptid\/#website","url":"https:\/\/bio4you.eu\/retseptid\/","name":"bio4you.eu\/retseptid","description":"\u00d6ko retseptid ise tegemiseks, looduslikest koostisainetest. Maitsev toit, iluhooldus, kodupuhastus ja aiandus.","potentialAction":[{"@type":"SearchAction","target":{"@type":"EntryPoint","urlTemplate":"https:\/\/bio4you.eu\/retseptid\/?s={search_term_string}"},"query-input":"required name=search_term_string"}],"inLanguage":"et"}]}},"_links":{"self":[{"href":"https:\/\/bio4you.eu\/retseptid\/wp-json\/wp\/v2\/product\/4425"}],"collection":[{"href":"https:\/\/bio4you.eu\/retseptid\/wp-json\/wp\/v2\/product"}],"about":[{"href":"https:\/\/bio4you.eu\/retseptid\/wp-json\/wp\/v2\/types\/product"}],"replies":[{"embeddable":true,"href":"https:\/\/bio4you.eu\/retseptid\/wp-json\/wp\/v2\/comments?post=4425"}],"wp:featuredmedia":[{"embeddable":true,"href":"https:\/\/bio4you.eu\/retseptid\/wp-json\/wp\/v2\/media\/4426"}],"wp:attachment":[{"href":"https:\/\/bio4you.eu\/retseptid\/wp-json\/wp\/v2\/media?parent=4425"}],"wp:term":[{"taxonomy":"product_cat","embeddable":true,"href":"https:\/\/bio4you.eu\/retseptid\/wp-json\/wp\/v2\/product_cat?post=4425"},{"taxonomy":"product_tag","embeddable":true,"href":"https:\/\/bio4you.eu\/retseptid\/wp-json\/wp\/v2\/product_tag?post=4425"}],"curies":[{"name":"wp","href":"https:\/\/api.w.org\/{rel}","templated":true}]}}