{"id":4430,"date":"2025-09-04T08:17:59","date_gmt":"2025-09-04T05:17:59","guid":{"rendered":"https:\/\/bio4you.eu\/retseptid\/?post_type=product&#038;p=4430"},"modified":"2025-08-10T13:22:32","modified_gmt":"2025-08-10T10:22:32","slug":"kihiline-magustoit-ounakastme-ja-kaeramusliga","status":"publish","type":"product","link":"https:\/\/bio4you.eu\/retseptid\/toode\/kihiline-magustoit-ounakastme-ja-kaeramusliga\/","title":{"rendered":"Kihiline magustoit \u00f5unakastme ja kaeram\u00fcsliga"},"content":{"rendered":"<p><span style=\"font-weight: 400;\">Valmistamine:<\/span><\/p>\n<ol>\n<li><span style=\"font-weight: 400;\">Vahusta vahukoor kohevaks. Lisa jogurt, pruun suhkur, vanill ja hapukoor ning sega \u00f5rnalt \u00fchtlaseks kreemiks.<\/span><\/li>\n<li><span style=\"font-weight: 400;\">Jaga umbes 4sl kaeram\u00fcslit kahe magustoidupokaali p\u00f5hja. Lisa peale kiht \u00f5unakastet ja seej\u00e4rel kiht kreemi.<\/span><\/li>\n<li><span style=\"font-weight: 400;\">Korda kihtide ladumist: m\u00fcsli &#8211; \u00f5unakaste &#8211; kreem.<\/span><\/li>\n<li><span style=\"font-weight: 400;\">L\u00f5peta magustoit kreemikihi ja m\u00fcsliga.<\/span><\/li>\n<li><span style=\"font-weight: 400;\">Serveeri kohe v\u00f5i hoia k\u00fclmkapis kuni serveerimiseni.<\/span><\/li>\n<\/ol>\n<p><span style=\"font-weight: 400;\">Vegan versioon: asenda k\u00f5ik piimatooted taimsete alternatiividega, n\u00e4iteks kookos- v\u00f5i mandlip\u00f5hised variandid.<\/span><\/p>\n<p>&nbsp;<\/p>\n","protected":false},"excerpt":{"rendered":"<p><span style=\"font-weight: 400;\">Vaja l\u00e4heb:<\/span><\/p>\n<ul>\n<li><span style=\"font-weight: 400;\">8-10sl <a href=\"https:\/\/bio4you.eu\/et\/bio-toit\/mueslid-snaekid-ja-desserdid\/helbed-ja-muslid\/gluteenivaba-kaeramuesli-sokolaadiga-425g\">Bauck Hof gluteenivaba kaeram\u00fcsli \u0161okolaadiga<\/a><\/span><\/li>\n<li><span style=\"font-weight: 400;\">50ml vahukoort (vegan variandis taimne vahukoor)<\/span><\/li>\n<li><span style=\"font-weight: 400;\">80g jogurtit (v\u00f5i taimset jogurtit)<\/span><\/li>\n<li><span style=\"font-weight: 400;\">50g hapukoort (v\u00f5i taimset hapukoort)<\/span><\/li>\n<li><span style=\"font-weight: 400;\">N\u00e4puotsat\u00e4is bourboni vanilli (nt, <a href=\"https:\/\/bio4you.eu\/et\/bio-toit\/biotoit-maitseained-ja-magustajad\/bourbon-vanilje-ekstrakt-20ml\">Biovegan Bourbon vanilje ekstrakt, 20ml<\/a>)<\/span><\/li>\n<li><span style=\"font-weight: 400;\">1sl pruun suhkur<\/span><\/li>\n<li><span style=\"font-weight: 400;\">250g \u00f5unakastet<\/span><\/li>\n<\/ul>\n","protected":false},"featured_media":4431,"comment_status":"open","ping_status":"closed","template":"","meta":{"_exactmetrics_skip_tracking":false,"_exactmetrics_sitenote_active":false,"_exactmetrics_sitenote_note":"","_exactmetrics_sitenote_category":0},"product_cat":[59,60,63,383],"product_tag":[150,680,561,678,679,681,424],"class_list":{"0":"post-4430","1":"product","2":"type-product","3":"status-publish","4":"has-post-thumbnail","6":"product_cat-featured","7":"product_cat-toiduretseptid","8":"product_cat-gluteenivabad-retseptid","9":"product_cat-taimetoit","10":"product_tag-gluteenivaba-2","11":"product_tag-gluteenivaba-kihiline-magustoit","12":"product_tag-gluteenivaba-magustoit","13":"product_tag-kaerakrobedik","14":"product_tag-kihiline-magustoit","15":"product_tag-ouna-magustoit","16":"product_tag-vahepala","18":"first","19":"instock","20":"shipping-taxable","21":"product-type-simple"},"yoast_head":"<!-- This site is optimized with the Yoast SEO plugin v23.3 - https:\/\/yoast.com\/wordpress\/plugins\/seo\/ -->\n<title>Kihiline magustoit \u00f5unakastme ja kaeram\u00fcsliga - bio4you.eu\/retseptid<\/title>\n<meta name=\"description\" content=\"Proovi kerget ja maitsvat kihilist magustoitu \u00f5unakastme ja kr\u00f5beda kaeram\u00fcsliga. Valmistamine v\u00f5tab vaid 20 minutit! Sobib nii tava- kui veganversioonina.\" \/>\n<meta name=\"robots\" content=\"index, follow, max-snippet:-1, max-image-preview:large, max-video-preview:-1\" \/>\n<link rel=\"canonical\" href=\"https:\/\/bio4you.eu\/retseptid\/toode\/kihiline-magustoit-ounakastme-ja-kaeramusliga\/\" \/>\n<meta property=\"og:locale\" content=\"et_EE\" \/>\n<meta property=\"og:type\" content=\"article\" \/>\n<meta property=\"og:title\" content=\"Kihiline magustoit \u00f5unakastme ja kaeram\u00fcsliga\" \/>\n<meta property=\"og:description\" content=\"20 minutiga valmis \u2013 magustoit, kus kohtuvad kr\u00f5be kaeram\u00fcsli, mahe \u00f5unakaste ja siidine kreem. Lihtne, ilus ja maitsev!\" \/>\n<meta property=\"og:url\" content=\"https:\/\/bio4you.eu\/retseptid\/toode\/kihiline-magustoit-ounakastme-ja-kaeramusliga\/\" \/>\n<meta property=\"og:site_name\" content=\"bio4you.eu\/retseptid\" \/>\n<meta property=\"article:modified_time\" content=\"2025-08-10T10:22:32+00:00\" \/>\n<meta property=\"og:image\" content=\"https:\/\/bio4you.eu\/retseptid\/wp-content\/uploads\/2025\/08\/Screenshot-2025-08-10-at-11.29.40.png\" \/>\n\t<meta property=\"og:image:width\" content=\"1012\" \/>\n\t<meta property=\"og:image:height\" content=\"674\" \/>\n\t<meta property=\"og:image:type\" content=\"image\/png\" \/>\n<meta name=\"twitter:label1\" content=\"Est. reading time\" \/>\n\t<meta name=\"twitter:data1\" content=\"1 minut\" \/>\n<script type=\"application\/ld+json\" class=\"yoast-schema-graph\">{\"@context\":\"https:\/\/schema.org\",\"@graph\":[{\"@type\":\"WebPage\",\"@id\":\"https:\/\/bio4you.eu\/retseptid\/toode\/kihiline-magustoit-ounakastme-ja-kaeramusliga\/\",\"url\":\"https:\/\/bio4you.eu\/retseptid\/toode\/kihiline-magustoit-ounakastme-ja-kaeramusliga\/\",\"name\":\"Kihiline magustoit \u00f5unakastme ja kaeram\u00fcsliga - bio4you.eu\/retseptid\",\"isPartOf\":{\"@id\":\"https:\/\/bio4you.eu\/retseptid\/#website\"},\"primaryImageOfPage\":{\"@id\":\"https:\/\/bio4you.eu\/retseptid\/toode\/kihiline-magustoit-ounakastme-ja-kaeramusliga\/#primaryimage\"},\"image\":{\"@id\":\"https:\/\/bio4you.eu\/retseptid\/toode\/kihiline-magustoit-ounakastme-ja-kaeramusliga\/#primaryimage\"},\"thumbnailUrl\":\"https:\/\/bio4you.eu\/retseptid\/wp-content\/uploads\/2025\/08\/Screenshot-2025-08-10-at-11.29.40.png\",\"datePublished\":\"2025-09-04T05:17:59+00:00\",\"dateModified\":\"2025-08-10T10:22:32+00:00\",\"description\":\"Proovi kerget ja maitsvat kihilist magustoitu \u00f5unakastme ja kr\u00f5beda kaeram\u00fcsliga. Valmistamine v\u00f5tab vaid 20 minutit! Sobib nii tava- kui veganversioonina.\",\"breadcrumb\":{\"@id\":\"https:\/\/bio4you.eu\/retseptid\/toode\/kihiline-magustoit-ounakastme-ja-kaeramusliga\/#breadcrumb\"},\"inLanguage\":\"et\",\"potentialAction\":[{\"@type\":\"ReadAction\",\"target\":[\"https:\/\/bio4you.eu\/retseptid\/toode\/kihiline-magustoit-ounakastme-ja-kaeramusliga\/\"]}]},{\"@type\":\"ImageObject\",\"inLanguage\":\"et\",\"@id\":\"https:\/\/bio4you.eu\/retseptid\/toode\/kihiline-magustoit-ounakastme-ja-kaeramusliga\/#primaryimage\",\"url\":\"https:\/\/bio4you.eu\/retseptid\/wp-content\/uploads\/2025\/08\/Screenshot-2025-08-10-at-11.29.40.png\",\"contentUrl\":\"https:\/\/bio4you.eu\/retseptid\/wp-content\/uploads\/2025\/08\/Screenshot-2025-08-10-at-11.29.40.png\",\"width\":1012,\"height\":674,\"caption\":\"Klaasides serveeritud kihiline magustoit, milles on kaeram\u00fcsli, \u00f5unakaste ja kreem\"},{\"@type\":\"BreadcrumbList\",\"@id\":\"https:\/\/bio4you.eu\/retseptid\/toode\/kihiline-magustoit-ounakastme-ja-kaeramusliga\/#breadcrumb\",\"itemListElement\":[{\"@type\":\"ListItem\",\"position\":1,\"name\":\"Home\",\"item\":\"https:\/\/bio4you.eu\/retseptid\/\"},{\"@type\":\"ListItem\",\"position\":2,\"name\":\"Kihiline magustoit \u00f5unakastme ja kaeram\u00fcsliga\"}]},{\"@type\":\"WebSite\",\"@id\":\"https:\/\/bio4you.eu\/retseptid\/#website\",\"url\":\"https:\/\/bio4you.eu\/retseptid\/\",\"name\":\"bio4you.eu\/retseptid\",\"description\":\"\u00d6ko retseptid ise tegemiseks, looduslikest koostisainetest. Maitsev toit, iluhooldus, kodupuhastus ja aiandus.\",\"potentialAction\":[{\"@type\":\"SearchAction\",\"target\":{\"@type\":\"EntryPoint\",\"urlTemplate\":\"https:\/\/bio4you.eu\/retseptid\/?s={search_term_string}\"},\"query-input\":\"required name=search_term_string\"}],\"inLanguage\":\"et\"}]}<\/script>\n<!-- \/ Yoast SEO plugin. -->","yoast_head_json":{"title":"Kihiline magustoit \u00f5unakastme ja kaeram\u00fcsliga - bio4you.eu\/retseptid","description":"Proovi kerget ja maitsvat kihilist magustoitu \u00f5unakastme ja kr\u00f5beda kaeram\u00fcsliga. Valmistamine v\u00f5tab vaid 20 minutit! Sobib nii tava- kui veganversioonina.","robots":{"index":"index","follow":"follow","max-snippet":"max-snippet:-1","max-image-preview":"max-image-preview:large","max-video-preview":"max-video-preview:-1"},"canonical":"https:\/\/bio4you.eu\/retseptid\/toode\/kihiline-magustoit-ounakastme-ja-kaeramusliga\/","og_locale":"et_EE","og_type":"article","og_title":"Kihiline magustoit \u00f5unakastme ja kaeram\u00fcsliga","og_description":"20 minutiga valmis \u2013 magustoit, kus kohtuvad kr\u00f5be kaeram\u00fcsli, mahe \u00f5unakaste ja siidine kreem. Lihtne, ilus ja maitsev!","og_url":"https:\/\/bio4you.eu\/retseptid\/toode\/kihiline-magustoit-ounakastme-ja-kaeramusliga\/","og_site_name":"bio4you.eu\/retseptid","article_modified_time":"2025-08-10T10:22:32+00:00","og_image":[{"width":1012,"height":674,"url":"https:\/\/bio4you.eu\/retseptid\/wp-content\/uploads\/2025\/08\/Screenshot-2025-08-10-at-11.29.40.png","type":"image\/png"}],"twitter_misc":{"Est. reading time":"1 minut"},"schema":{"@context":"https:\/\/schema.org","@graph":[{"@type":"WebPage","@id":"https:\/\/bio4you.eu\/retseptid\/toode\/kihiline-magustoit-ounakastme-ja-kaeramusliga\/","url":"https:\/\/bio4you.eu\/retseptid\/toode\/kihiline-magustoit-ounakastme-ja-kaeramusliga\/","name":"Kihiline magustoit \u00f5unakastme ja kaeram\u00fcsliga - bio4you.eu\/retseptid","isPartOf":{"@id":"https:\/\/bio4you.eu\/retseptid\/#website"},"primaryImageOfPage":{"@id":"https:\/\/bio4you.eu\/retseptid\/toode\/kihiline-magustoit-ounakastme-ja-kaeramusliga\/#primaryimage"},"image":{"@id":"https:\/\/bio4you.eu\/retseptid\/toode\/kihiline-magustoit-ounakastme-ja-kaeramusliga\/#primaryimage"},"thumbnailUrl":"https:\/\/bio4you.eu\/retseptid\/wp-content\/uploads\/2025\/08\/Screenshot-2025-08-10-at-11.29.40.png","datePublished":"2025-09-04T05:17:59+00:00","dateModified":"2025-08-10T10:22:32+00:00","description":"Proovi kerget ja maitsvat kihilist magustoitu \u00f5unakastme ja kr\u00f5beda kaeram\u00fcsliga. Valmistamine v\u00f5tab vaid 20 minutit! Sobib nii tava- kui veganversioonina.","breadcrumb":{"@id":"https:\/\/bio4you.eu\/retseptid\/toode\/kihiline-magustoit-ounakastme-ja-kaeramusliga\/#breadcrumb"},"inLanguage":"et","potentialAction":[{"@type":"ReadAction","target":["https:\/\/bio4you.eu\/retseptid\/toode\/kihiline-magustoit-ounakastme-ja-kaeramusliga\/"]}]},{"@type":"ImageObject","inLanguage":"et","@id":"https:\/\/bio4you.eu\/retseptid\/toode\/kihiline-magustoit-ounakastme-ja-kaeramusliga\/#primaryimage","url":"https:\/\/bio4you.eu\/retseptid\/wp-content\/uploads\/2025\/08\/Screenshot-2025-08-10-at-11.29.40.png","contentUrl":"https:\/\/bio4you.eu\/retseptid\/wp-content\/uploads\/2025\/08\/Screenshot-2025-08-10-at-11.29.40.png","width":1012,"height":674,"caption":"Klaasides serveeritud kihiline magustoit, milles on kaeram\u00fcsli, \u00f5unakaste ja kreem"},{"@type":"BreadcrumbList","@id":"https:\/\/bio4you.eu\/retseptid\/toode\/kihiline-magustoit-ounakastme-ja-kaeramusliga\/#breadcrumb","itemListElement":[{"@type":"ListItem","position":1,"name":"Home","item":"https:\/\/bio4you.eu\/retseptid\/"},{"@type":"ListItem","position":2,"name":"Kihiline magustoit \u00f5unakastme ja kaeram\u00fcsliga"}]},{"@type":"WebSite","@id":"https:\/\/bio4you.eu\/retseptid\/#website","url":"https:\/\/bio4you.eu\/retseptid\/","name":"bio4you.eu\/retseptid","description":"\u00d6ko retseptid ise tegemiseks, looduslikest koostisainetest. Maitsev toit, iluhooldus, kodupuhastus ja aiandus.","potentialAction":[{"@type":"SearchAction","target":{"@type":"EntryPoint","urlTemplate":"https:\/\/bio4you.eu\/retseptid\/?s={search_term_string}"},"query-input":"required name=search_term_string"}],"inLanguage":"et"}]}},"_links":{"self":[{"href":"https:\/\/bio4you.eu\/retseptid\/wp-json\/wp\/v2\/product\/4430"}],"collection":[{"href":"https:\/\/bio4you.eu\/retseptid\/wp-json\/wp\/v2\/product"}],"about":[{"href":"https:\/\/bio4you.eu\/retseptid\/wp-json\/wp\/v2\/types\/product"}],"replies":[{"embeddable":true,"href":"https:\/\/bio4you.eu\/retseptid\/wp-json\/wp\/v2\/comments?post=4430"}],"wp:featuredmedia":[{"embeddable":true,"href":"https:\/\/bio4you.eu\/retseptid\/wp-json\/wp\/v2\/media\/4431"}],"wp:attachment":[{"href":"https:\/\/bio4you.eu\/retseptid\/wp-json\/wp\/v2\/media?parent=4430"}],"wp:term":[{"taxonomy":"product_cat","embeddable":true,"href":"https:\/\/bio4you.eu\/retseptid\/wp-json\/wp\/v2\/product_cat?post=4430"},{"taxonomy":"product_tag","embeddable":true,"href":"https:\/\/bio4you.eu\/retseptid\/wp-json\/wp\/v2\/product_tag?post=4430"}],"curies":[{"name":"wp","href":"https:\/\/api.w.org\/{rel}","templated":true}]}}