{"id":4436,"date":"2025-09-14T07:22:36","date_gmt":"2025-09-14T04:22:36","guid":{"rendered":"https:\/\/bio4you.eu\/retseptid\/?post_type=product&#038;p=4436"},"modified":"2025-08-10T13:35:26","modified_gmt":"2025-08-10T10:35:26","slug":"gluteenivabad-korvitsa-juustukoogi-brownied","status":"publish","type":"product","link":"https:\/\/bio4you.eu\/retseptid\/toode\/gluteenivabad-korvitsa-juustukoogi-brownied\/","title":{"rendered":"Gluteenivabad k\u00f5rvitsa-juustukoogi brownied"},"content":{"rendered":"<p><span style=\"font-weight: 400;\">Valmistamine:<\/span><\/p>\n<ol>\n<li><span style=\"font-weight: 400;\">Valmista k\u00f5rvitsap\u00fcree: l\u00f5ika Hokkaido k\u00f5rvits pooleks, eemalda seemned, t\u00fckelda v\u00e4ikesteks kuubikuteks. Pane v\u00e4ikesesse potti, lisa vesi ja keeda u 20 min, kuni viljaliha on pehme.<\/span><\/li>\n<li><span style=\"font-weight: 400;\">P\u00fcreesta k\u00f5rvits ja lisa vajadusel vett, et saada umbes 600g p\u00fcreed. Sega hulka vanillisuhkur ja maitseained. Lase jahtuda.<\/span><\/li>\n<li><span style=\"font-weight: 400;\">Kuumuta ahi 180 \u00b0C (\u00fcla- ja alakuumutus). Vooderda brownie-vorm k\u00fcpsetuspaberiga. Valmista brownie-taigen pakendi juhendi j\u00e4rgi ja vala vormi.<\/span><\/li>\n<li><span style=\"font-weight: 400;\">Sega jahtunud k\u00f5rvitsap\u00fcree kohupiima, muna ja juustukoogikreemi seguga. Vala segu brownie-taignale ja tee kahvli abil kergelt marmorilaadne muster.<\/span><\/li>\n<li><span style=\"font-weight: 400;\">K\u00fcpseta umbes 40 minutit. Lase enne l\u00f5ikamist korralikult jahtuda.<\/span><\/li>\n<\/ol>\n<p><span style=\"font-weight: 400;\">Nipp: veelgi intensiivsema maitse saad, kui k\u00f5rvitsap\u00fcree asemel k\u00fcpsetad t\u00fckeldatud k\u00f5rvitsa ahjus &#8211; sega v\u00e4hese \u00f5liga ja k\u00fcpseta 180 \u00b0C juures 15-20 minutit.<\/span><\/p>\n<p>&nbsp;<\/p>\n","protected":false},"excerpt":{"rendered":"<p><span style=\"font-weight: 400;\">Vaja l\u00e4heb:<\/span><\/p>\n<ul>\n<li><span style=\"font-weight: 400;\">1 pakk <a href=\"https:\/\/bio4you.eu\/et\/bio-toit\/kuivained-ja-idandamine\/gluteenivaba-juustukoogi-brownie-jahusegu-350g\">Bauck M\u00fchle gluteenivaba juustukoogi brownie jahusegu, 350g<\/a><\/span><\/li>\n<li><span style=\"font-weight: 400;\">125g toasooja v\u00f5id<\/span><\/li>\n<li><span style=\"font-weight: 400;\">1 muna<\/span><\/li>\n<li><span style=\"font-weight: 400;\">100ml piima<\/span><\/li>\n<li><span style=\"font-weight: 400;\">100g kohupiima<\/span><\/li>\n<li><span style=\"font-weight: 400;\">1 muna<\/span><\/li>\n<li><span style=\"font-weight: 400;\">1 v\u00e4ike Hokkaido k\u00f5rvits<\/span><\/li>\n<li><span style=\"font-weight: 400;\">1 pakk vanillisuhkrut<\/span><\/li>\n<li><span style=\"font-weight: 400;\">1\/3tl kaneeli<\/span><\/li>\n<li><span style=\"font-weight: 400;\">N\u00e4puotsaga muskaatp\u00e4hklit<\/span><\/li>\n<li><span style=\"font-weight: 400;\">N\u00e4puotsaga v\u00fcrtspipart<\/span><\/li>\n<\/ul>\n<p>&nbsp;<\/p>\n","protected":false},"featured_media":4437,"comment_status":"open","ping_status":"closed","template":"","meta":{"_exactmetrics_skip_tracking":false,"_exactmetrics_sitenote_active":false,"_exactmetrics_sitenote_note":"","_exactmetrics_sitenote_category":0},"product_cat":[59,60,63,280],"product_tag":[692,691,505,561,693],"class_list":{"0":"post-4436","1":"product","2":"type-product","3":"status-publish","4":"has-post-thumbnail","6":"product_cat-featured","7":"product_cat-toiduretseptid","8":"product_cat-gluteenivabad-retseptid","9":"product_cat-koogid-ja-kupsised","10":"product_tag-gluteenivaba-brownie","11":"product_tag-gluteenivaba-korvitsa-juustukoogi-brownie","12":"product_tag-gluteenivaba-kupsetis","13":"product_tag-gluteenivaba-magustoit","14":"product_tag-korvitsa-brownie","16":"first","17":"instock","18":"shipping-taxable","19":"product-type-simple"},"yoast_head":"<!-- This site is optimized with the Yoast SEO plugin v23.3 - https:\/\/yoast.com\/wordpress\/plugins\/seo\/ -->\n<title>Gluteenivabad k\u00f5rvitsa-juustukoogi brownied - bio4you.eu\/retseptid<\/title>\n<meta name=\"description\" content=\"K\u00f5rvitsa-juustukook-brownie \u2013 s\u00fcgiseselt mahlane, kreemjas ja gluteenivaba maius, kus kohtuvad rikkalik \u0161okolaad ja v\u00fcrtsikas k\u00f5rvitsap\u00fcree.\" \/>\n<meta name=\"robots\" content=\"index, follow, max-snippet:-1, max-image-preview:large, max-video-preview:-1\" \/>\n<link rel=\"canonical\" href=\"https:\/\/bio4you.eu\/retseptid\/toode\/gluteenivabad-korvitsa-juustukoogi-brownied\/\" \/>\n<meta property=\"og:locale\" content=\"et_EE\" \/>\n<meta property=\"og:type\" content=\"article\" \/>\n<meta property=\"og:title\" content=\"K\u00f5rvitsa-juustukook-brownie \u2013 s\u00fcgise hitt\" \/>\n<meta property=\"og:description\" content=\"Rikkalik brownie, mahe juustukoogit\u00e4idis ja v\u00fcrtsikas k\u00f5rvitsap\u00fcree \u2013 gluteenivaba maius, mis toob s\u00fcgise k\u00f6\u00f6ki.\" \/>\n<meta property=\"og:url\" content=\"https:\/\/bio4you.eu\/retseptid\/toode\/gluteenivabad-korvitsa-juustukoogi-brownied\/\" \/>\n<meta property=\"og:site_name\" content=\"bio4you.eu\/retseptid\" \/>\n<meta property=\"article:modified_time\" content=\"2025-08-10T10:35:26+00:00\" \/>\n<meta property=\"og:image\" content=\"https:\/\/bio4you.eu\/retseptid\/wp-content\/uploads\/2025\/09\/Screenshot-2025-08-10-at-13.33.59.png\" \/>\n\t<meta property=\"og:image:width\" content=\"940\" \/>\n\t<meta property=\"og:image:height\" content=\"710\" \/>\n\t<meta property=\"og:image:type\" content=\"image\/png\" \/>\n<meta name=\"twitter:label1\" content=\"Est. reading time\" \/>\n\t<meta name=\"twitter:data1\" content=\"1 minut\" \/>\n<script type=\"application\/ld+json\" class=\"yoast-schema-graph\">{\"@context\":\"https:\/\/schema.org\",\"@graph\":[{\"@type\":\"WebPage\",\"@id\":\"https:\/\/bio4you.eu\/retseptid\/toode\/gluteenivabad-korvitsa-juustukoogi-brownied\/\",\"url\":\"https:\/\/bio4you.eu\/retseptid\/toode\/gluteenivabad-korvitsa-juustukoogi-brownied\/\",\"name\":\"Gluteenivabad k\u00f5rvitsa-juustukoogi brownied - bio4you.eu\/retseptid\",\"isPartOf\":{\"@id\":\"https:\/\/bio4you.eu\/retseptid\/#website\"},\"primaryImageOfPage\":{\"@id\":\"https:\/\/bio4you.eu\/retseptid\/toode\/gluteenivabad-korvitsa-juustukoogi-brownied\/#primaryimage\"},\"image\":{\"@id\":\"https:\/\/bio4you.eu\/retseptid\/toode\/gluteenivabad-korvitsa-juustukoogi-brownied\/#primaryimage\"},\"thumbnailUrl\":\"https:\/\/bio4you.eu\/retseptid\/wp-content\/uploads\/2025\/09\/Screenshot-2025-08-10-at-13.33.59.png\",\"datePublished\":\"2025-09-14T04:22:36+00:00\",\"dateModified\":\"2025-08-10T10:35:26+00:00\",\"description\":\"K\u00f5rvitsa-juustukook-brownie \u2013 s\u00fcgiseselt mahlane, kreemjas ja gluteenivaba maius, kus kohtuvad rikkalik \u0161okolaad ja v\u00fcrtsikas k\u00f5rvitsap\u00fcree.\",\"breadcrumb\":{\"@id\":\"https:\/\/bio4you.eu\/retseptid\/toode\/gluteenivabad-korvitsa-juustukoogi-brownied\/#breadcrumb\"},\"inLanguage\":\"et\",\"potentialAction\":[{\"@type\":\"ReadAction\",\"target\":[\"https:\/\/bio4you.eu\/retseptid\/toode\/gluteenivabad-korvitsa-juustukoogi-brownied\/\"]}]},{\"@type\":\"ImageObject\",\"inLanguage\":\"et\",\"@id\":\"https:\/\/bio4you.eu\/retseptid\/toode\/gluteenivabad-korvitsa-juustukoogi-brownied\/#primaryimage\",\"url\":\"https:\/\/bio4you.eu\/retseptid\/wp-content\/uploads\/2025\/09\/Screenshot-2025-08-10-at-13.33.59.png\",\"contentUrl\":\"https:\/\/bio4you.eu\/retseptid\/wp-content\/uploads\/2025\/09\/Screenshot-2025-08-10-at-13.33.59.png\",\"width\":940,\"height\":710,\"caption\":\"S\u00fcgise maitsete kohtumine \u2013 \u0161okolaadine brownie ja kreemjas k\u00f5rvitsajuustukook.\"},{\"@type\":\"BreadcrumbList\",\"@id\":\"https:\/\/bio4you.eu\/retseptid\/toode\/gluteenivabad-korvitsa-juustukoogi-brownied\/#breadcrumb\",\"itemListElement\":[{\"@type\":\"ListItem\",\"position\":1,\"name\":\"Home\",\"item\":\"https:\/\/bio4you.eu\/retseptid\/\"},{\"@type\":\"ListItem\",\"position\":2,\"name\":\"Gluteenivabad k\u00f5rvitsa-juustukoogi brownied\"}]},{\"@type\":\"WebSite\",\"@id\":\"https:\/\/bio4you.eu\/retseptid\/#website\",\"url\":\"https:\/\/bio4you.eu\/retseptid\/\",\"name\":\"bio4you.eu\/retseptid\",\"description\":\"\u00d6ko retseptid ise tegemiseks, looduslikest koostisainetest. Maitsev toit, iluhooldus, kodupuhastus ja aiandus.\",\"potentialAction\":[{\"@type\":\"SearchAction\",\"target\":{\"@type\":\"EntryPoint\",\"urlTemplate\":\"https:\/\/bio4you.eu\/retseptid\/?s={search_term_string}\"},\"query-input\":\"required name=search_term_string\"}],\"inLanguage\":\"et\"}]}<\/script>\n<!-- \/ Yoast SEO plugin. -->","yoast_head_json":{"title":"Gluteenivabad k\u00f5rvitsa-juustukoogi brownied - bio4you.eu\/retseptid","description":"K\u00f5rvitsa-juustukook-brownie \u2013 s\u00fcgiseselt mahlane, kreemjas ja gluteenivaba maius, kus kohtuvad rikkalik \u0161okolaad ja v\u00fcrtsikas k\u00f5rvitsap\u00fcree.","robots":{"index":"index","follow":"follow","max-snippet":"max-snippet:-1","max-image-preview":"max-image-preview:large","max-video-preview":"max-video-preview:-1"},"canonical":"https:\/\/bio4you.eu\/retseptid\/toode\/gluteenivabad-korvitsa-juustukoogi-brownied\/","og_locale":"et_EE","og_type":"article","og_title":"K\u00f5rvitsa-juustukook-brownie \u2013 s\u00fcgise hitt","og_description":"Rikkalik brownie, mahe juustukoogit\u00e4idis ja v\u00fcrtsikas k\u00f5rvitsap\u00fcree \u2013 gluteenivaba maius, mis toob s\u00fcgise k\u00f6\u00f6ki.","og_url":"https:\/\/bio4you.eu\/retseptid\/toode\/gluteenivabad-korvitsa-juustukoogi-brownied\/","og_site_name":"bio4you.eu\/retseptid","article_modified_time":"2025-08-10T10:35:26+00:00","og_image":[{"width":940,"height":710,"url":"https:\/\/bio4you.eu\/retseptid\/wp-content\/uploads\/2025\/09\/Screenshot-2025-08-10-at-13.33.59.png","type":"image\/png"}],"twitter_misc":{"Est. reading time":"1 minut"},"schema":{"@context":"https:\/\/schema.org","@graph":[{"@type":"WebPage","@id":"https:\/\/bio4you.eu\/retseptid\/toode\/gluteenivabad-korvitsa-juustukoogi-brownied\/","url":"https:\/\/bio4you.eu\/retseptid\/toode\/gluteenivabad-korvitsa-juustukoogi-brownied\/","name":"Gluteenivabad k\u00f5rvitsa-juustukoogi brownied - bio4you.eu\/retseptid","isPartOf":{"@id":"https:\/\/bio4you.eu\/retseptid\/#website"},"primaryImageOfPage":{"@id":"https:\/\/bio4you.eu\/retseptid\/toode\/gluteenivabad-korvitsa-juustukoogi-brownied\/#primaryimage"},"image":{"@id":"https:\/\/bio4you.eu\/retseptid\/toode\/gluteenivabad-korvitsa-juustukoogi-brownied\/#primaryimage"},"thumbnailUrl":"https:\/\/bio4you.eu\/retseptid\/wp-content\/uploads\/2025\/09\/Screenshot-2025-08-10-at-13.33.59.png","datePublished":"2025-09-14T04:22:36+00:00","dateModified":"2025-08-10T10:35:26+00:00","description":"K\u00f5rvitsa-juustukook-brownie \u2013 s\u00fcgiseselt mahlane, kreemjas ja gluteenivaba maius, kus kohtuvad rikkalik \u0161okolaad ja v\u00fcrtsikas k\u00f5rvitsap\u00fcree.","breadcrumb":{"@id":"https:\/\/bio4you.eu\/retseptid\/toode\/gluteenivabad-korvitsa-juustukoogi-brownied\/#breadcrumb"},"inLanguage":"et","potentialAction":[{"@type":"ReadAction","target":["https:\/\/bio4you.eu\/retseptid\/toode\/gluteenivabad-korvitsa-juustukoogi-brownied\/"]}]},{"@type":"ImageObject","inLanguage":"et","@id":"https:\/\/bio4you.eu\/retseptid\/toode\/gluteenivabad-korvitsa-juustukoogi-brownied\/#primaryimage","url":"https:\/\/bio4you.eu\/retseptid\/wp-content\/uploads\/2025\/09\/Screenshot-2025-08-10-at-13.33.59.png","contentUrl":"https:\/\/bio4you.eu\/retseptid\/wp-content\/uploads\/2025\/09\/Screenshot-2025-08-10-at-13.33.59.png","width":940,"height":710,"caption":"S\u00fcgise maitsete kohtumine \u2013 \u0161okolaadine brownie ja kreemjas k\u00f5rvitsajuustukook."},{"@type":"BreadcrumbList","@id":"https:\/\/bio4you.eu\/retseptid\/toode\/gluteenivabad-korvitsa-juustukoogi-brownied\/#breadcrumb","itemListElement":[{"@type":"ListItem","position":1,"name":"Home","item":"https:\/\/bio4you.eu\/retseptid\/"},{"@type":"ListItem","position":2,"name":"Gluteenivabad k\u00f5rvitsa-juustukoogi brownied"}]},{"@type":"WebSite","@id":"https:\/\/bio4you.eu\/retseptid\/#website","url":"https:\/\/bio4you.eu\/retseptid\/","name":"bio4you.eu\/retseptid","description":"\u00d6ko retseptid ise tegemiseks, looduslikest koostisainetest. Maitsev toit, iluhooldus, kodupuhastus ja aiandus.","potentialAction":[{"@type":"SearchAction","target":{"@type":"EntryPoint","urlTemplate":"https:\/\/bio4you.eu\/retseptid\/?s={search_term_string}"},"query-input":"required name=search_term_string"}],"inLanguage":"et"}]}},"_links":{"self":[{"href":"https:\/\/bio4you.eu\/retseptid\/wp-json\/wp\/v2\/product\/4436"}],"collection":[{"href":"https:\/\/bio4you.eu\/retseptid\/wp-json\/wp\/v2\/product"}],"about":[{"href":"https:\/\/bio4you.eu\/retseptid\/wp-json\/wp\/v2\/types\/product"}],"replies":[{"embeddable":true,"href":"https:\/\/bio4you.eu\/retseptid\/wp-json\/wp\/v2\/comments?post=4436"}],"wp:featuredmedia":[{"embeddable":true,"href":"https:\/\/bio4you.eu\/retseptid\/wp-json\/wp\/v2\/media\/4437"}],"wp:attachment":[{"href":"https:\/\/bio4you.eu\/retseptid\/wp-json\/wp\/v2\/media?parent=4436"}],"wp:term":[{"taxonomy":"product_cat","embeddable":true,"href":"https:\/\/bio4you.eu\/retseptid\/wp-json\/wp\/v2\/product_cat?post=4436"},{"taxonomy":"product_tag","embeddable":true,"href":"https:\/\/bio4you.eu\/retseptid\/wp-json\/wp\/v2\/product_tag?post=4436"}],"curies":[{"name":"wp","href":"https:\/\/api.w.org\/{rel}","templated":true}]}}