{"id":4438,"date":"2025-09-18T08:37:40","date_gmt":"2025-09-18T05:37:40","guid":{"rendered":"https:\/\/bio4you.eu\/retseptid\/?post_type=product&#038;p=4438"},"modified":"2025-08-10T14:00:40","modified_gmt":"2025-08-10T11:00:40","slug":"kuskussi-pallikesed","status":"publish","type":"product","link":"https:\/\/bio4you.eu\/retseptid\/toode\/kuskussi-pallikesed\/","title":{"rendered":"Kuskussi pallikesed"},"content":{"rendered":"<p><span style=\"font-weight: 400;\">Valmistamine:<\/span><\/p>\n<ol>\n<li><span style=\"font-weight: 400;\">Vala kuskuss kaussi, lisa kergelt soolaga maitsestatud kuum vesi, kata ja lase 5 minutit paisuda. Sega kahvliga terad lahti.<\/span><\/li>\n<li><span style=\"font-weight: 400;\">Riivi suvik\u00f5rvits ja porgand, pigista \u00fcleliigne vedelik v\u00e4lja.<\/span><\/li>\n<li><span style=\"font-weight: 400;\">Lisa k\u00f6\u00f6giviljad kuskussile, sega hulka juust, muna ja pool maisijahust. Sega \u00fchtlaseks massiks.<\/span><\/li>\n<li><span style=\"font-weight: 400;\">Vormi v\u00e4ikesed pallikesed ja veereta need \u00fclej\u00e4\u00e4nud maisijahus, et saada kr\u00f5be koorik.<\/span><\/li>\n<li><span style=\"font-weight: 400;\"><span style=\"font-weight: 400;\">Aseta pallikesed kuuma\u00f5hufrit\u00fc\u00fcri korvi, pintselda kergelt oliivi\u00f5liga ja k\u00fcpseta 180 \u00b0C juures 10-12 minutit, kuni need on kuldpruunid.<\/span><\/span>&nbsp;\n<p><span style=\"font-weight: 400;\">Nipp: serveeri pallikesi jogurti ja tahini kastmega &#8211; see lisab v\u00e4rskust ja kreemjat maitset.<\/span><\/li>\n<\/ol>\n","protected":false},"excerpt":{"rendered":"<p><span style=\"font-weight: 400;\">Vaja l\u00e4heb:<\/span><\/p>\n<ul>\n<li><span style=\"font-weight: 400;\">100g kuskussi<\/span><\/li>\n<li><span style=\"font-weight: 400;\">200ml kuuma vett<\/span><\/li>\n<li><span style=\"font-weight: 400;\">1 mahe suvik\u00f5rvits<\/span><\/li>\n<li><span style=\"font-weight: 400;\">1 mahe porgand<\/span><\/li>\n<li><span style=\"font-weight: 400;\">50g riivjuustu (sobib ka taimne-variant)<\/span><\/li>\n<li><span style=\"font-weight: 400;\">1 mahemuna<\/span><\/li>\n<li><span style=\"font-weight: 400;\">40g maisijahu v\u00f5i purustatud maisihelbeid (nt, <a href=\"https:\/\/bio4you.eu\/et\/bio-toit\/kuivained-ja-idandamine\/jahud\/gluteenivaba-maisijahu-500g\">Bauck Hof gluteenivaba maisijahu, 500g<\/a>)<\/span><\/li>\n<li><span style=\"font-weight: 400;\">Maitsetaimede segu (maitse j\u00e4rgi)<\/span><\/li>\n<li><span style=\"font-weight: 400;\">Mahe ekstra neitsioliivi\u00f5li (nt, <a href=\"https:\/\/bio4you.eu\/et\/bio-toit\/toiduolid-kastmed-ja-kreemid\/ekstra-vaeaerisoliivioli-250ml\">Olio Corvino ekstra v\u00e4\u00e4risoliivi\u00f5li, 250ml)<\/a><br \/>\n<\/span><\/li>\n<li><span style=\"font-weight: 400;\">Roosa Himaalaja sool (nt, <a href=\"https:\/\/bio4you.eu\/et\/bio-toit\/biotoit-maitseained-ja-magustajad\/himaalaja-roosa-sool-peen-1kg\">Fior fi Loto Himaalaja roosa sool, peen, 1kg<\/a>)<br \/>\n<\/span><\/li>\n<li><span style=\"font-weight: 400;\">Must pipar (maitse j\u00e4rgi)<\/span><\/li>\n<\/ul>\n","protected":false},"featured_media":4439,"comment_status":"open","ping_status":"closed","template":"","meta":{"_exactmetrics_skip_tracking":false,"_exactmetrics_sitenote_active":false,"_exactmetrics_sitenote_note":"","_exactmetrics_sitenote_category":0},"product_cat":[59,60,383,71],"product_tag":[696,172,694,420,411,697,424,695],"class_list":{"0":"post-4438","1":"product","2":"type-product","3":"status-publish","4":"has-post-thumbnail","6":"product_cat-featured","7":"product_cat-toiduretseptid","8":"product_cat-taimetoit","9":"product_cat-riisi-ja-teraviljatoidud","10":"product_tag-eelroog","11":"product_tag-kuskuss","12":"product_tag-kuskussi-pallikesed","13":"product_tag-ohtusook","14":"product_tag-taimetoit","15":"product_tag-taimetoitlastele","16":"product_tag-vahepala","17":"product_tag-vegetaartoit","19":"first","20":"instock","21":"shipping-taxable","22":"product-type-simple"},"yoast_head":"<!-- This site is optimized with the Yoast SEO plugin v23.3 - https:\/\/yoast.com\/wordpress\/plugins\/seo\/ -->\n<title>Kuskussi pallikesed - bio4you.eu\/retseptid<\/title>\n<meta name=\"description\" content=\"Kr\u00f5bedad ja maitsvad k\u00f6\u00f6giviljadega kuskussi pallikesed \u2013 kiire ja lihtne taimetoit, mis valmib vaid 20 minutiga kuuma\u00f5hufrit\u00fc\u00fcris.\" \/>\n<meta name=\"robots\" content=\"index, follow, max-snippet:-1, max-image-preview:large, max-video-preview:-1\" \/>\n<link rel=\"canonical\" href=\"https:\/\/bio4you.eu\/retseptid\/toode\/kuskussi-pallikesed\/\" \/>\n<meta property=\"og:locale\" content=\"et_EE\" \/>\n<meta property=\"og:type\" content=\"article\" \/>\n<meta property=\"og:title\" content=\"K\u00f6\u00f6giviljadega kuskussi pallikesed \u2013 kiire ja lihtne sn\u00e4kk\" \/>\n<meta property=\"og:description\" content=\"Kr\u00f5bedad, kuldsed ja maitsvad \u2013 need k\u00f6\u00f6giviljadega kuskussi pallikesed valmivad vaid 20 minutiga kuuma\u00f5hufrit\u00fc\u00fcris.\" \/>\n<meta property=\"og:url\" content=\"https:\/\/bio4you.eu\/retseptid\/toode\/kuskussi-pallikesed\/\" \/>\n<meta property=\"og:site_name\" content=\"bio4you.eu\/retseptid\" \/>\n<meta property=\"article:modified_time\" content=\"2025-08-10T11:00:40+00:00\" \/>\n<meta property=\"og:image\" content=\"https:\/\/bio4you.eu\/retseptid\/wp-content\/uploads\/2025\/08\/kuskussi-pallid-e1754823635433.jpeg\" \/>\n\t<meta property=\"og:image:width\" content=\"1600\" \/>\n\t<meta property=\"og:image:height\" content=\"1112\" \/>\n\t<meta property=\"og:image:type\" content=\"image\/jpeg\" \/>\n<meta name=\"twitter:label1\" content=\"Est. reading time\" \/>\n\t<meta name=\"twitter:data1\" content=\"1 minut\" \/>\n<script type=\"application\/ld+json\" class=\"yoast-schema-graph\">{\"@context\":\"https:\/\/schema.org\",\"@graph\":[{\"@type\":\"WebPage\",\"@id\":\"https:\/\/bio4you.eu\/retseptid\/toode\/kuskussi-pallikesed\/\",\"url\":\"https:\/\/bio4you.eu\/retseptid\/toode\/kuskussi-pallikesed\/\",\"name\":\"Kuskussi pallikesed - bio4you.eu\/retseptid\",\"isPartOf\":{\"@id\":\"https:\/\/bio4you.eu\/retseptid\/#website\"},\"primaryImageOfPage\":{\"@id\":\"https:\/\/bio4you.eu\/retseptid\/toode\/kuskussi-pallikesed\/#primaryimage\"},\"image\":{\"@id\":\"https:\/\/bio4you.eu\/retseptid\/toode\/kuskussi-pallikesed\/#primaryimage\"},\"thumbnailUrl\":\"https:\/\/bio4you.eu\/retseptid\/wp-content\/uploads\/2025\/08\/kuskussi-pallid-e1754823635433.jpeg\",\"datePublished\":\"2025-09-18T05:37:40+00:00\",\"dateModified\":\"2025-08-10T11:00:40+00:00\",\"description\":\"Kr\u00f5bedad ja maitsvad k\u00f6\u00f6giviljadega kuskussi pallikesed \u2013 kiire ja lihtne taimetoit, mis valmib vaid 20 minutiga kuuma\u00f5hufrit\u00fc\u00fcris.\",\"breadcrumb\":{\"@id\":\"https:\/\/bio4you.eu\/retseptid\/toode\/kuskussi-pallikesed\/#breadcrumb\"},\"inLanguage\":\"et\",\"potentialAction\":[{\"@type\":\"ReadAction\",\"target\":[\"https:\/\/bio4you.eu\/retseptid\/toode\/kuskussi-pallikesed\/\"]}]},{\"@type\":\"ImageObject\",\"inLanguage\":\"et\",\"@id\":\"https:\/\/bio4you.eu\/retseptid\/toode\/kuskussi-pallikesed\/#primaryimage\",\"url\":\"https:\/\/bio4you.eu\/retseptid\/wp-content\/uploads\/2025\/08\/kuskussi-pallid-e1754823635433.jpeg\",\"contentUrl\":\"https:\/\/bio4you.eu\/retseptid\/wp-content\/uploads\/2025\/08\/kuskussi-pallid-e1754823635433.jpeg\",\"width\":1600,\"height\":1112,\"caption\":\"Kr\u00f5bedad ja kuldsed pallikesed kuskussist ja k\u00f6\u00f6giviljadest \u2013 ideaalne suupiste v\u00f5i eelroog.\"},{\"@type\":\"BreadcrumbList\",\"@id\":\"https:\/\/bio4you.eu\/retseptid\/toode\/kuskussi-pallikesed\/#breadcrumb\",\"itemListElement\":[{\"@type\":\"ListItem\",\"position\":1,\"name\":\"Home\",\"item\":\"https:\/\/bio4you.eu\/retseptid\/\"},{\"@type\":\"ListItem\",\"position\":2,\"name\":\"Kuskussi pallikesed\"}]},{\"@type\":\"WebSite\",\"@id\":\"https:\/\/bio4you.eu\/retseptid\/#website\",\"url\":\"https:\/\/bio4you.eu\/retseptid\/\",\"name\":\"bio4you.eu\/retseptid\",\"description\":\"\u00d6ko retseptid ise tegemiseks, looduslikest koostisainetest. Maitsev toit, iluhooldus, kodupuhastus ja aiandus.\",\"potentialAction\":[{\"@type\":\"SearchAction\",\"target\":{\"@type\":\"EntryPoint\",\"urlTemplate\":\"https:\/\/bio4you.eu\/retseptid\/?s={search_term_string}\"},\"query-input\":\"required name=search_term_string\"}],\"inLanguage\":\"et\"}]}<\/script>\n<!-- \/ Yoast SEO plugin. -->","yoast_head_json":{"title":"Kuskussi pallikesed - bio4you.eu\/retseptid","description":"Kr\u00f5bedad ja maitsvad k\u00f6\u00f6giviljadega kuskussi pallikesed \u2013 kiire ja lihtne taimetoit, mis valmib vaid 20 minutiga kuuma\u00f5hufrit\u00fc\u00fcris.","robots":{"index":"index","follow":"follow","max-snippet":"max-snippet:-1","max-image-preview":"max-image-preview:large","max-video-preview":"max-video-preview:-1"},"canonical":"https:\/\/bio4you.eu\/retseptid\/toode\/kuskussi-pallikesed\/","og_locale":"et_EE","og_type":"article","og_title":"K\u00f6\u00f6giviljadega kuskussi pallikesed \u2013 kiire ja lihtne sn\u00e4kk","og_description":"Kr\u00f5bedad, kuldsed ja maitsvad \u2013 need k\u00f6\u00f6giviljadega kuskussi pallikesed valmivad vaid 20 minutiga kuuma\u00f5hufrit\u00fc\u00fcris.","og_url":"https:\/\/bio4you.eu\/retseptid\/toode\/kuskussi-pallikesed\/","og_site_name":"bio4you.eu\/retseptid","article_modified_time":"2025-08-10T11:00:40+00:00","og_image":[{"width":1600,"height":1112,"url":"https:\/\/bio4you.eu\/retseptid\/wp-content\/uploads\/2025\/08\/kuskussi-pallid-e1754823635433.jpeg","type":"image\/jpeg"}],"twitter_misc":{"Est. reading time":"1 minut"},"schema":{"@context":"https:\/\/schema.org","@graph":[{"@type":"WebPage","@id":"https:\/\/bio4you.eu\/retseptid\/toode\/kuskussi-pallikesed\/","url":"https:\/\/bio4you.eu\/retseptid\/toode\/kuskussi-pallikesed\/","name":"Kuskussi pallikesed - bio4you.eu\/retseptid","isPartOf":{"@id":"https:\/\/bio4you.eu\/retseptid\/#website"},"primaryImageOfPage":{"@id":"https:\/\/bio4you.eu\/retseptid\/toode\/kuskussi-pallikesed\/#primaryimage"},"image":{"@id":"https:\/\/bio4you.eu\/retseptid\/toode\/kuskussi-pallikesed\/#primaryimage"},"thumbnailUrl":"https:\/\/bio4you.eu\/retseptid\/wp-content\/uploads\/2025\/08\/kuskussi-pallid-e1754823635433.jpeg","datePublished":"2025-09-18T05:37:40+00:00","dateModified":"2025-08-10T11:00:40+00:00","description":"Kr\u00f5bedad ja maitsvad k\u00f6\u00f6giviljadega kuskussi pallikesed \u2013 kiire ja lihtne taimetoit, mis valmib vaid 20 minutiga kuuma\u00f5hufrit\u00fc\u00fcris.","breadcrumb":{"@id":"https:\/\/bio4you.eu\/retseptid\/toode\/kuskussi-pallikesed\/#breadcrumb"},"inLanguage":"et","potentialAction":[{"@type":"ReadAction","target":["https:\/\/bio4you.eu\/retseptid\/toode\/kuskussi-pallikesed\/"]}]},{"@type":"ImageObject","inLanguage":"et","@id":"https:\/\/bio4you.eu\/retseptid\/toode\/kuskussi-pallikesed\/#primaryimage","url":"https:\/\/bio4you.eu\/retseptid\/wp-content\/uploads\/2025\/08\/kuskussi-pallid-e1754823635433.jpeg","contentUrl":"https:\/\/bio4you.eu\/retseptid\/wp-content\/uploads\/2025\/08\/kuskussi-pallid-e1754823635433.jpeg","width":1600,"height":1112,"caption":"Kr\u00f5bedad ja kuldsed pallikesed kuskussist ja k\u00f6\u00f6giviljadest \u2013 ideaalne suupiste v\u00f5i eelroog."},{"@type":"BreadcrumbList","@id":"https:\/\/bio4you.eu\/retseptid\/toode\/kuskussi-pallikesed\/#breadcrumb","itemListElement":[{"@type":"ListItem","position":1,"name":"Home","item":"https:\/\/bio4you.eu\/retseptid\/"},{"@type":"ListItem","position":2,"name":"Kuskussi pallikesed"}]},{"@type":"WebSite","@id":"https:\/\/bio4you.eu\/retseptid\/#website","url":"https:\/\/bio4you.eu\/retseptid\/","name":"bio4you.eu\/retseptid","description":"\u00d6ko retseptid ise tegemiseks, looduslikest koostisainetest. Maitsev toit, iluhooldus, kodupuhastus ja aiandus.","potentialAction":[{"@type":"SearchAction","target":{"@type":"EntryPoint","urlTemplate":"https:\/\/bio4you.eu\/retseptid\/?s={search_term_string}"},"query-input":"required name=search_term_string"}],"inLanguage":"et"}]}},"_links":{"self":[{"href":"https:\/\/bio4you.eu\/retseptid\/wp-json\/wp\/v2\/product\/4438"}],"collection":[{"href":"https:\/\/bio4you.eu\/retseptid\/wp-json\/wp\/v2\/product"}],"about":[{"href":"https:\/\/bio4you.eu\/retseptid\/wp-json\/wp\/v2\/types\/product"}],"replies":[{"embeddable":true,"href":"https:\/\/bio4you.eu\/retseptid\/wp-json\/wp\/v2\/comments?post=4438"}],"wp:featuredmedia":[{"embeddable":true,"href":"https:\/\/bio4you.eu\/retseptid\/wp-json\/wp\/v2\/media\/4439"}],"wp:attachment":[{"href":"https:\/\/bio4you.eu\/retseptid\/wp-json\/wp\/v2\/media?parent=4438"}],"wp:term":[{"taxonomy":"product_cat","embeddable":true,"href":"https:\/\/bio4you.eu\/retseptid\/wp-json\/wp\/v2\/product_cat?post=4438"},{"taxonomy":"product_tag","embeddable":true,"href":"https:\/\/bio4you.eu\/retseptid\/wp-json\/wp\/v2\/product_tag?post=4438"}],"curies":[{"name":"wp","href":"https:\/\/api.w.org\/{rel}","templated":true}]}}