{"id":4442,"date":"2025-09-25T07:19:49","date_gmt":"2025-09-25T04:19:49","guid":{"rendered":"https:\/\/bio4you.eu\/retseptid\/?post_type=product&#038;p=4442"},"modified":"2025-08-10T14:28:46","modified_gmt":"2025-08-10T11:28:46","slug":"kookose-ja-kaera-pannkoogid-agaavisiirupiga","status":"publish","type":"product","link":"https:\/\/bio4you.eu\/retseptid\/toode\/kookose-ja-kaera-pannkoogid-agaavisiirupiga\/","title":{"rendered":"Kookose ja kaera pannkoogid agaavisiirupiga"},"content":{"rendered":"<p><span style=\"font-weight: 400;\">Valmistamine:<\/span><\/p>\n<ol>\n<li><span style=\"font-weight: 400;\">Klopi kausis muna koos p\u00e4evalille\u00f5li, taimse joogi ja k\u00fcpsetuspulbri (v\u00f5i soodaga).<\/span><\/li>\n<li><span style=\"font-weight: 400;\">Lisa kaera- ja kookosjahu ning sega, kuni saad sileda tainasegu.<\/span><\/li>\n<li><span style=\"font-weight: 400;\">K\u00fcpseta pannkoogid m\u00f5lemalt poolt kuldpruuniks mittenakkuval pannil.<\/span><\/li>\n<li><span style=\"font-weight: 400;\">Serveeri agaavisiirupiga.<\/span><\/li>\n<\/ol>\n<p><span style=\"font-weight: 400;\">Nipp: puista peale ka v\u00e4rskeid marju v\u00f5i kookoshelbeid, et saada veelgi rohkem maitset ja tekstuuri.<\/span><\/p>\n","protected":false},"excerpt":{"rendered":"<p><span style=\"font-weight: 400;\">Vaja l\u00e4heb:<\/span><\/p>\n<ul>\n<li><span style=\"font-weight: 400;\">40g t\u00e4istera kaerajahu (nt, <a href=\"https:\/\/bio4you.eu\/et\/bio-toit\/kuivained-ja-idandamine\/jahud\/gluteenivaba-taeistera-kaerajahu-350g\">Bauck Hof gluteenivaba kaerajahu, t\u00e4istera, 350g<\/a>)<\/span><\/li>\n<li><span style=\"font-weight: 400;\">20g kookosjahu (nt, <a href=\"https:\/\/bio4you.eu\/et\/bio-toit\/kuivained-ja-idandamine\/jahud\/kookosjahu-500g\">Maya Gold kookosjahu, 500g<\/a>)<\/span><\/li>\n<li><span style=\"font-weight: 400;\">1 mahemuna\u00a0<\/span><\/li>\n<li><span style=\"font-weight: 400;\">70ml mahedat kaerajooki (nt, <a href=\"https:\/\/bio4you.eu\/et\/bio-toit\/joogid-ja-joogipulbrid\/taimsed-joogid-ja-kreemid\/gluteenivaba-kaerajook-omega-3-1l\">The Bridge gluteenivaba kaerajook Omega 3, 1l<\/a>)<\/span><\/li>\n<li><span style=\"font-weight: 400;\">N\u00e4puotsaga k\u00fcpsetuspulbrit v\u00f5i soodat<\/span><\/li>\n<li><span style=\"font-weight: 400;\">20g mahedat p\u00e4evalille\u00f5li<\/span><\/li>\n<li><span style=\"font-weight: 400;\">Mahe agaavisiirup, serveerimiseks (nt, <a href=\"https:\/\/bio4you.eu\/et\/bio-toit\/biotoit-maitseained-ja-magustajad\/agaavisiirup-light-350g\">Maya Gold Agaavisiirup &#8220;Light&#8221;, 350g<\/a>)<\/span><\/li>\n<\/ul>\n","protected":false},"featured_media":4443,"comment_status":"open","ping_status":"closed","template":"","meta":{"_exactmetrics_skip_tracking":false,"_exactmetrics_sitenote_active":false,"_exactmetrics_sitenote_note":"","_exactmetrics_sitenote_category":0},"product_cat":[59,60,63,383,280],"product_tag":[620,705,704,613,614],"class_list":{"0":"post-4442","1":"product","2":"type-product","3":"status-publish","4":"has-post-thumbnail","6":"product_cat-featured","7":"product_cat-toiduretseptid","8":"product_cat-gluteenivabad-retseptid","9":"product_cat-taimetoit","10":"product_cat-koogid-ja-kupsised","11":"product_tag-gluteenivaba-hommikusook","12":"product_tag-gluteenivabad-pannkoogid","13":"product_tag-pannkoogid","14":"product_tag-taimne-hommikusook","15":"product_tag-taimsed-pannkoogid","17":"first","18":"instock","19":"shipping-taxable","20":"product-type-simple"},"yoast_head":"<!-- This site is optimized with the Yoast SEO plugin v23.3 - https:\/\/yoast.com\/wordpress\/plugins\/seo\/ -->\n<title>Kookose ja kaera pannkoogid agaavisiirupiga - bio4you.eu\/retseptid<\/title>\n<meta name=\"description\" content=\"Lihtsad ja maitsvad kookose-kaera pannkoogid agaavisiirupiga \u2013 valmivad 15 minutiga ja sobivad ideaalselt tervislikuks hommikus\u00f6\u00f6giks v\u00f5i magusaks vahepalaks.\" \/>\n<meta name=\"robots\" content=\"index, follow, max-snippet:-1, max-image-preview:large, max-video-preview:-1\" \/>\n<link rel=\"canonical\" href=\"https:\/\/bio4you.eu\/retseptid\/toode\/kookose-ja-kaera-pannkoogid-agaavisiirupiga\/\" \/>\n<meta property=\"og:locale\" content=\"et_EE\" \/>\n<meta property=\"og:type\" content=\"article\" \/>\n<meta property=\"og:title\" content=\"Kookose ja kaera pannkoogid agaavisiirupiga \u2013 lihtne ja kiire retsept\" \/>\n<meta property=\"og:description\" content=\"Valmista vaid 15 minutiga pehmed kookose ja kaera pannkoogid, magustatud loodusliku agaavisiirupiga.\" \/>\n<meta property=\"og:url\" content=\"https:\/\/bio4you.eu\/retseptid\/toode\/kookose-ja-kaera-pannkoogid-agaavisiirupiga\/\" \/>\n<meta property=\"og:site_name\" content=\"bio4you.eu\/retseptid\" \/>\n<meta property=\"article:modified_time\" content=\"2025-08-10T11:28:46+00:00\" \/>\n<meta property=\"og:image\" content=\"https:\/\/bio4you.eu\/retseptid\/wp-content\/uploads\/2025\/08\/pannkoogi-retsept-siirupiga.jpeg\" \/>\n\t<meta property=\"og:image:width\" content=\"1200\" \/>\n\t<meta property=\"og:image:height\" content=\"630\" \/>\n\t<meta property=\"og:image:type\" content=\"image\/jpeg\" \/>\n<meta name=\"twitter:label1\" content=\"Est. reading time\" \/>\n\t<meta name=\"twitter:data1\" content=\"1 minut\" \/>\n<script type=\"application\/ld+json\" class=\"yoast-schema-graph\">{\"@context\":\"https:\/\/schema.org\",\"@graph\":[{\"@type\":\"WebPage\",\"@id\":\"https:\/\/bio4you.eu\/retseptid\/toode\/kookose-ja-kaera-pannkoogid-agaavisiirupiga\/\",\"url\":\"https:\/\/bio4you.eu\/retseptid\/toode\/kookose-ja-kaera-pannkoogid-agaavisiirupiga\/\",\"name\":\"Kookose ja kaera pannkoogid agaavisiirupiga - bio4you.eu\/retseptid\",\"isPartOf\":{\"@id\":\"https:\/\/bio4you.eu\/retseptid\/#website\"},\"primaryImageOfPage\":{\"@id\":\"https:\/\/bio4you.eu\/retseptid\/toode\/kookose-ja-kaera-pannkoogid-agaavisiirupiga\/#primaryimage\"},\"image\":{\"@id\":\"https:\/\/bio4you.eu\/retseptid\/toode\/kookose-ja-kaera-pannkoogid-agaavisiirupiga\/#primaryimage\"},\"thumbnailUrl\":\"https:\/\/bio4you.eu\/retseptid\/wp-content\/uploads\/2025\/08\/pannkoogi-retsept-siirupiga.jpeg\",\"datePublished\":\"2025-09-25T04:19:49+00:00\",\"dateModified\":\"2025-08-10T11:28:46+00:00\",\"description\":\"Lihtsad ja maitsvad kookose-kaera pannkoogid agaavisiirupiga \u2013 valmivad 15 minutiga ja sobivad ideaalselt tervislikuks hommikus\u00f6\u00f6giks v\u00f5i magusaks vahepalaks.\",\"breadcrumb\":{\"@id\":\"https:\/\/bio4you.eu\/retseptid\/toode\/kookose-ja-kaera-pannkoogid-agaavisiirupiga\/#breadcrumb\"},\"inLanguage\":\"et\",\"potentialAction\":[{\"@type\":\"ReadAction\",\"target\":[\"https:\/\/bio4you.eu\/retseptid\/toode\/kookose-ja-kaera-pannkoogid-agaavisiirupiga\/\"]}]},{\"@type\":\"ImageObject\",\"inLanguage\":\"et\",\"@id\":\"https:\/\/bio4you.eu\/retseptid\/toode\/kookose-ja-kaera-pannkoogid-agaavisiirupiga\/#primaryimage\",\"url\":\"https:\/\/bio4you.eu\/retseptid\/wp-content\/uploads\/2025\/08\/pannkoogi-retsept-siirupiga.jpeg\",\"contentUrl\":\"https:\/\/bio4you.eu\/retseptid\/wp-content\/uploads\/2025\/08\/pannkoogi-retsept-siirupiga.jpeg\",\"width\":1200,\"height\":630,\"caption\":\"Pehmed ja maitsvad kookose-kaera pannkoogid, magustatud agaavisiirupiga.\"},{\"@type\":\"BreadcrumbList\",\"@id\":\"https:\/\/bio4you.eu\/retseptid\/toode\/kookose-ja-kaera-pannkoogid-agaavisiirupiga\/#breadcrumb\",\"itemListElement\":[{\"@type\":\"ListItem\",\"position\":1,\"name\":\"Home\",\"item\":\"https:\/\/bio4you.eu\/retseptid\/\"},{\"@type\":\"ListItem\",\"position\":2,\"name\":\"Kookose ja kaera pannkoogid agaavisiirupiga\"}]},{\"@type\":\"WebSite\",\"@id\":\"https:\/\/bio4you.eu\/retseptid\/#website\",\"url\":\"https:\/\/bio4you.eu\/retseptid\/\",\"name\":\"bio4you.eu\/retseptid\",\"description\":\"\u00d6ko retseptid ise tegemiseks, looduslikest koostisainetest. Maitsev toit, iluhooldus, kodupuhastus ja aiandus.\",\"potentialAction\":[{\"@type\":\"SearchAction\",\"target\":{\"@type\":\"EntryPoint\",\"urlTemplate\":\"https:\/\/bio4you.eu\/retseptid\/?s={search_term_string}\"},\"query-input\":\"required name=search_term_string\"}],\"inLanguage\":\"et\"}]}<\/script>\n<!-- \/ Yoast SEO plugin. -->","yoast_head_json":{"title":"Kookose ja kaera pannkoogid agaavisiirupiga - bio4you.eu\/retseptid","description":"Lihtsad ja maitsvad kookose-kaera pannkoogid agaavisiirupiga \u2013 valmivad 15 minutiga ja sobivad ideaalselt tervislikuks hommikus\u00f6\u00f6giks v\u00f5i magusaks vahepalaks.","robots":{"index":"index","follow":"follow","max-snippet":"max-snippet:-1","max-image-preview":"max-image-preview:large","max-video-preview":"max-video-preview:-1"},"canonical":"https:\/\/bio4you.eu\/retseptid\/toode\/kookose-ja-kaera-pannkoogid-agaavisiirupiga\/","og_locale":"et_EE","og_type":"article","og_title":"Kookose ja kaera pannkoogid agaavisiirupiga \u2013 lihtne ja kiire retsept","og_description":"Valmista vaid 15 minutiga pehmed kookose ja kaera pannkoogid, magustatud loodusliku agaavisiirupiga.","og_url":"https:\/\/bio4you.eu\/retseptid\/toode\/kookose-ja-kaera-pannkoogid-agaavisiirupiga\/","og_site_name":"bio4you.eu\/retseptid","article_modified_time":"2025-08-10T11:28:46+00:00","og_image":[{"width":1200,"height":630,"url":"https:\/\/bio4you.eu\/retseptid\/wp-content\/uploads\/2025\/08\/pannkoogi-retsept-siirupiga.jpeg","type":"image\/jpeg"}],"twitter_misc":{"Est. reading time":"1 minut"},"schema":{"@context":"https:\/\/schema.org","@graph":[{"@type":"WebPage","@id":"https:\/\/bio4you.eu\/retseptid\/toode\/kookose-ja-kaera-pannkoogid-agaavisiirupiga\/","url":"https:\/\/bio4you.eu\/retseptid\/toode\/kookose-ja-kaera-pannkoogid-agaavisiirupiga\/","name":"Kookose ja kaera pannkoogid agaavisiirupiga - bio4you.eu\/retseptid","isPartOf":{"@id":"https:\/\/bio4you.eu\/retseptid\/#website"},"primaryImageOfPage":{"@id":"https:\/\/bio4you.eu\/retseptid\/toode\/kookose-ja-kaera-pannkoogid-agaavisiirupiga\/#primaryimage"},"image":{"@id":"https:\/\/bio4you.eu\/retseptid\/toode\/kookose-ja-kaera-pannkoogid-agaavisiirupiga\/#primaryimage"},"thumbnailUrl":"https:\/\/bio4you.eu\/retseptid\/wp-content\/uploads\/2025\/08\/pannkoogi-retsept-siirupiga.jpeg","datePublished":"2025-09-25T04:19:49+00:00","dateModified":"2025-08-10T11:28:46+00:00","description":"Lihtsad ja maitsvad kookose-kaera pannkoogid agaavisiirupiga \u2013 valmivad 15 minutiga ja sobivad ideaalselt tervislikuks hommikus\u00f6\u00f6giks v\u00f5i magusaks vahepalaks.","breadcrumb":{"@id":"https:\/\/bio4you.eu\/retseptid\/toode\/kookose-ja-kaera-pannkoogid-agaavisiirupiga\/#breadcrumb"},"inLanguage":"et","potentialAction":[{"@type":"ReadAction","target":["https:\/\/bio4you.eu\/retseptid\/toode\/kookose-ja-kaera-pannkoogid-agaavisiirupiga\/"]}]},{"@type":"ImageObject","inLanguage":"et","@id":"https:\/\/bio4you.eu\/retseptid\/toode\/kookose-ja-kaera-pannkoogid-agaavisiirupiga\/#primaryimage","url":"https:\/\/bio4you.eu\/retseptid\/wp-content\/uploads\/2025\/08\/pannkoogi-retsept-siirupiga.jpeg","contentUrl":"https:\/\/bio4you.eu\/retseptid\/wp-content\/uploads\/2025\/08\/pannkoogi-retsept-siirupiga.jpeg","width":1200,"height":630,"caption":"Pehmed ja maitsvad kookose-kaera pannkoogid, magustatud agaavisiirupiga."},{"@type":"BreadcrumbList","@id":"https:\/\/bio4you.eu\/retseptid\/toode\/kookose-ja-kaera-pannkoogid-agaavisiirupiga\/#breadcrumb","itemListElement":[{"@type":"ListItem","position":1,"name":"Home","item":"https:\/\/bio4you.eu\/retseptid\/"},{"@type":"ListItem","position":2,"name":"Kookose ja kaera pannkoogid agaavisiirupiga"}]},{"@type":"WebSite","@id":"https:\/\/bio4you.eu\/retseptid\/#website","url":"https:\/\/bio4you.eu\/retseptid\/","name":"bio4you.eu\/retseptid","description":"\u00d6ko retseptid ise tegemiseks, looduslikest koostisainetest. Maitsev toit, iluhooldus, kodupuhastus ja aiandus.","potentialAction":[{"@type":"SearchAction","target":{"@type":"EntryPoint","urlTemplate":"https:\/\/bio4you.eu\/retseptid\/?s={search_term_string}"},"query-input":"required name=search_term_string"}],"inLanguage":"et"}]}},"_links":{"self":[{"href":"https:\/\/bio4you.eu\/retseptid\/wp-json\/wp\/v2\/product\/4442"}],"collection":[{"href":"https:\/\/bio4you.eu\/retseptid\/wp-json\/wp\/v2\/product"}],"about":[{"href":"https:\/\/bio4you.eu\/retseptid\/wp-json\/wp\/v2\/types\/product"}],"replies":[{"embeddable":true,"href":"https:\/\/bio4you.eu\/retseptid\/wp-json\/wp\/v2\/comments?post=4442"}],"wp:featuredmedia":[{"embeddable":true,"href":"https:\/\/bio4you.eu\/retseptid\/wp-json\/wp\/v2\/media\/4443"}],"wp:attachment":[{"href":"https:\/\/bio4you.eu\/retseptid\/wp-json\/wp\/v2\/media?parent=4442"}],"wp:term":[{"taxonomy":"product_cat","embeddable":true,"href":"https:\/\/bio4you.eu\/retseptid\/wp-json\/wp\/v2\/product_cat?post=4442"},{"taxonomy":"product_tag","embeddable":true,"href":"https:\/\/bio4you.eu\/retseptid\/wp-json\/wp\/v2\/product_tag?post=4442"}],"curies":[{"name":"wp","href":"https:\/\/api.w.org\/{rel}","templated":true}]}}