{"id":4446,"date":"2025-10-30T07:42:27","date_gmt":"2025-10-30T05:42:27","guid":{"rendered":"https:\/\/bio4you.eu\/retseptid\/?post_type=product&#038;p=4446"},"modified":"2025-09-15T19:57:34","modified_gmt":"2025-09-15T16:57:34","slug":"gluteenivaba-korvitsakreemimagustoit-kakaokupsiste-puruga","status":"publish","type":"product","link":"https:\/\/bio4you.eu\/retseptid\/toode\/gluteenivaba-korvitsakreemimagustoit-kakaokupsiste-puruga\/","title":{"rendered":"Gluteenivaba k\u00f5rvitsakreemimagustoit kakaok\u00fcpsiste puruga"},"content":{"rendered":"<p>Valmistamine:<\/p>\n<ol>\n<li style=\"font-weight: 400;\" aria-level=\"1\"><span style=\"font-weight: 400;\">Purusta gluteenivabad kakaok\u00fcpsised peeneks puruks. T\u00f5sta pool purust k\u00f5rvale kaunistamiseks, \u00fclej\u00e4\u00e4nud puru kasuta kihtides.<\/span><\/li>\n<li style=\"font-weight: 400;\" aria-level=\"1\"><span style=\"font-weight: 400;\">Sega kastrulis puhastatud orgaaniline k\u00f5rvitsap\u00fcree, orgaaniline kookospiim, orgaaniline kooritud mandlikreem, orgaaniline ks\u00fclitool ja agar-agar. Kuumuta segu keskmisel kuumusel pidevalt segades, kuni see pakseneb ja agar-agar on t\u00e4ielikult lahustunud. Lase k\u00f5rvitsakreemil veidi jahtuda.<\/span><\/li>\n<li style=\"font-weight: 400;\" aria-level=\"1\"><span style=\"font-weight: 400;\">Alusta magustoidu kihiti ehitamist: pane serveerimisklaaside p\u00f5hja kiht k\u00fcpsise puru, seej\u00e4rel kata see k\u00f5rvitsakreemiga. Korda kihte, kuni klaasid on t\u00e4is, j\u00e4ttes pealmiseks kihiks kreemi.<\/span><\/li>\n<li style=\"font-weight: 400;\" aria-level=\"1\"><span style=\"font-weight: 400;\">Aseta magustoidud k\u00fclmkappi ja lase neil jahtuda ning taheneda v\u00e4hemalt 4 tundi, eelistatavalt \u00fcle\u00f6\u00f6.<\/span><\/li>\n<li style=\"font-weight: 400;\" aria-level=\"1\"><span style=\"font-weight: 400;\">Enne serveerimist kaunista magustoidud vahukommide ja agaaviga magustatud kakao- ja sarapuup\u00e4hklikreemiga valmistatud &#8216;silmadega&#8217;. Kasuta vahukomme silmavalgetena ja lisa neile v\u00e4ikesed t\u00e4pikesed kreemi pupillideks, et luua Halloweeni teemaline efekt. Puista peale ka \u00fclej\u00e4\u00e4nud k\u00fcpsisepuru.<\/span><\/li>\n<\/ol>\n","protected":false},"excerpt":{"rendered":"<p><span style=\"font-weight: 400;\">Hirmutavalt maitsev ja gluteenivaba k\u00f5rvitsakreemimagustoit, mis sobib ideaalselt Halloweeniks! Kreemjas k\u00f5rvitsap\u00fcree kohtab kr\u00f5mpsuvat k\u00fcpsisepuru, luues unustamatu maitseelamuse.<\/span><\/p>\n<p>&nbsp;<\/p>\n<p><span style=\"font-weight: 400;\">Vaja l\u00e4heb:<\/span><\/p>\n<ul>\n<li><span style=\"font-weight: 400;\">200g puhastatud k\u00f5rvitsap\u00fcreed<\/span><\/li>\n<li><span style=\"font-weight: 400;\">120ml mahe kookospiima (nt, <a href=\"https:\/\/bio4you.eu\/et\/bio-toit\/toiduolid-kastmed-ja-kreemid\/kookospiim-400ml\">Maya Gold Kookosjook, 400ml<\/a>)<\/span><\/li>\n<li><a href=\"https:\/\/bio4you.eu\/et\/bio-toit\/toiduolid-kastmed-ja-kreemid\/paehklikreemid-ja-voided\/mandlivoie-valge-200g\"><span style=\"font-weight: 400;\">40g Fior di Loto Mandliv\u00f5iet, valge<\/span><\/a><\/li>\n<li><span style=\"font-weight: 400;\">50g ks\u00fclitooli (nt, <a href=\"https:\/\/bio4you.eu\/et\/bio-toit\/biotoit-maitseained-ja-magustajad\/suhkruasendaja\/ksuelitool-1kg\">Sanct Bernhard Ks\u00fclitoolil p\u00f5hinev lauamagusaine, 1kg<\/a>)<\/span><\/li>\n<li><span style=\"font-weight: 400;\">1,5g agar-agarit (nt, <a href=\"https:\/\/bio4you.eu\/et\/bio-toit\/biotoit-maitseained-ja-magustajad\/kergitus-ja-abiained-sooda\/agar-agar-30g\">Biovegan Agar-agar, 30g<\/a>)<\/span><\/li>\n<li><span style=\"font-weight: 400;\">12 gluteenivaba kakaok\u00fcpsist<\/span><\/li>\n<li><span style=\"font-weight: 400;\">8 vahukommi kaunistamiseks<\/span><\/li>\n<li><span style=\"font-weight: 400;\">piisavas koguses <a href=\"https:\/\/bio4you.eu\/et\/bio-toit\/toiduolid-kastmed-ja-kreemid\/paehklikreemid-ja-voided\/vegan-kakao-paehklikreem-200g\">Fior fi Loto Kakao-p\u00e4hklikreemi<\/a><\/span><\/li>\n<\/ul>\n","protected":false},"featured_media":4447,"comment_status":"open","ping_status":"closed","template":"","meta":{"_exactmetrics_skip_tracking":false,"_exactmetrics_sitenote_active":false,"_exactmetrics_sitenote_note":"","_exactmetrics_sitenote_category":0},"product_cat":[59,60,63,365],"product_tag":[150,561,706,679,707,708,709],"class_list":{"0":"post-4446","1":"product","2":"type-product","3":"status-publish","4":"has-post-thumbnail","6":"product_cat-featured","7":"product_cat-toiduretseptid","8":"product_cat-gluteenivabad-retseptid","9":"product_cat-laste-lemmikud","10":"product_tag-gluteenivaba-2","11":"product_tag-gluteenivaba-magustoit","12":"product_tag-halloweeniks","13":"product_tag-kihiline-magustoit","14":"product_tag-korvitsamagustoit","15":"product_tag-korvitsane-gluteenivaba-magustoit","16":"product_tag-magustoiduks","18":"first","19":"instock","20":"shipping-taxable","21":"product-type-simple"},"yoast_head":"<!-- This site is optimized with the Yoast SEO plugin v23.3 - https:\/\/yoast.com\/wordpress\/plugins\/seo\/ -->\n<title>Gluteenivaba k\u00f5rvitsakreemimagustoit kakaok\u00fcpsiste puruga - bio4you.eu\/retseptid<\/title>\n<meta name=\"description\" content=\"Valmista hirmutavalt maitsev ja gluteenivaba k\u00f5rvitsakreemimagustoit kakao k\u00fcpsiste ja kreemja k\u00f5rvitsap\u00fcreega. Ideaalne Halloweeni peolauale, lihtne valmistada ja pakub erilise magustoiduelamuse. Avasta Bio4you mahetooted!\" \/>\n<meta name=\"robots\" content=\"index, follow, max-snippet:-1, max-image-preview:large, max-video-preview:-1\" \/>\n<link rel=\"canonical\" href=\"https:\/\/bio4you.eu\/retseptid\/toode\/gluteenivaba-korvitsakreemimagustoit-kakaokupsiste-puruga\/\" \/>\n<meta property=\"og:locale\" content=\"et_EE\" \/>\n<meta property=\"og:type\" content=\"article\" \/>\n<meta property=\"og:title\" content=\"Gluteenivaba k\u00f5rvitsakreemimagustoit kakaok\u00fcpsiste puruga\" \/>\n<meta property=\"og:description\" content=\"Valmista hirmutavalt maitsev ja gluteenivaba k\u00f5rvitsakreemimagustoit kakao Novellini k\u00fcpsiste ja kreemja k\u00f5rvitsap\u00fcreega. Ideaalne Halloweeni peolauale, lihtne valmistada ja pakub erilise magustoiduelamuse. Avasta Bio4you mahetooted!\" \/>\n<meta property=\"og:url\" content=\"https:\/\/bio4you.eu\/retseptid\/toode\/gluteenivaba-korvitsakreemimagustoit-kakaokupsiste-puruga\/\" \/>\n<meta property=\"og:site_name\" content=\"bio4you.eu\/retseptid\" \/>\n<meta property=\"article:modified_time\" content=\"2025-09-15T16:57:34+00:00\" \/>\n<meta property=\"og:image\" content=\"https:\/\/bio4you.eu\/retseptid\/wp-content\/uploads\/2025\/09\/korvitsamagustoit_gluteenivabade_kupsistega.jpeg\" \/>\n\t<meta property=\"og:image:width\" content=\"1280\" \/>\n\t<meta property=\"og:image:height\" content=\"896\" \/>\n\t<meta property=\"og:image:type\" content=\"image\/jpeg\" \/>\n<meta name=\"twitter:label1\" content=\"Est. reading time\" \/>\n\t<meta name=\"twitter:data1\" content=\"1 minut\" \/>\n<script type=\"application\/ld+json\" class=\"yoast-schema-graph\">{\"@context\":\"https:\/\/schema.org\",\"@graph\":[{\"@type\":\"WebPage\",\"@id\":\"https:\/\/bio4you.eu\/retseptid\/toode\/gluteenivaba-korvitsakreemimagustoit-kakaokupsiste-puruga\/\",\"url\":\"https:\/\/bio4you.eu\/retseptid\/toode\/gluteenivaba-korvitsakreemimagustoit-kakaokupsiste-puruga\/\",\"name\":\"Gluteenivaba k\u00f5rvitsakreemimagustoit kakaok\u00fcpsiste puruga - bio4you.eu\/retseptid\",\"isPartOf\":{\"@id\":\"https:\/\/bio4you.eu\/retseptid\/#website\"},\"primaryImageOfPage\":{\"@id\":\"https:\/\/bio4you.eu\/retseptid\/toode\/gluteenivaba-korvitsakreemimagustoit-kakaokupsiste-puruga\/#primaryimage\"},\"image\":{\"@id\":\"https:\/\/bio4you.eu\/retseptid\/toode\/gluteenivaba-korvitsakreemimagustoit-kakaokupsiste-puruga\/#primaryimage\"},\"thumbnailUrl\":\"https:\/\/bio4you.eu\/retseptid\/wp-content\/uploads\/2025\/09\/korvitsamagustoit_gluteenivabade_kupsistega.jpeg\",\"datePublished\":\"2025-10-30T05:42:27+00:00\",\"dateModified\":\"2025-09-15T16:57:34+00:00\",\"description\":\"Valmista hirmutavalt maitsev ja gluteenivaba k\u00f5rvitsakreemimagustoit kakao k\u00fcpsiste ja kreemja k\u00f5rvitsap\u00fcreega. Ideaalne Halloweeni peolauale, lihtne valmistada ja pakub erilise magustoiduelamuse. Avasta Bio4you mahetooted!\",\"breadcrumb\":{\"@id\":\"https:\/\/bio4you.eu\/retseptid\/toode\/gluteenivaba-korvitsakreemimagustoit-kakaokupsiste-puruga\/#breadcrumb\"},\"inLanguage\":\"et\",\"potentialAction\":[{\"@type\":\"ReadAction\",\"target\":[\"https:\/\/bio4you.eu\/retseptid\/toode\/gluteenivaba-korvitsakreemimagustoit-kakaokupsiste-puruga\/\"]}]},{\"@type\":\"ImageObject\",\"inLanguage\":\"et\",\"@id\":\"https:\/\/bio4you.eu\/retseptid\/toode\/gluteenivaba-korvitsakreemimagustoit-kakaokupsiste-puruga\/#primaryimage\",\"url\":\"https:\/\/bio4you.eu\/retseptid\/wp-content\/uploads\/2025\/09\/korvitsamagustoit_gluteenivabade_kupsistega.jpeg\",\"contentUrl\":\"https:\/\/bio4you.eu\/retseptid\/wp-content\/uploads\/2025\/09\/korvitsamagustoit_gluteenivabade_kupsistega.jpeg\",\"width\":1280,\"height\":896,\"caption\":\"Gluteenivaba K\u00f5rvitsakreemimagustoit Halloweeni kaunistustega\"},{\"@type\":\"BreadcrumbList\",\"@id\":\"https:\/\/bio4you.eu\/retseptid\/toode\/gluteenivaba-korvitsakreemimagustoit-kakaokupsiste-puruga\/#breadcrumb\",\"itemListElement\":[{\"@type\":\"ListItem\",\"position\":1,\"name\":\"Home\",\"item\":\"https:\/\/bio4you.eu\/retseptid\/\"},{\"@type\":\"ListItem\",\"position\":2,\"name\":\"Gluteenivaba k\u00f5rvitsakreemimagustoit kakaok\u00fcpsiste puruga\"}]},{\"@type\":\"WebSite\",\"@id\":\"https:\/\/bio4you.eu\/retseptid\/#website\",\"url\":\"https:\/\/bio4you.eu\/retseptid\/\",\"name\":\"bio4you.eu\/retseptid\",\"description\":\"\u00d6ko retseptid ise tegemiseks, looduslikest koostisainetest. Maitsev toit, iluhooldus, kodupuhastus ja aiandus.\",\"potentialAction\":[{\"@type\":\"SearchAction\",\"target\":{\"@type\":\"EntryPoint\",\"urlTemplate\":\"https:\/\/bio4you.eu\/retseptid\/?s={search_term_string}\"},\"query-input\":\"required name=search_term_string\"}],\"inLanguage\":\"et\"}]}<\/script>\n<!-- \/ Yoast SEO plugin. -->","yoast_head_json":{"title":"Gluteenivaba k\u00f5rvitsakreemimagustoit kakaok\u00fcpsiste puruga - bio4you.eu\/retseptid","description":"Valmista hirmutavalt maitsev ja gluteenivaba k\u00f5rvitsakreemimagustoit kakao k\u00fcpsiste ja kreemja k\u00f5rvitsap\u00fcreega. Ideaalne Halloweeni peolauale, lihtne valmistada ja pakub erilise magustoiduelamuse. Avasta Bio4you mahetooted!","robots":{"index":"index","follow":"follow","max-snippet":"max-snippet:-1","max-image-preview":"max-image-preview:large","max-video-preview":"max-video-preview:-1"},"canonical":"https:\/\/bio4you.eu\/retseptid\/toode\/gluteenivaba-korvitsakreemimagustoit-kakaokupsiste-puruga\/","og_locale":"et_EE","og_type":"article","og_title":"Gluteenivaba k\u00f5rvitsakreemimagustoit kakaok\u00fcpsiste puruga","og_description":"Valmista hirmutavalt maitsev ja gluteenivaba k\u00f5rvitsakreemimagustoit kakao Novellini k\u00fcpsiste ja kreemja k\u00f5rvitsap\u00fcreega. Ideaalne Halloweeni peolauale, lihtne valmistada ja pakub erilise magustoiduelamuse. Avasta Bio4you mahetooted!","og_url":"https:\/\/bio4you.eu\/retseptid\/toode\/gluteenivaba-korvitsakreemimagustoit-kakaokupsiste-puruga\/","og_site_name":"bio4you.eu\/retseptid","article_modified_time":"2025-09-15T16:57:34+00:00","og_image":[{"width":1280,"height":896,"url":"https:\/\/bio4you.eu\/retseptid\/wp-content\/uploads\/2025\/09\/korvitsamagustoit_gluteenivabade_kupsistega.jpeg","type":"image\/jpeg"}],"twitter_misc":{"Est. reading time":"1 minut"},"schema":{"@context":"https:\/\/schema.org","@graph":[{"@type":"WebPage","@id":"https:\/\/bio4you.eu\/retseptid\/toode\/gluteenivaba-korvitsakreemimagustoit-kakaokupsiste-puruga\/","url":"https:\/\/bio4you.eu\/retseptid\/toode\/gluteenivaba-korvitsakreemimagustoit-kakaokupsiste-puruga\/","name":"Gluteenivaba k\u00f5rvitsakreemimagustoit kakaok\u00fcpsiste puruga - bio4you.eu\/retseptid","isPartOf":{"@id":"https:\/\/bio4you.eu\/retseptid\/#website"},"primaryImageOfPage":{"@id":"https:\/\/bio4you.eu\/retseptid\/toode\/gluteenivaba-korvitsakreemimagustoit-kakaokupsiste-puruga\/#primaryimage"},"image":{"@id":"https:\/\/bio4you.eu\/retseptid\/toode\/gluteenivaba-korvitsakreemimagustoit-kakaokupsiste-puruga\/#primaryimage"},"thumbnailUrl":"https:\/\/bio4you.eu\/retseptid\/wp-content\/uploads\/2025\/09\/korvitsamagustoit_gluteenivabade_kupsistega.jpeg","datePublished":"2025-10-30T05:42:27+00:00","dateModified":"2025-09-15T16:57:34+00:00","description":"Valmista hirmutavalt maitsev ja gluteenivaba k\u00f5rvitsakreemimagustoit kakao k\u00fcpsiste ja kreemja k\u00f5rvitsap\u00fcreega. Ideaalne Halloweeni peolauale, lihtne valmistada ja pakub erilise magustoiduelamuse. Avasta Bio4you mahetooted!","breadcrumb":{"@id":"https:\/\/bio4you.eu\/retseptid\/toode\/gluteenivaba-korvitsakreemimagustoit-kakaokupsiste-puruga\/#breadcrumb"},"inLanguage":"et","potentialAction":[{"@type":"ReadAction","target":["https:\/\/bio4you.eu\/retseptid\/toode\/gluteenivaba-korvitsakreemimagustoit-kakaokupsiste-puruga\/"]}]},{"@type":"ImageObject","inLanguage":"et","@id":"https:\/\/bio4you.eu\/retseptid\/toode\/gluteenivaba-korvitsakreemimagustoit-kakaokupsiste-puruga\/#primaryimage","url":"https:\/\/bio4you.eu\/retseptid\/wp-content\/uploads\/2025\/09\/korvitsamagustoit_gluteenivabade_kupsistega.jpeg","contentUrl":"https:\/\/bio4you.eu\/retseptid\/wp-content\/uploads\/2025\/09\/korvitsamagustoit_gluteenivabade_kupsistega.jpeg","width":1280,"height":896,"caption":"Gluteenivaba K\u00f5rvitsakreemimagustoit Halloweeni kaunistustega"},{"@type":"BreadcrumbList","@id":"https:\/\/bio4you.eu\/retseptid\/toode\/gluteenivaba-korvitsakreemimagustoit-kakaokupsiste-puruga\/#breadcrumb","itemListElement":[{"@type":"ListItem","position":1,"name":"Home","item":"https:\/\/bio4you.eu\/retseptid\/"},{"@type":"ListItem","position":2,"name":"Gluteenivaba k\u00f5rvitsakreemimagustoit kakaok\u00fcpsiste puruga"}]},{"@type":"WebSite","@id":"https:\/\/bio4you.eu\/retseptid\/#website","url":"https:\/\/bio4you.eu\/retseptid\/","name":"bio4you.eu\/retseptid","description":"\u00d6ko retseptid ise tegemiseks, looduslikest koostisainetest. Maitsev toit, iluhooldus, kodupuhastus ja aiandus.","potentialAction":[{"@type":"SearchAction","target":{"@type":"EntryPoint","urlTemplate":"https:\/\/bio4you.eu\/retseptid\/?s={search_term_string}"},"query-input":"required name=search_term_string"}],"inLanguage":"et"}]}},"_links":{"self":[{"href":"https:\/\/bio4you.eu\/retseptid\/wp-json\/wp\/v2\/product\/4446"}],"collection":[{"href":"https:\/\/bio4you.eu\/retseptid\/wp-json\/wp\/v2\/product"}],"about":[{"href":"https:\/\/bio4you.eu\/retseptid\/wp-json\/wp\/v2\/types\/product"}],"replies":[{"embeddable":true,"href":"https:\/\/bio4you.eu\/retseptid\/wp-json\/wp\/v2\/comments?post=4446"}],"wp:featuredmedia":[{"embeddable":true,"href":"https:\/\/bio4you.eu\/retseptid\/wp-json\/wp\/v2\/media\/4447"}],"wp:attachment":[{"href":"https:\/\/bio4you.eu\/retseptid\/wp-json\/wp\/v2\/media?parent=4446"}],"wp:term":[{"taxonomy":"product_cat","embeddable":true,"href":"https:\/\/bio4you.eu\/retseptid\/wp-json\/wp\/v2\/product_cat?post=4446"},{"taxonomy":"product_tag","embeddable":true,"href":"https:\/\/bio4you.eu\/retseptid\/wp-json\/wp\/v2\/product_tag?post=4446"}],"curies":[{"name":"wp","href":"https:\/\/api.w.org\/{rel}","templated":true}]}}