{"id":4448,"date":"2025-10-20T07:10:46","date_gmt":"2025-10-20T04:10:46","guid":{"rendered":"https:\/\/bio4you.eu\/retseptid\/?post_type=product&#038;p=4448"},"modified":"2025-09-15T20:19:15","modified_gmt":"2025-09-15T17:19:15","slug":"mehhiko-maisileib-gluteenivaba","status":"publish","type":"product","link":"https:\/\/bio4you.eu\/retseptid\/toode\/mehhiko-maisileib-gluteenivaba\/","title":{"rendered":"Mehhiko maisileib (Gluteenivaba)"},"content":{"rendered":"<p>Valmistamine:<\/p>\n<ol>\n<li>Eelkuumuta ahi 180\u00b0C (p\u00f6\u00f6rd\u00f5hk) v\u00f5i 200\u00b0C (tavaline kuumus) ja m\u00e4\u00e4ri neljakandiline k\u00fcpsetusvorm (umbes 20&#215;20 cm) v\u00f5iga v\u00f5i vooderda k\u00fcpsetuspaberiga.<\/li>\n<li>Sega suures kausis maisijahu, k\u00fcpsetuspulber ja sool.<\/li>\n<li>Teises kausis vahusta pehme v\u00f5i ja mesi kreemjaks. Lisa munad \u00fckshaaval, vahustades p\u00e4rast iga lisamist. Seej\u00e4rel lisa piim ja sega korralikult l\u00e4bi.<\/li>\n<li>Vala vedelad koostisosad kuivadele koostisosadele ja sega kergelt, kuni k\u00f5ik on just kokku segunenud. \u00c4ra \u00fcle sega!<\/li>\n<li>Lisa hakitud roheline sibul ja marineeritud jalape\u00f1od ning enamik riivitud juustust taignasse ja sega \u00f5rnalt l\u00e4bi.<\/li>\n<li>Vala taigen ettevalmistatud vormi ja silu pealt. Puista peale \u00fclej\u00e4\u00e4nud juust ja aseta kaunistuseks m\u00f5ned jalape\u00f1o viilud.<\/li>\n<li>K\u00fcpseta eelkuumutatud ahjus umbes 20-25 minutit v\u00f5i kuni maisileib on kuldpruun ja sisse torgatud hambaork tuleb puhtalt v\u00e4lja.<\/li>\n<li>Lase maisileival vormis umbes 10 minutit jahtuda, seej\u00e4rel t\u00f5sta see restile ja lase t\u00e4ielikult jahtuda enne serveerimist.<\/li>\n<\/ol>\n","protected":false},"excerpt":{"rendered":"<p><span style=\"font-weight: 400;\">See isu\u00e4ratav Mehhiko maisileib on gluteenivaba, nisuvaba ja p\u00e4rmivaba, pakkudes ideaalset lisandit igale toidulauale. Kiirelt valmiv ja h\u00f5rk, see on suurep\u00e4rane valik nii eelroaks kui ka suupisteks, tuues sinu lauale ehedaid Mehhiko maitseid.<\/span><\/p>\n<p><span style=\"font-weight: 400;\">Vaja l\u00e4heb:<\/span><\/p>\n<ul>\n<li><a href=\"https:\/\/bio4you.eu\/et\/bio-toit\/kuivained-ja-idandamine\/jahud\/gluteenivaba-maisijahu-500g\"><span style=\"font-weight: 400;\">200g Bauck Hof Mahe Maisijahu Gluteenivaba<\/span><\/a><\/li>\n<li><span style=\"font-weight: 400;\">60g pehmet v\u00f5id<\/span><\/li>\n<li><span style=\"font-weight: 400;\">2 teelusikat\u00e4it mahedat mett<\/span><\/li>\n<li><span style=\"font-weight: 400;\">2tl k\u00fcpsetuspulber (nt, <a href=\"https:\/\/bio4you.eu\/et\/bio-toit\/biotoit-maitseained-ja-magustajad\/gluteenivaba-kuepsetuspulber-3x18g\">Baule Volante Gluteenivaba k\u00fcpsetuspulber, 3x18g)<\/a><\/span><\/li>\n<li><span style=\"font-weight: 400;\">2 muna<\/span><\/li>\n<li><span style=\"font-weight: 400;\">250ml piima<\/span><\/li>\n<li><span style=\"font-weight: 400;\">1tl soola<\/span><\/li>\n<li><span style=\"font-weight: 400;\">1 v\u00e4ike roheline sibul<\/span><\/li>\n<li><span style=\"font-weight: 400;\">2-3 spl hakitud marineeritud jalape\u00f1osid<\/span><\/li>\n<li><span style=\"font-weight: 400;\">10g parmesani v\u00f5i cheddarit<\/span><\/li>\n<li><span style=\"font-weight: 400;\">M\u00f5ned jalape\u00f1oviilud peale raputamiseks<\/span><\/li>\n<\/ul>\n","protected":false},"featured_media":4449,"comment_status":"open","ping_status":"closed","template":"","meta":{"_exactmetrics_skip_tracking":false,"_exactmetrics_sitenote_active":false,"_exactmetrics_sitenote_note":"","_exactmetrics_sitenote_category":0},"product_cat":[59,60,63,280,71],"product_tag":[505,711,628,714,710,712,713],"class_list":{"0":"post-4448","1":"product","2":"type-product","3":"status-publish","4":"has-post-thumbnail","6":"product_cat-featured","7":"product_cat-toiduretseptid","8":"product_cat-gluteenivabad-retseptid","9":"product_cat-koogid-ja-kupsised","10":"product_cat-riisi-ja-teraviljatoidud","11":"product_tag-gluteenivaba-kupsetis","12":"product_tag-gluteenivaba-maisileib","13":"product_tag-gluteenivaba-vahepala","14":"product_tag-jalapenoga-maisileib","15":"product_tag-maisileib","16":"product_tag-mehhikoparane-maisileib","17":"product_tag-soolane-kupsetis","19":"first","20":"instock","21":"shipping-taxable","22":"product-type-simple"},"yoast_head":"<!-- This site is optimized with the Yoast SEO plugin v23.3 - https:\/\/yoast.com\/wordpress\/plugins\/seo\/ -->\n<title>Mehhiko maisileib (Gluteenivaba) - bio4you.eu\/retseptid<\/title>\n<meta name=\"description\" content=\"Avasta h\u00f5rk gluteenivaba Mehhiko maisileiva retsept Bio4you. Valmista see v\u00fcrtsikas ja mahlane maisileib kerge vaevaga, kasutades kvaliteetseid mahetooteid. Ideaalne lisand supi k\u00f5rvale v\u00f5i iseseisva roana.\" \/>\n<meta name=\"robots\" content=\"index, follow, max-snippet:-1, max-image-preview:large, max-video-preview:-1\" \/>\n<link rel=\"canonical\" href=\"https:\/\/bio4you.eu\/retseptid\/toode\/mehhiko-maisileib-gluteenivaba\/\" \/>\n<meta property=\"og:locale\" content=\"et_EE\" \/>\n<meta property=\"og:type\" content=\"article\" \/>\n<meta property=\"og:title\" content=\"Mehhiko maisileib retsept \u2013 Gluteenivaba ja maitsev | Bio4you\" \/>\n<meta property=\"og:description\" content=\"Avasta h\u00f5rk gluteenivaba Mehhiko maisileiva retsept Bio4you. Valmista see v\u00fcrtsikas ja mahlane maisileib kerge vaevaga, kasutades kvaliteetseid mahetooteid. Ideaalne lisand supi k\u00f5rvale v\u00f5i iseseisva roana.\" \/>\n<meta property=\"og:url\" content=\"https:\/\/bio4you.eu\/retseptid\/toode\/mehhiko-maisileib-gluteenivaba\/\" \/>\n<meta property=\"og:site_name\" content=\"bio4you.eu\/retseptid\" \/>\n<meta property=\"article:modified_time\" content=\"2025-09-15T17:19:15+00:00\" \/>\n<meta property=\"og:image\" content=\"https:\/\/bio4you.eu\/retseptid\/wp-content\/uploads\/2025\/09\/mehhiko-maisileib_gluteenivaba.jpeg\" \/>\n\t<meta property=\"og:image:width\" content=\"1280\" \/>\n\t<meta property=\"og:image:height\" content=\"896\" \/>\n\t<meta property=\"og:image:type\" content=\"image\/jpeg\" \/>\n<meta name=\"twitter:label1\" content=\"Est. reading time\" \/>\n\t<meta name=\"twitter:data1\" content=\"1 minut\" \/>\n<script type=\"application\/ld+json\" class=\"yoast-schema-graph\">{\"@context\":\"https:\/\/schema.org\",\"@graph\":[{\"@type\":\"WebPage\",\"@id\":\"https:\/\/bio4you.eu\/retseptid\/toode\/mehhiko-maisileib-gluteenivaba\/\",\"url\":\"https:\/\/bio4you.eu\/retseptid\/toode\/mehhiko-maisileib-gluteenivaba\/\",\"name\":\"Mehhiko maisileib (Gluteenivaba) - bio4you.eu\/retseptid\",\"isPartOf\":{\"@id\":\"https:\/\/bio4you.eu\/retseptid\/#website\"},\"primaryImageOfPage\":{\"@id\":\"https:\/\/bio4you.eu\/retseptid\/toode\/mehhiko-maisileib-gluteenivaba\/#primaryimage\"},\"image\":{\"@id\":\"https:\/\/bio4you.eu\/retseptid\/toode\/mehhiko-maisileib-gluteenivaba\/#primaryimage\"},\"thumbnailUrl\":\"https:\/\/bio4you.eu\/retseptid\/wp-content\/uploads\/2025\/09\/mehhiko-maisileib_gluteenivaba.jpeg\",\"datePublished\":\"2025-10-20T04:10:46+00:00\",\"dateModified\":\"2025-09-15T17:19:15+00:00\",\"description\":\"Avasta h\u00f5rk gluteenivaba Mehhiko maisileiva retsept Bio4you. Valmista see v\u00fcrtsikas ja mahlane maisileib kerge vaevaga, kasutades kvaliteetseid mahetooteid. Ideaalne lisand supi k\u00f5rvale v\u00f5i iseseisva roana.\",\"breadcrumb\":{\"@id\":\"https:\/\/bio4you.eu\/retseptid\/toode\/mehhiko-maisileib-gluteenivaba\/#breadcrumb\"},\"inLanguage\":\"et\",\"potentialAction\":[{\"@type\":\"ReadAction\",\"target\":[\"https:\/\/bio4you.eu\/retseptid\/toode\/mehhiko-maisileib-gluteenivaba\/\"]}]},{\"@type\":\"ImageObject\",\"inLanguage\":\"et\",\"@id\":\"https:\/\/bio4you.eu\/retseptid\/toode\/mehhiko-maisileib-gluteenivaba\/#primaryimage\",\"url\":\"https:\/\/bio4you.eu\/retseptid\/wp-content\/uploads\/2025\/09\/mehhiko-maisileib_gluteenivaba.jpeg\",\"contentUrl\":\"https:\/\/bio4you.eu\/retseptid\/wp-content\/uploads\/2025\/09\/mehhiko-maisileib_gluteenivaba.jpeg\",\"width\":1280,\"height\":896,\"caption\":\"Avasta h\u00f5rk gluteenivaba Mehhiko maisileiva retsept Bio4you. Valmista see v\u00fcrtsikas ja mahlane maisileib kerge vaevaga, kasutades kvaliteetseid mahetooteid. Ideaalne lisand supi k\u00f5rvale v\u00f5i iseseisva roana.\"},{\"@type\":\"BreadcrumbList\",\"@id\":\"https:\/\/bio4you.eu\/retseptid\/toode\/mehhiko-maisileib-gluteenivaba\/#breadcrumb\",\"itemListElement\":[{\"@type\":\"ListItem\",\"position\":1,\"name\":\"Home\",\"item\":\"https:\/\/bio4you.eu\/retseptid\/\"},{\"@type\":\"ListItem\",\"position\":2,\"name\":\"Mehhiko maisileib (Gluteenivaba)\"}]},{\"@type\":\"WebSite\",\"@id\":\"https:\/\/bio4you.eu\/retseptid\/#website\",\"url\":\"https:\/\/bio4you.eu\/retseptid\/\",\"name\":\"bio4you.eu\/retseptid\",\"description\":\"\u00d6ko retseptid ise tegemiseks, looduslikest koostisainetest. Maitsev toit, iluhooldus, kodupuhastus ja aiandus.\",\"potentialAction\":[{\"@type\":\"SearchAction\",\"target\":{\"@type\":\"EntryPoint\",\"urlTemplate\":\"https:\/\/bio4you.eu\/retseptid\/?s={search_term_string}\"},\"query-input\":\"required name=search_term_string\"}],\"inLanguage\":\"et\"}]}<\/script>\n<!-- \/ Yoast SEO plugin. -->","yoast_head_json":{"title":"Mehhiko maisileib (Gluteenivaba) - bio4you.eu\/retseptid","description":"Avasta h\u00f5rk gluteenivaba Mehhiko maisileiva retsept Bio4you. Valmista see v\u00fcrtsikas ja mahlane maisileib kerge vaevaga, kasutades kvaliteetseid mahetooteid. Ideaalne lisand supi k\u00f5rvale v\u00f5i iseseisva roana.","robots":{"index":"index","follow":"follow","max-snippet":"max-snippet:-1","max-image-preview":"max-image-preview:large","max-video-preview":"max-video-preview:-1"},"canonical":"https:\/\/bio4you.eu\/retseptid\/toode\/mehhiko-maisileib-gluteenivaba\/","og_locale":"et_EE","og_type":"article","og_title":"Mehhiko maisileib retsept \u2013 Gluteenivaba ja maitsev | Bio4you","og_description":"Avasta h\u00f5rk gluteenivaba Mehhiko maisileiva retsept Bio4you. Valmista see v\u00fcrtsikas ja mahlane maisileib kerge vaevaga, kasutades kvaliteetseid mahetooteid. Ideaalne lisand supi k\u00f5rvale v\u00f5i iseseisva roana.","og_url":"https:\/\/bio4you.eu\/retseptid\/toode\/mehhiko-maisileib-gluteenivaba\/","og_site_name":"bio4you.eu\/retseptid","article_modified_time":"2025-09-15T17:19:15+00:00","og_image":[{"width":1280,"height":896,"url":"https:\/\/bio4you.eu\/retseptid\/wp-content\/uploads\/2025\/09\/mehhiko-maisileib_gluteenivaba.jpeg","type":"image\/jpeg"}],"twitter_misc":{"Est. reading time":"1 minut"},"schema":{"@context":"https:\/\/schema.org","@graph":[{"@type":"WebPage","@id":"https:\/\/bio4you.eu\/retseptid\/toode\/mehhiko-maisileib-gluteenivaba\/","url":"https:\/\/bio4you.eu\/retseptid\/toode\/mehhiko-maisileib-gluteenivaba\/","name":"Mehhiko maisileib (Gluteenivaba) - bio4you.eu\/retseptid","isPartOf":{"@id":"https:\/\/bio4you.eu\/retseptid\/#website"},"primaryImageOfPage":{"@id":"https:\/\/bio4you.eu\/retseptid\/toode\/mehhiko-maisileib-gluteenivaba\/#primaryimage"},"image":{"@id":"https:\/\/bio4you.eu\/retseptid\/toode\/mehhiko-maisileib-gluteenivaba\/#primaryimage"},"thumbnailUrl":"https:\/\/bio4you.eu\/retseptid\/wp-content\/uploads\/2025\/09\/mehhiko-maisileib_gluteenivaba.jpeg","datePublished":"2025-10-20T04:10:46+00:00","dateModified":"2025-09-15T17:19:15+00:00","description":"Avasta h\u00f5rk gluteenivaba Mehhiko maisileiva retsept Bio4you. Valmista see v\u00fcrtsikas ja mahlane maisileib kerge vaevaga, kasutades kvaliteetseid mahetooteid. Ideaalne lisand supi k\u00f5rvale v\u00f5i iseseisva roana.","breadcrumb":{"@id":"https:\/\/bio4you.eu\/retseptid\/toode\/mehhiko-maisileib-gluteenivaba\/#breadcrumb"},"inLanguage":"et","potentialAction":[{"@type":"ReadAction","target":["https:\/\/bio4you.eu\/retseptid\/toode\/mehhiko-maisileib-gluteenivaba\/"]}]},{"@type":"ImageObject","inLanguage":"et","@id":"https:\/\/bio4you.eu\/retseptid\/toode\/mehhiko-maisileib-gluteenivaba\/#primaryimage","url":"https:\/\/bio4you.eu\/retseptid\/wp-content\/uploads\/2025\/09\/mehhiko-maisileib_gluteenivaba.jpeg","contentUrl":"https:\/\/bio4you.eu\/retseptid\/wp-content\/uploads\/2025\/09\/mehhiko-maisileib_gluteenivaba.jpeg","width":1280,"height":896,"caption":"Avasta h\u00f5rk gluteenivaba Mehhiko maisileiva retsept Bio4you. Valmista see v\u00fcrtsikas ja mahlane maisileib kerge vaevaga, kasutades kvaliteetseid mahetooteid. Ideaalne lisand supi k\u00f5rvale v\u00f5i iseseisva roana."},{"@type":"BreadcrumbList","@id":"https:\/\/bio4you.eu\/retseptid\/toode\/mehhiko-maisileib-gluteenivaba\/#breadcrumb","itemListElement":[{"@type":"ListItem","position":1,"name":"Home","item":"https:\/\/bio4you.eu\/retseptid\/"},{"@type":"ListItem","position":2,"name":"Mehhiko maisileib (Gluteenivaba)"}]},{"@type":"WebSite","@id":"https:\/\/bio4you.eu\/retseptid\/#website","url":"https:\/\/bio4you.eu\/retseptid\/","name":"bio4you.eu\/retseptid","description":"\u00d6ko retseptid ise tegemiseks, looduslikest koostisainetest. Maitsev toit, iluhooldus, kodupuhastus ja aiandus.","potentialAction":[{"@type":"SearchAction","target":{"@type":"EntryPoint","urlTemplate":"https:\/\/bio4you.eu\/retseptid\/?s={search_term_string}"},"query-input":"required name=search_term_string"}],"inLanguage":"et"}]}},"_links":{"self":[{"href":"https:\/\/bio4you.eu\/retseptid\/wp-json\/wp\/v2\/product\/4448"}],"collection":[{"href":"https:\/\/bio4you.eu\/retseptid\/wp-json\/wp\/v2\/product"}],"about":[{"href":"https:\/\/bio4you.eu\/retseptid\/wp-json\/wp\/v2\/types\/product"}],"replies":[{"embeddable":true,"href":"https:\/\/bio4you.eu\/retseptid\/wp-json\/wp\/v2\/comments?post=4448"}],"wp:featuredmedia":[{"embeddable":true,"href":"https:\/\/bio4you.eu\/retseptid\/wp-json\/wp\/v2\/media\/4449"}],"wp:attachment":[{"href":"https:\/\/bio4you.eu\/retseptid\/wp-json\/wp\/v2\/media?parent=4448"}],"wp:term":[{"taxonomy":"product_cat","embeddable":true,"href":"https:\/\/bio4you.eu\/retseptid\/wp-json\/wp\/v2\/product_cat?post=4448"},{"taxonomy":"product_tag","embeddable":true,"href":"https:\/\/bio4you.eu\/retseptid\/wp-json\/wp\/v2\/product_tag?post=4448"}],"curies":[{"name":"wp","href":"https:\/\/api.w.org\/{rel}","templated":true}]}}