{"id":4450,"date":"2025-10-23T07:29:04","date_gmt":"2025-10-23T04:29:04","guid":{"rendered":"https:\/\/bio4you.eu\/retseptid\/?post_type=product&#038;p=4450"},"modified":"2025-09-15T20:34:02","modified_gmt":"2025-09-15T17:34:02","slug":"kiire-laatsefusilli-tomatikastme-ja-korvitsaseemneoliga","status":"publish","type":"product","link":"https:\/\/bio4you.eu\/retseptid\/toode\/kiire-laatsefusilli-tomatikastme-ja-korvitsaseemneoliga\/","title":{"rendered":"Kiire l\u00e4\u00e4tsefusilli tomatikastme ja k\u00f5rvitsaseemne\u00f5liga"},"content":{"rendered":"<p>Valmistamine:<\/p>\n<ol>\n<li>Keeda l\u00e4\u00e4tsfusilli vastavalt pakendi juhistele, kuni see on al dente. N\u00f5ruta ja j\u00e4ta k\u00f5rvale.<\/li>\n<li>Kuumuta pannil veidi vett v\u00f5i oliivi\u00f5li (kui eelistad) keskmisel kuumusel. Lisa hakitud sibul ja prae, kuni see on klaasjas, umbes 3-4 minutit.<\/li>\n<li>Lisa hakitud k\u00fc\u00fcslauk ja pune, prae veel minut.<\/li>\n<li>Lisa tomatipasta ja umbes 100 ml vett. Lase kastmel keema t\u00f5usta, seej\u00e4rel alanda kuumust ja hauta 5-7 minutit, et maitsed seguneksid.<\/li>\n<li>Maitsesta soola ja pipraga.<\/li>\n<li>Sega keedetud fusilli tomatikastmega.<\/li>\n<li>Serveerimisel nirista igale portsjonile k\u00fclmpress k\u00f5rvitsaseemne\u00f5li ja kaunista v\u00e4rske basiilikuga.<\/li>\n<\/ol>\n","protected":false},"excerpt":{"rendered":"<p>Naudi kerget ja toitvat gluteenivaba ning vegan pastarooga, mis valmib kiirelt. Bio4you rohelistest l\u00e4\u00e4tsedest fusilli ja rikkalik kodune tomatipasta saavad t\u00e4iusliku tasakaalu aromaatse k\u00fclmpress k\u00f5rvitsaseemne\u00f5liga.<\/p>\n<p>Vaja l\u00e4heb<\/p>\n<ul>\n<li>400g <a href=\"https:\/\/bio4you.eu\/et\/bio-toit\/kuivained-ja-idandamine\/rohelistest-laeaetsedest-fusilli-250g\">Fior di Loto Rohelistest l\u00e4\u00e4tsedest fusillit<\/a><\/li>\n<li>400g<a href=\"https:\/\/bio4you.eu\/et\/bio-toit\/toiduolid-kastmed-ja-kreemid\/kodune-tomatipasta-700g\"> Fior di Loto Tomatipastat<\/a><\/li>\n<li>Paar teelusikat\u00e4it <a href=\"https:\/\/bio4you.eu\/et\/bio-toit\/toiduolid-kastmed-ja-kreemid\/paehkli-ja-seemneolid\/kuelmpress-korvitsaseemneoli-250ml\">Fior di Loto K\u00fclmpress k\u00f5rvitsaseemne\u00f5li<\/a><\/li>\n<li>1 sibul, hakitud<\/li>\n<li>2 k\u00fc\u00fcslauguk\u00fc\u00fcnt, hakitud<\/li>\n<li>1 tl kuivatatud pune<\/li>\n<li>Sool ja must pipar maitse j\u00e4rgi<\/li>\n<li>V\u00e4rske basiilik kaunistuseks<\/li>\n<li>Soovi korral taimset juustu peale riivimiseks<\/li>\n<\/ul>\n","protected":false},"featured_media":4451,"comment_status":"open","ping_status":"closed","template":"","meta":{"_exactmetrics_skip_tracking":false,"_exactmetrics_sitenote_active":false,"_exactmetrics_sitenote_note":"","_exactmetrics_sitenote_category":0},"product_cat":[59,60,382,63,383,70,72],"product_tag":[438,718,720,719,721,698,717,716,715,473],"class_list":{"0":"post-4450","1":"product","2":"type-product","3":"status-publish","4":"has-post-thumbnail","6":"product_cat-featured","7":"product_cat-toiduretseptid","8":"product_cat-vegan-toiduretseptid","9":"product_cat-gluteenivabad-retseptid","10":"product_cat-taimetoit","11":"product_cat-pastaroad","12":"product_cat-oa-laatse-ja-hernetoidud","13":"product_tag-gluteenivaba-pasta","14":"product_tag-kiire-ja-maitsev-pastaroog","15":"product_tag-korvitsaoliga","16":"product_tag-laatsefussiili","17":"product_tag-pasta-korvitsaoliga","18":"product_tag-pastaroog","19":"product_tag-vegan-ja-gluteenivaba-ohtusook","20":"product_tag-vegan-ja-gluteenivaba-pasta","21":"product_tag-vegan-laatsepasta","22":"product_tag-vegan-pasta","24":"first","25":"instock","26":"shipping-taxable","27":"product-type-simple"},"yoast_head":"<!-- This site is optimized with the Yoast SEO plugin v23.3 - https:\/\/yoast.com\/wordpress\/plugins\/seo\/ -->\n<title>Kiire l\u00e4\u00e4tsefusilli tomatikastme ja k\u00f5rvitsaseemne\u00f5liga - bio4you.eu\/retseptid<\/title>\n<meta name=\"description\" content=\"Avasta kiire ja maitsev gluteenivaba &amp; vegan l\u00e4\u00e4tsfusilli tomatikaste. Valmistatud Fior di Loto rohelistest l\u00e4\u00e4tsedest fusillist, rikkalikust kodusest tomatipastast ja aromaatsest k\u00fclmpress k\u00f5rvitsaseemne\u00f5list. Ideaalne argip\u00e4eva \u00f5htus\u00f6\u00f6giks!\" \/>\n<meta name=\"robots\" content=\"index, follow, max-snippet:-1, max-image-preview:large, max-video-preview:-1\" \/>\n<link rel=\"canonical\" href=\"https:\/\/bio4you.eu\/retseptid\/toode\/kiire-laatsefusilli-tomatikastme-ja-korvitsaseemneoliga\/\" \/>\n<meta property=\"og:locale\" content=\"et_EE\" \/>\n<meta property=\"og:type\" content=\"article\" \/>\n<meta property=\"og:title\" content=\"Gluteenivaba &amp; Vegan L\u00e4\u00e4tsfusilli Tomatikaste K\u00f5rvitsaseemne\u00f5liga | BioRetsept\" \/>\n<meta property=\"og:description\" content=\"Avasta kiire ja maitsev gluteenivaba &amp; vegan l\u00e4\u00e4tsfusilli tomatikaste. Valmistatud Bio4you rohelistest l\u00e4\u00e4tsedest fusillist, rikkalikust kodusest tomatipastast ja aromaatsest k\u00fclmpress k\u00f5rvitsaseemne\u00f5list. Ideaalne argip\u00e4eva \u00f5htus\u00f6\u00f6giks!\" \/>\n<meta property=\"og:url\" content=\"https:\/\/bio4you.eu\/retseptid\/toode\/kiire-laatsefusilli-tomatikastme-ja-korvitsaseemneoliga\/\" \/>\n<meta property=\"og:site_name\" content=\"bio4you.eu\/retseptid\" \/>\n<meta property=\"article:modified_time\" content=\"2025-09-15T17:34:02+00:00\" \/>\n<meta property=\"og:image\" content=\"https:\/\/bio4you.eu\/retseptid\/wp-content\/uploads\/2025\/09\/vegan-laatsefussiili-tomatikastmega.jpeg\" \/>\n\t<meta property=\"og:image:width\" content=\"1280\" \/>\n\t<meta property=\"og:image:height\" content=\"896\" \/>\n\t<meta property=\"og:image:type\" content=\"image\/jpeg\" \/>\n<meta name=\"twitter:label1\" content=\"Est. reading time\" \/>\n\t<meta name=\"twitter:data1\" content=\"1 minut\" \/>\n<script type=\"application\/ld+json\" class=\"yoast-schema-graph\">{\"@context\":\"https:\/\/schema.org\",\"@graph\":[{\"@type\":\"WebPage\",\"@id\":\"https:\/\/bio4you.eu\/retseptid\/toode\/kiire-laatsefusilli-tomatikastme-ja-korvitsaseemneoliga\/\",\"url\":\"https:\/\/bio4you.eu\/retseptid\/toode\/kiire-laatsefusilli-tomatikastme-ja-korvitsaseemneoliga\/\",\"name\":\"Kiire l\u00e4\u00e4tsefusilli tomatikastme ja k\u00f5rvitsaseemne\u00f5liga - bio4you.eu\/retseptid\",\"isPartOf\":{\"@id\":\"https:\/\/bio4you.eu\/retseptid\/#website\"},\"primaryImageOfPage\":{\"@id\":\"https:\/\/bio4you.eu\/retseptid\/toode\/kiire-laatsefusilli-tomatikastme-ja-korvitsaseemneoliga\/#primaryimage\"},\"image\":{\"@id\":\"https:\/\/bio4you.eu\/retseptid\/toode\/kiire-laatsefusilli-tomatikastme-ja-korvitsaseemneoliga\/#primaryimage\"},\"thumbnailUrl\":\"https:\/\/bio4you.eu\/retseptid\/wp-content\/uploads\/2025\/09\/vegan-laatsefussiili-tomatikastmega.jpeg\",\"datePublished\":\"2025-10-23T04:29:04+00:00\",\"dateModified\":\"2025-09-15T17:34:02+00:00\",\"description\":\"Avasta kiire ja maitsev gluteenivaba & vegan l\u00e4\u00e4tsfusilli tomatikaste. Valmistatud Fior di Loto rohelistest l\u00e4\u00e4tsedest fusillist, rikkalikust kodusest tomatipastast ja aromaatsest k\u00fclmpress k\u00f5rvitsaseemne\u00f5list. Ideaalne argip\u00e4eva \u00f5htus\u00f6\u00f6giks!\",\"breadcrumb\":{\"@id\":\"https:\/\/bio4you.eu\/retseptid\/toode\/kiire-laatsefusilli-tomatikastme-ja-korvitsaseemneoliga\/#breadcrumb\"},\"inLanguage\":\"et\",\"potentialAction\":[{\"@type\":\"ReadAction\",\"target\":[\"https:\/\/bio4you.eu\/retseptid\/toode\/kiire-laatsefusilli-tomatikastme-ja-korvitsaseemneoliga\/\"]}]},{\"@type\":\"ImageObject\",\"inLanguage\":\"et\",\"@id\":\"https:\/\/bio4you.eu\/retseptid\/toode\/kiire-laatsefusilli-tomatikastme-ja-korvitsaseemneoliga\/#primaryimage\",\"url\":\"https:\/\/bio4you.eu\/retseptid\/wp-content\/uploads\/2025\/09\/vegan-laatsefussiili-tomatikastmega.jpeg\",\"contentUrl\":\"https:\/\/bio4you.eu\/retseptid\/wp-content\/uploads\/2025\/09\/vegan-laatsefussiili-tomatikastmega.jpeg\",\"width\":1280,\"height\":896,\"caption\":\"L\u00e4\u00e4tsfusilli tomatikaste basiiliku ja k\u00f5rvitsaseemne\u00f5liga\"},{\"@type\":\"BreadcrumbList\",\"@id\":\"https:\/\/bio4you.eu\/retseptid\/toode\/kiire-laatsefusilli-tomatikastme-ja-korvitsaseemneoliga\/#breadcrumb\",\"itemListElement\":[{\"@type\":\"ListItem\",\"position\":1,\"name\":\"Home\",\"item\":\"https:\/\/bio4you.eu\/retseptid\/\"},{\"@type\":\"ListItem\",\"position\":2,\"name\":\"Kiire l\u00e4\u00e4tsefusilli tomatikastme ja k\u00f5rvitsaseemne\u00f5liga\"}]},{\"@type\":\"WebSite\",\"@id\":\"https:\/\/bio4you.eu\/retseptid\/#website\",\"url\":\"https:\/\/bio4you.eu\/retseptid\/\",\"name\":\"bio4you.eu\/retseptid\",\"description\":\"\u00d6ko retseptid ise tegemiseks, looduslikest koostisainetest. Maitsev toit, iluhooldus, kodupuhastus ja aiandus.\",\"potentialAction\":[{\"@type\":\"SearchAction\",\"target\":{\"@type\":\"EntryPoint\",\"urlTemplate\":\"https:\/\/bio4you.eu\/retseptid\/?s={search_term_string}\"},\"query-input\":\"required name=search_term_string\"}],\"inLanguage\":\"et\"}]}<\/script>\n<!-- \/ Yoast SEO plugin. -->","yoast_head_json":{"title":"Kiire l\u00e4\u00e4tsefusilli tomatikastme ja k\u00f5rvitsaseemne\u00f5liga - bio4you.eu\/retseptid","description":"Avasta kiire ja maitsev gluteenivaba & vegan l\u00e4\u00e4tsfusilli tomatikaste. Valmistatud Fior di Loto rohelistest l\u00e4\u00e4tsedest fusillist, rikkalikust kodusest tomatipastast ja aromaatsest k\u00fclmpress k\u00f5rvitsaseemne\u00f5list. Ideaalne argip\u00e4eva \u00f5htus\u00f6\u00f6giks!","robots":{"index":"index","follow":"follow","max-snippet":"max-snippet:-1","max-image-preview":"max-image-preview:large","max-video-preview":"max-video-preview:-1"},"canonical":"https:\/\/bio4you.eu\/retseptid\/toode\/kiire-laatsefusilli-tomatikastme-ja-korvitsaseemneoliga\/","og_locale":"et_EE","og_type":"article","og_title":"Gluteenivaba & Vegan L\u00e4\u00e4tsfusilli Tomatikaste K\u00f5rvitsaseemne\u00f5liga | BioRetsept","og_description":"Avasta kiire ja maitsev gluteenivaba & vegan l\u00e4\u00e4tsfusilli tomatikaste. Valmistatud Bio4you rohelistest l\u00e4\u00e4tsedest fusillist, rikkalikust kodusest tomatipastast ja aromaatsest k\u00fclmpress k\u00f5rvitsaseemne\u00f5list. Ideaalne argip\u00e4eva \u00f5htus\u00f6\u00f6giks!","og_url":"https:\/\/bio4you.eu\/retseptid\/toode\/kiire-laatsefusilli-tomatikastme-ja-korvitsaseemneoliga\/","og_site_name":"bio4you.eu\/retseptid","article_modified_time":"2025-09-15T17:34:02+00:00","og_image":[{"width":1280,"height":896,"url":"https:\/\/bio4you.eu\/retseptid\/wp-content\/uploads\/2025\/09\/vegan-laatsefussiili-tomatikastmega.jpeg","type":"image\/jpeg"}],"twitter_misc":{"Est. reading time":"1 minut"},"schema":{"@context":"https:\/\/schema.org","@graph":[{"@type":"WebPage","@id":"https:\/\/bio4you.eu\/retseptid\/toode\/kiire-laatsefusilli-tomatikastme-ja-korvitsaseemneoliga\/","url":"https:\/\/bio4you.eu\/retseptid\/toode\/kiire-laatsefusilli-tomatikastme-ja-korvitsaseemneoliga\/","name":"Kiire l\u00e4\u00e4tsefusilli tomatikastme ja k\u00f5rvitsaseemne\u00f5liga - bio4you.eu\/retseptid","isPartOf":{"@id":"https:\/\/bio4you.eu\/retseptid\/#website"},"primaryImageOfPage":{"@id":"https:\/\/bio4you.eu\/retseptid\/toode\/kiire-laatsefusilli-tomatikastme-ja-korvitsaseemneoliga\/#primaryimage"},"image":{"@id":"https:\/\/bio4you.eu\/retseptid\/toode\/kiire-laatsefusilli-tomatikastme-ja-korvitsaseemneoliga\/#primaryimage"},"thumbnailUrl":"https:\/\/bio4you.eu\/retseptid\/wp-content\/uploads\/2025\/09\/vegan-laatsefussiili-tomatikastmega.jpeg","datePublished":"2025-10-23T04:29:04+00:00","dateModified":"2025-09-15T17:34:02+00:00","description":"Avasta kiire ja maitsev gluteenivaba & vegan l\u00e4\u00e4tsfusilli tomatikaste. Valmistatud Fior di Loto rohelistest l\u00e4\u00e4tsedest fusillist, rikkalikust kodusest tomatipastast ja aromaatsest k\u00fclmpress k\u00f5rvitsaseemne\u00f5list. Ideaalne argip\u00e4eva \u00f5htus\u00f6\u00f6giks!","breadcrumb":{"@id":"https:\/\/bio4you.eu\/retseptid\/toode\/kiire-laatsefusilli-tomatikastme-ja-korvitsaseemneoliga\/#breadcrumb"},"inLanguage":"et","potentialAction":[{"@type":"ReadAction","target":["https:\/\/bio4you.eu\/retseptid\/toode\/kiire-laatsefusilli-tomatikastme-ja-korvitsaseemneoliga\/"]}]},{"@type":"ImageObject","inLanguage":"et","@id":"https:\/\/bio4you.eu\/retseptid\/toode\/kiire-laatsefusilli-tomatikastme-ja-korvitsaseemneoliga\/#primaryimage","url":"https:\/\/bio4you.eu\/retseptid\/wp-content\/uploads\/2025\/09\/vegan-laatsefussiili-tomatikastmega.jpeg","contentUrl":"https:\/\/bio4you.eu\/retseptid\/wp-content\/uploads\/2025\/09\/vegan-laatsefussiili-tomatikastmega.jpeg","width":1280,"height":896,"caption":"L\u00e4\u00e4tsfusilli tomatikaste basiiliku ja k\u00f5rvitsaseemne\u00f5liga"},{"@type":"BreadcrumbList","@id":"https:\/\/bio4you.eu\/retseptid\/toode\/kiire-laatsefusilli-tomatikastme-ja-korvitsaseemneoliga\/#breadcrumb","itemListElement":[{"@type":"ListItem","position":1,"name":"Home","item":"https:\/\/bio4you.eu\/retseptid\/"},{"@type":"ListItem","position":2,"name":"Kiire l\u00e4\u00e4tsefusilli tomatikastme ja k\u00f5rvitsaseemne\u00f5liga"}]},{"@type":"WebSite","@id":"https:\/\/bio4you.eu\/retseptid\/#website","url":"https:\/\/bio4you.eu\/retseptid\/","name":"bio4you.eu\/retseptid","description":"\u00d6ko retseptid ise tegemiseks, looduslikest koostisainetest. Maitsev toit, iluhooldus, kodupuhastus ja aiandus.","potentialAction":[{"@type":"SearchAction","target":{"@type":"EntryPoint","urlTemplate":"https:\/\/bio4you.eu\/retseptid\/?s={search_term_string}"},"query-input":"required name=search_term_string"}],"inLanguage":"et"}]}},"_links":{"self":[{"href":"https:\/\/bio4you.eu\/retseptid\/wp-json\/wp\/v2\/product\/4450"}],"collection":[{"href":"https:\/\/bio4you.eu\/retseptid\/wp-json\/wp\/v2\/product"}],"about":[{"href":"https:\/\/bio4you.eu\/retseptid\/wp-json\/wp\/v2\/types\/product"}],"replies":[{"embeddable":true,"href":"https:\/\/bio4you.eu\/retseptid\/wp-json\/wp\/v2\/comments?post=4450"}],"wp:featuredmedia":[{"embeddable":true,"href":"https:\/\/bio4you.eu\/retseptid\/wp-json\/wp\/v2\/media\/4451"}],"wp:attachment":[{"href":"https:\/\/bio4you.eu\/retseptid\/wp-json\/wp\/v2\/media?parent=4450"}],"wp:term":[{"taxonomy":"product_cat","embeddable":true,"href":"https:\/\/bio4you.eu\/retseptid\/wp-json\/wp\/v2\/product_cat?post=4450"},{"taxonomy":"product_tag","embeddable":true,"href":"https:\/\/bio4you.eu\/retseptid\/wp-json\/wp\/v2\/product_tag?post=4450"}],"curies":[{"name":"wp","href":"https:\/\/api.w.org\/{rel}","templated":true}]}}