{"id":4452,"date":"2025-10-09T07:58:05","date_gmt":"2025-10-09T04:58:05","guid":{"rendered":"https:\/\/bio4you.eu\/retseptid\/?post_type=product&#038;p=4452"},"modified":"2025-09-15T22:04:04","modified_gmt":"2025-09-15T19:04:04","slug":"hummus-korvitsa-ja-india-pahkli-kreemiga-vegan","status":"publish","type":"product","link":"https:\/\/bio4you.eu\/retseptid\/toode\/hummus-korvitsa-ja-india-pahkli-kreemiga-vegan\/","title":{"rendered":"Hummus k\u00f5rvitsa ja india p\u00e4hkli kreemiga (Vegan)"},"content":{"rendered":"<p>Valmistamine:<\/p>\n<ol>\n<li>Pane kikerherned 12 tunniks likku.<\/li>\n<li>Keeda neid 90 minutit 750 ml vees (v\u00f5i 45 minutit kiirkeedupotis).<\/li>\n<li>Pese k\u00f5rvits, l\u00f5ika see umbes 2 cm paksusteks viiludeks, aseta ahjuplaadile, mis on kaetud k\u00fcpsetuspaberiga, ja k\u00fcpseta ahjus 180\u00b0C juures umbes 40 minutit.<\/li>\n<li>Lase jahtuda, seej\u00e4rel p\u00fcreesta see kikerherneste, v\u00fcrtside, k\u00fc\u00fcslaugu ja sidrunimahlaga, kuni saad \u00fchtlase segu.<\/li>\n<li>Lisa \u00f5li ja india p\u00e4hkli kreem ning p\u00fcreesta seda uuesti.<\/li>\n<li>Serveeri hummust koos sobiva lisaga, sobib nautimiseks nii kr\u00f5psude, n\u00e4kileiva kui ka juurviljadega.<\/li>\n<\/ol>\n","protected":false},"excerpt":{"rendered":"<p>V\u00e4rviline, \u00fcli-kreemjas ja mitmek\u00fclgne: see vegan eelroog hullutab k\u00f5iki! Rikkaliku maitsega hummus, mis on valmistatud mahedast k\u00f5rvitsast ja siidisest india p\u00e4hkli kreemist, pakkudes tervislikku ja isu\u00e4ratavat elamust.<\/p>\n<p>Vaja l\u00e4heb:<\/p>\n<ul>\n<li>250g k\u00f5rvitsat<\/li>\n<li>150g <a href=\"https:\/\/bio4you.eu\/et\/bio-toit\/kuivained-ja-idandamine\/kikerherned-400g\">Fior di Loto Kikerherned<\/a><\/li>\n<li>20g India p\u00e4hkli kreemi<\/li>\n<li>150g ekstra neitsioliivi\u00f5li (nt, <a href=\"https:\/\/bio4you.eu\/et\/bio-toit\/toiduolid-kastmed-ja-kreemid\/ekstra-vaeaerisoliivioli-1l\">Olio Corvino Ekstra v\u00e4\u00e4risoliivi\u00f5li, 1L<\/a>)<\/li>\n<li>1 k\u00fc\u00fcslauguk\u00fc\u00fcs (orgaaniline)<\/li>\n<li>maitse j\u00e4rgi magusat paprikat<\/li>\n<li>maitse j\u00e4rgi k\u00f6\u00f6mneid<\/li>\n<li>maitse j\u00e4rgi sidrunimahla<\/li>\n<li>1\/2 klaasi vett<\/li>\n<li>maitse j\u00e4rgi n\u00e4kileiba v\u00f5i juurvilju<\/li>\n<\/ul>\n","protected":false},"featured_media":4453,"comment_status":"open","ping_status":"closed","template":"","meta":{"_exactmetrics_skip_tracking":false,"_exactmetrics_sitenote_active":false,"_exactmetrics_sitenote_note":"","_exactmetrics_sitenote_category":0},"product_cat":[59,60,382,383,72,74],"product_tag":[726,723,724,725,722,727,729,728,590],"class_list":{"0":"post-4452","1":"product","2":"type-product","3":"status-publish","4":"has-post-thumbnail","6":"product_cat-featured","7":"product_cat-toiduretseptid","8":"product_cat-vegan-toiduretseptid","9":"product_cat-taimetoit","10":"product_cat-oa-laatse-ja-hernetoidud","11":"product_cat-kastmed-maarded-voided","12":"product_tag-dipikaste","13":"product_tag-hummus","14":"product_tag-hummus-korvitsa-ja-india-pahkliga","15":"product_tag-india-pahkliga-hummus","16":"product_tag-korvitsahummus","17":"product_tag-peolauale","18":"product_tag-valgurikas-vahepala","19":"product_tag-vegan-dipp","20":"product_tag-vegan-vahepala","22":"first","23":"instock","24":"shipping-taxable","25":"product-type-simple"},"yoast_head":"<!-- This site is optimized with the Yoast SEO plugin v23.3 - https:\/\/yoast.com\/wordpress\/plugins\/seo\/ -->\n<title>Hummus k\u00f5rvitsa ja india p\u00e4hkli kreemiga (Vegan) - bio4you.eu\/retseptid<\/title>\n<meta name=\"description\" content=\"Avasta see v\u00e4rviline ja \u00fcli-kreemjas vegan hummus retsept, mis on rikastatud maheda k\u00f5rvitsa ja siidise india p\u00e4hkli kreemiga. Ideaalne eelroog v\u00f5i tervislik sn\u00e4kk, valmistatud bio4you.eu mahetoodetega, pakub rikkalikku maitseelamust.\" \/>\n<meta name=\"robots\" content=\"index, follow, max-snippet:-1, max-image-preview:large, max-video-preview:-1\" \/>\n<link rel=\"canonical\" href=\"https:\/\/bio4you.eu\/retseptid\/toode\/hummus-korvitsa-ja-india-pahkli-kreemiga-vegan\/\" \/>\n<meta property=\"og:locale\" content=\"et_EE\" \/>\n<meta property=\"og:type\" content=\"article\" \/>\n<meta property=\"og:title\" content=\"Kreemjas Vegan Hummus k\u00f5rvitsa ja india p\u00e4hkli kreemiga | Bioretsept\" \/>\n<meta property=\"og:description\" content=\"Avasta see v\u00e4rviline ja \u00fcli-kreemjas vegan hummus retsept, mis on rikastatud maheda k\u00f5rvitsa ja siidise india p\u00e4hkli kreemiga. Ideaalne eelroog v\u00f5i tervislik sn\u00e4kk, valmistatud bio4you.eu mahetoodetega, pakub rikkalikku maitseelamust.\" \/>\n<meta property=\"og:url\" content=\"https:\/\/bio4you.eu\/retseptid\/toode\/hummus-korvitsa-ja-india-pahkli-kreemiga-vegan\/\" \/>\n<meta property=\"og:site_name\" content=\"bio4you.eu\/retseptid\" \/>\n<meta property=\"article:modified_time\" content=\"2025-09-15T19:04:04+00:00\" \/>\n<meta property=\"og:image\" content=\"https:\/\/bio4you.eu\/retseptid\/wp-content\/uploads\/2025\/09\/hummus-korvitsakreemiga.jpeg\" \/>\n\t<meta property=\"og:image:width\" content=\"1280\" \/>\n\t<meta property=\"og:image:height\" content=\"896\" \/>\n\t<meta property=\"og:image:type\" content=\"image\/jpeg\" \/>\n<meta name=\"twitter:label1\" content=\"Est. reading time\" \/>\n\t<meta name=\"twitter:data1\" content=\"1 minut\" \/>\n<script type=\"application\/ld+json\" class=\"yoast-schema-graph\">{\"@context\":\"https:\/\/schema.org\",\"@graph\":[{\"@type\":\"WebPage\",\"@id\":\"https:\/\/bio4you.eu\/retseptid\/toode\/hummus-korvitsa-ja-india-pahkli-kreemiga-vegan\/\",\"url\":\"https:\/\/bio4you.eu\/retseptid\/toode\/hummus-korvitsa-ja-india-pahkli-kreemiga-vegan\/\",\"name\":\"Hummus k\u00f5rvitsa ja india p\u00e4hkli kreemiga (Vegan) - bio4you.eu\/retseptid\",\"isPartOf\":{\"@id\":\"https:\/\/bio4you.eu\/retseptid\/#website\"},\"primaryImageOfPage\":{\"@id\":\"https:\/\/bio4you.eu\/retseptid\/toode\/hummus-korvitsa-ja-india-pahkli-kreemiga-vegan\/#primaryimage\"},\"image\":{\"@id\":\"https:\/\/bio4you.eu\/retseptid\/toode\/hummus-korvitsa-ja-india-pahkli-kreemiga-vegan\/#primaryimage\"},\"thumbnailUrl\":\"https:\/\/bio4you.eu\/retseptid\/wp-content\/uploads\/2025\/09\/hummus-korvitsakreemiga.jpeg\",\"datePublished\":\"2025-10-09T04:58:05+00:00\",\"dateModified\":\"2025-09-15T19:04:04+00:00\",\"description\":\"Avasta see v\u00e4rviline ja \u00fcli-kreemjas vegan hummus retsept, mis on rikastatud maheda k\u00f5rvitsa ja siidise india p\u00e4hkli kreemiga. Ideaalne eelroog v\u00f5i tervislik sn\u00e4kk, valmistatud bio4you.eu mahetoodetega, pakub rikkalikku maitseelamust.\",\"breadcrumb\":{\"@id\":\"https:\/\/bio4you.eu\/retseptid\/toode\/hummus-korvitsa-ja-india-pahkli-kreemiga-vegan\/#breadcrumb\"},\"inLanguage\":\"et\",\"potentialAction\":[{\"@type\":\"ReadAction\",\"target\":[\"https:\/\/bio4you.eu\/retseptid\/toode\/hummus-korvitsa-ja-india-pahkli-kreemiga-vegan\/\"]}]},{\"@type\":\"ImageObject\",\"inLanguage\":\"et\",\"@id\":\"https:\/\/bio4you.eu\/retseptid\/toode\/hummus-korvitsa-ja-india-pahkli-kreemiga-vegan\/#primaryimage\",\"url\":\"https:\/\/bio4you.eu\/retseptid\/wp-content\/uploads\/2025\/09\/hummus-korvitsakreemiga.jpeg\",\"contentUrl\":\"https:\/\/bio4you.eu\/retseptid\/wp-content\/uploads\/2025\/09\/hummus-korvitsakreemiga.jpeg\",\"width\":1280,\"height\":896,\"caption\":\"Avasta see v\u00e4rviline ja \u00fcli-kreemjas vegan hummus retsept, mis on rikastatud maheda k\u00f5rvitsa ja siidise india p\u00e4hkli kreemiga. Ideaalne eelroog v\u00f5i tervislik sn\u00e4kk, valmistatud bio4you.eu mahetoodetega, pakub rikkalikku maitseelamust.\"},{\"@type\":\"BreadcrumbList\",\"@id\":\"https:\/\/bio4you.eu\/retseptid\/toode\/hummus-korvitsa-ja-india-pahkli-kreemiga-vegan\/#breadcrumb\",\"itemListElement\":[{\"@type\":\"ListItem\",\"position\":1,\"name\":\"Home\",\"item\":\"https:\/\/bio4you.eu\/retseptid\/\"},{\"@type\":\"ListItem\",\"position\":2,\"name\":\"Hummus k\u00f5rvitsa ja india p\u00e4hkli kreemiga (Vegan)\"}]},{\"@type\":\"WebSite\",\"@id\":\"https:\/\/bio4you.eu\/retseptid\/#website\",\"url\":\"https:\/\/bio4you.eu\/retseptid\/\",\"name\":\"bio4you.eu\/retseptid\",\"description\":\"\u00d6ko retseptid ise tegemiseks, looduslikest koostisainetest. Maitsev toit, iluhooldus, kodupuhastus ja aiandus.\",\"potentialAction\":[{\"@type\":\"SearchAction\",\"target\":{\"@type\":\"EntryPoint\",\"urlTemplate\":\"https:\/\/bio4you.eu\/retseptid\/?s={search_term_string}\"},\"query-input\":\"required name=search_term_string\"}],\"inLanguage\":\"et\"}]}<\/script>\n<!-- \/ Yoast SEO plugin. -->","yoast_head_json":{"title":"Hummus k\u00f5rvitsa ja india p\u00e4hkli kreemiga (Vegan) - bio4you.eu\/retseptid","description":"Avasta see v\u00e4rviline ja \u00fcli-kreemjas vegan hummus retsept, mis on rikastatud maheda k\u00f5rvitsa ja siidise india p\u00e4hkli kreemiga. Ideaalne eelroog v\u00f5i tervislik sn\u00e4kk, valmistatud bio4you.eu mahetoodetega, pakub rikkalikku maitseelamust.","robots":{"index":"index","follow":"follow","max-snippet":"max-snippet:-1","max-image-preview":"max-image-preview:large","max-video-preview":"max-video-preview:-1"},"canonical":"https:\/\/bio4you.eu\/retseptid\/toode\/hummus-korvitsa-ja-india-pahkli-kreemiga-vegan\/","og_locale":"et_EE","og_type":"article","og_title":"Kreemjas Vegan Hummus k\u00f5rvitsa ja india p\u00e4hkli kreemiga | Bioretsept","og_description":"Avasta see v\u00e4rviline ja \u00fcli-kreemjas vegan hummus retsept, mis on rikastatud maheda k\u00f5rvitsa ja siidise india p\u00e4hkli kreemiga. Ideaalne eelroog v\u00f5i tervislik sn\u00e4kk, valmistatud bio4you.eu mahetoodetega, pakub rikkalikku maitseelamust.","og_url":"https:\/\/bio4you.eu\/retseptid\/toode\/hummus-korvitsa-ja-india-pahkli-kreemiga-vegan\/","og_site_name":"bio4you.eu\/retseptid","article_modified_time":"2025-09-15T19:04:04+00:00","og_image":[{"width":1280,"height":896,"url":"https:\/\/bio4you.eu\/retseptid\/wp-content\/uploads\/2025\/09\/hummus-korvitsakreemiga.jpeg","type":"image\/jpeg"}],"twitter_misc":{"Est. reading time":"1 minut"},"schema":{"@context":"https:\/\/schema.org","@graph":[{"@type":"WebPage","@id":"https:\/\/bio4you.eu\/retseptid\/toode\/hummus-korvitsa-ja-india-pahkli-kreemiga-vegan\/","url":"https:\/\/bio4you.eu\/retseptid\/toode\/hummus-korvitsa-ja-india-pahkli-kreemiga-vegan\/","name":"Hummus k\u00f5rvitsa ja india p\u00e4hkli kreemiga (Vegan) - bio4you.eu\/retseptid","isPartOf":{"@id":"https:\/\/bio4you.eu\/retseptid\/#website"},"primaryImageOfPage":{"@id":"https:\/\/bio4you.eu\/retseptid\/toode\/hummus-korvitsa-ja-india-pahkli-kreemiga-vegan\/#primaryimage"},"image":{"@id":"https:\/\/bio4you.eu\/retseptid\/toode\/hummus-korvitsa-ja-india-pahkli-kreemiga-vegan\/#primaryimage"},"thumbnailUrl":"https:\/\/bio4you.eu\/retseptid\/wp-content\/uploads\/2025\/09\/hummus-korvitsakreemiga.jpeg","datePublished":"2025-10-09T04:58:05+00:00","dateModified":"2025-09-15T19:04:04+00:00","description":"Avasta see v\u00e4rviline ja \u00fcli-kreemjas vegan hummus retsept, mis on rikastatud maheda k\u00f5rvitsa ja siidise india p\u00e4hkli kreemiga. Ideaalne eelroog v\u00f5i tervislik sn\u00e4kk, valmistatud bio4you.eu mahetoodetega, pakub rikkalikku maitseelamust.","breadcrumb":{"@id":"https:\/\/bio4you.eu\/retseptid\/toode\/hummus-korvitsa-ja-india-pahkli-kreemiga-vegan\/#breadcrumb"},"inLanguage":"et","potentialAction":[{"@type":"ReadAction","target":["https:\/\/bio4you.eu\/retseptid\/toode\/hummus-korvitsa-ja-india-pahkli-kreemiga-vegan\/"]}]},{"@type":"ImageObject","inLanguage":"et","@id":"https:\/\/bio4you.eu\/retseptid\/toode\/hummus-korvitsa-ja-india-pahkli-kreemiga-vegan\/#primaryimage","url":"https:\/\/bio4you.eu\/retseptid\/wp-content\/uploads\/2025\/09\/hummus-korvitsakreemiga.jpeg","contentUrl":"https:\/\/bio4you.eu\/retseptid\/wp-content\/uploads\/2025\/09\/hummus-korvitsakreemiga.jpeg","width":1280,"height":896,"caption":"Avasta see v\u00e4rviline ja \u00fcli-kreemjas vegan hummus retsept, mis on rikastatud maheda k\u00f5rvitsa ja siidise india p\u00e4hkli kreemiga. Ideaalne eelroog v\u00f5i tervislik sn\u00e4kk, valmistatud bio4you.eu mahetoodetega, pakub rikkalikku maitseelamust."},{"@type":"BreadcrumbList","@id":"https:\/\/bio4you.eu\/retseptid\/toode\/hummus-korvitsa-ja-india-pahkli-kreemiga-vegan\/#breadcrumb","itemListElement":[{"@type":"ListItem","position":1,"name":"Home","item":"https:\/\/bio4you.eu\/retseptid\/"},{"@type":"ListItem","position":2,"name":"Hummus k\u00f5rvitsa ja india p\u00e4hkli kreemiga (Vegan)"}]},{"@type":"WebSite","@id":"https:\/\/bio4you.eu\/retseptid\/#website","url":"https:\/\/bio4you.eu\/retseptid\/","name":"bio4you.eu\/retseptid","description":"\u00d6ko retseptid ise tegemiseks, looduslikest koostisainetest. Maitsev toit, iluhooldus, kodupuhastus ja aiandus.","potentialAction":[{"@type":"SearchAction","target":{"@type":"EntryPoint","urlTemplate":"https:\/\/bio4you.eu\/retseptid\/?s={search_term_string}"},"query-input":"required name=search_term_string"}],"inLanguage":"et"}]}},"_links":{"self":[{"href":"https:\/\/bio4you.eu\/retseptid\/wp-json\/wp\/v2\/product\/4452"}],"collection":[{"href":"https:\/\/bio4you.eu\/retseptid\/wp-json\/wp\/v2\/product"}],"about":[{"href":"https:\/\/bio4you.eu\/retseptid\/wp-json\/wp\/v2\/types\/product"}],"replies":[{"embeddable":true,"href":"https:\/\/bio4you.eu\/retseptid\/wp-json\/wp\/v2\/comments?post=4452"}],"wp:featuredmedia":[{"embeddable":true,"href":"https:\/\/bio4you.eu\/retseptid\/wp-json\/wp\/v2\/media\/4453"}],"wp:attachment":[{"href":"https:\/\/bio4you.eu\/retseptid\/wp-json\/wp\/v2\/media?parent=4452"}],"wp:term":[{"taxonomy":"product_cat","embeddable":true,"href":"https:\/\/bio4you.eu\/retseptid\/wp-json\/wp\/v2\/product_cat?post=4452"},{"taxonomy":"product_tag","embeddable":true,"href":"https:\/\/bio4you.eu\/retseptid\/wp-json\/wp\/v2\/product_tag?post=4452"}],"curies":[{"name":"wp","href":"https:\/\/api.w.org\/{rel}","templated":true}]}}