{"id":4456,"date":"2025-10-16T07:17:59","date_gmt":"2025-10-16T04:17:59","guid":{"rendered":"https:\/\/bio4you.eu\/retseptid\/?post_type=product&#038;p=4456"},"modified":"2025-09-15T22:34:42","modified_gmt":"2025-09-15T19:34:42","slug":"halloweeni-kollikupsised","status":"publish","type":"product","link":"https:\/\/bio4you.eu\/retseptid\/toode\/halloweeni-kollikupsised\/","title":{"rendered":"Halloweeni kollik\u00fcpsised"},"content":{"rendered":"<p>Valmistamine:<br \/>\n1. Blenderda kaerapiim suhkru ja agar-agar pulbriga \u00fchtlaseks seguks.<br \/>\n2. Vala segu kastrulisse, lase keema t\u00f5usta ja keeda vaiksel tulel \u00fcks minut. Seej\u00e4rel t\u00f5sta pliidilt ja lase jahtuda.<br \/>\n3. Kui segu on jahtunud ja geelistunud, blenderda see kokku, kuni saad \u00fchtlase ja kreemja t\u00e4idise. Kasuta seda k\u00fcpsiste t\u00e4itmiseks v\u00f5i p\u00f5hjaks.<br \/>\n4. Sega kausis tuhksuhkur k\u00fclma veega, kuni saad paksu glasuuri. Kasuta glasuuri k\u00fcpsiste kaunistamiseks &#8211; joonista glasuuri abil hambad ja kinnita n\u00f6\u00f6bid ning \u0161okolaadilaastud silmadeks, luues vahvad koletisk\u00fcpsised.<\/p>\n","protected":false},"excerpt":{"rendered":"<p>Need vahvad Halloweeni kolli k\u00fcpsised on t\u00e4iesti vegan ja pakuvad l\u00f5busat tegevust kogu perele! Kaunista oma k\u00fcpsised tervislike koostisosadega, loo hambaorkidega suud ja \u0161okolaadikommidega s\u00e4ravad silmad, t\u00e4iuslikud Halloweeni peolauale.<\/p>\n<p>Vaja l\u00e4heb (8 k\u00fcpsist):<\/p>\n<ul>\n<li>200ml <a href=\"https:\/\/bio4you.eu\/et\/bio-toit\/joogid-ja-joogipulbrid\/taimsed-joogid-ja-kreemid\/kaerajook-1l\">The Bridge Kaerajook<\/a><\/li>\n<li>16 Digestive k\u00fcpsist<\/li>\n<li>20g pruuni suhkrut<\/li>\n<li>3.5g agar-agarit (nt, <a href=\"https:\/\/bio4you.eu\/et\/bio-toit\/biotoit-maitseained-ja-magustajad\/kergitus-ja-abiained-sooda\/agar-agar-30g\">Biovegan Agar-agar, 30g<\/a>)<\/li>\n<li>50g <a href=\"https:\/\/bio4you.eu\/et\/bio-toit\/toiduolid-kastmed-ja-kreemid\/kaerakreem-toiduvalmistamiseks-200ml\">The Bridge Kaerakreem toiduvalmistamiseks, 200ml<\/a><\/li>\n<li>50g tuhksuhkrut<\/li>\n<li>2sl k\u00fclma vett<\/li>\n<li>Kaunistamiseks \u0161okolaadin\u00f6\u00f6pe (nt, <a href=\"https:\/\/bio4you.eu\/et\/bio-toit\/sokolaadid-ja-maiustused\/sokolaadinoeoebid-70g\">Bett&#8217;r \u0160okolaadin\u00f6\u00f6bid, 70g<\/a>)<\/li>\n<li>Kaunistamiseks \u0161okolaadilaaste<\/li>\n<\/ul>\n","protected":false},"featured_media":4457,"comment_status":"open","ping_status":"closed","template":"","meta":{"_exactmetrics_skip_tracking":false,"_exactmetrics_sitenote_active":false,"_exactmetrics_sitenote_note":"","_exactmetrics_sitenote_category":0},"product_cat":[59,60,383,280,365],"product_tag":[740,742,741,744,745,743,727,739],"class_list":{"0":"post-4456","1":"product","2":"type-product","3":"status-publish","4":"has-post-thumbnail","6":"product_cat-featured","7":"product_cat-toiduretseptid","8":"product_cat-taimetoit","9":"product_cat-koogid-ja-kupsised","10":"product_cat-laste-lemmikud","11":"product_tag-halloweeni-kupsised","12":"product_tag-kaunistatud-kupsised","13":"product_tag-kollikupsised","14":"product_tag-kupsised-lastele","15":"product_tag-kupsised-peolauale","16":"product_tag-lobusad-kupsised","17":"product_tag-peolauale","18":"product_tag-vahvad-kupsised","20":"first","21":"instock","22":"shipping-taxable","23":"product-type-simple"},"yoast_head":"<!-- This site is optimized with the Yoast SEO plugin v23.3 - https:\/\/yoast.com\/wordpress\/plugins\/seo\/ -->\n<title>Halloweeni kollik\u00fcpsised - bio4you.eu\/retseptid<\/title>\n<meta name=\"description\" content=\"Loo sel Halloweeni hooajal k\u00f5ige \u00e4gedamad ja maitsvamad koletisk\u00fcpsised! Meie vegan retsept aitab sul lihtsalt ja l\u00f5busalt kaunistada oma k\u00fcpsiseid, kasutades tervislikke Bio4you mahetooteid nagu The Bridge kaerapiim ja -kreem ning Biovegan agar-agar. Ideaalne lastega nokitsemiseks ja pidulikule lauale pakkumiseks. Avasta t\u00e4na!\" \/>\n<meta name=\"robots\" content=\"index, follow, max-snippet:-1, max-image-preview:large, max-video-preview:-1\" \/>\n<link rel=\"canonical\" href=\"https:\/\/bio4you.eu\/retseptid\/toode\/halloweeni-kollikupsised\/\" \/>\n<meta property=\"og:locale\" content=\"et_EE\" \/>\n<meta property=\"og:type\" content=\"article\" \/>\n<meta property=\"og:title\" content=\"Halloweeni Koletisk\u00fcpsiste Kaunistamise Retsept (Vegan) - Bioretsept\" \/>\n<meta property=\"og:description\" content=\"oo sel Halloweeni hooajal k\u00f5ige \u00e4gedamad ja maitsvamad koletisk\u00fcpsised! Meie vegan retsept aitab sul lihtsalt ja l\u00f5busalt kaunistada oma k\u00fcpsiseid, kasutades tervislikke Bio4you mahetooteid nagu The Bridge kaerapiim ja -kreem. Ideaalne lastega nokitsemiseks ja pidulikule lauale pakkumiseks. Avasta t\u00e4na!\" \/>\n<meta property=\"og:url\" content=\"https:\/\/bio4you.eu\/retseptid\/toode\/halloweeni-kollikupsised\/\" \/>\n<meta property=\"og:site_name\" content=\"bio4you.eu\/retseptid\" \/>\n<meta property=\"article:modified_time\" content=\"2025-09-15T19:34:42+00:00\" \/>\n<meta property=\"og:image\" content=\"https:\/\/bio4you.eu\/retseptid\/wp-content\/uploads\/2025\/09\/Screenshot-2025-09-15-at-22.21.15.png\" \/>\n\t<meta property=\"og:image:width\" content=\"1546\" \/>\n\t<meta property=\"og:image:height\" content=\"1024\" \/>\n\t<meta property=\"og:image:type\" content=\"image\/png\" \/>\n<meta name=\"twitter:label1\" content=\"Est. reading time\" \/>\n\t<meta name=\"twitter:data1\" content=\"1 minut\" \/>\n<script type=\"application\/ld+json\" class=\"yoast-schema-graph\">{\"@context\":\"https:\/\/schema.org\",\"@graph\":[{\"@type\":\"WebPage\",\"@id\":\"https:\/\/bio4you.eu\/retseptid\/toode\/halloweeni-kollikupsised\/\",\"url\":\"https:\/\/bio4you.eu\/retseptid\/toode\/halloweeni-kollikupsised\/\",\"name\":\"Halloweeni kollik\u00fcpsised - bio4you.eu\/retseptid\",\"isPartOf\":{\"@id\":\"https:\/\/bio4you.eu\/retseptid\/#website\"},\"primaryImageOfPage\":{\"@id\":\"https:\/\/bio4you.eu\/retseptid\/toode\/halloweeni-kollikupsised\/#primaryimage\"},\"image\":{\"@id\":\"https:\/\/bio4you.eu\/retseptid\/toode\/halloweeni-kollikupsised\/#primaryimage\"},\"thumbnailUrl\":\"https:\/\/bio4you.eu\/retseptid\/wp-content\/uploads\/2025\/09\/Screenshot-2025-09-15-at-22.21.15.png\",\"datePublished\":\"2025-10-16T04:17:59+00:00\",\"dateModified\":\"2025-09-15T19:34:42+00:00\",\"description\":\"Loo sel Halloweeni hooajal k\u00f5ige \u00e4gedamad ja maitsvamad koletisk\u00fcpsised! Meie vegan retsept aitab sul lihtsalt ja l\u00f5busalt kaunistada oma k\u00fcpsiseid, kasutades tervislikke Bio4you mahetooteid nagu The Bridge kaerapiim ja -kreem ning Biovegan agar-agar. Ideaalne lastega nokitsemiseks ja pidulikule lauale pakkumiseks. Avasta t\u00e4na!\",\"breadcrumb\":{\"@id\":\"https:\/\/bio4you.eu\/retseptid\/toode\/halloweeni-kollikupsised\/#breadcrumb\"},\"inLanguage\":\"et\",\"potentialAction\":[{\"@type\":\"ReadAction\",\"target\":[\"https:\/\/bio4you.eu\/retseptid\/toode\/halloweeni-kollikupsised\/\"]}]},{\"@type\":\"ImageObject\",\"inLanguage\":\"et\",\"@id\":\"https:\/\/bio4you.eu\/retseptid\/toode\/halloweeni-kollikupsised\/#primaryimage\",\"url\":\"https:\/\/bio4you.eu\/retseptid\/wp-content\/uploads\/2025\/09\/Screenshot-2025-09-15-at-22.21.15.png\",\"contentUrl\":\"https:\/\/bio4you.eu\/retseptid\/wp-content\/uploads\/2025\/09\/Screenshot-2025-09-15-at-22.21.15.png\",\"width\":1546,\"height\":1024,\"caption\":\"Vegan Halloweeni Koletisk\u00fcpsised\"},{\"@type\":\"BreadcrumbList\",\"@id\":\"https:\/\/bio4you.eu\/retseptid\/toode\/halloweeni-kollikupsised\/#breadcrumb\",\"itemListElement\":[{\"@type\":\"ListItem\",\"position\":1,\"name\":\"Home\",\"item\":\"https:\/\/bio4you.eu\/retseptid\/\"},{\"@type\":\"ListItem\",\"position\":2,\"name\":\"Halloweeni kollik\u00fcpsised\"}]},{\"@type\":\"WebSite\",\"@id\":\"https:\/\/bio4you.eu\/retseptid\/#website\",\"url\":\"https:\/\/bio4you.eu\/retseptid\/\",\"name\":\"bio4you.eu\/retseptid\",\"description\":\"\u00d6ko retseptid ise tegemiseks, looduslikest koostisainetest. Maitsev toit, iluhooldus, kodupuhastus ja aiandus.\",\"potentialAction\":[{\"@type\":\"SearchAction\",\"target\":{\"@type\":\"EntryPoint\",\"urlTemplate\":\"https:\/\/bio4you.eu\/retseptid\/?s={search_term_string}\"},\"query-input\":\"required name=search_term_string\"}],\"inLanguage\":\"et\"}]}<\/script>\n<!-- \/ Yoast SEO plugin. -->","yoast_head_json":{"title":"Halloweeni kollik\u00fcpsised - bio4you.eu\/retseptid","description":"Loo sel Halloweeni hooajal k\u00f5ige \u00e4gedamad ja maitsvamad koletisk\u00fcpsised! Meie vegan retsept aitab sul lihtsalt ja l\u00f5busalt kaunistada oma k\u00fcpsiseid, kasutades tervislikke Bio4you mahetooteid nagu The Bridge kaerapiim ja -kreem ning Biovegan agar-agar. Ideaalne lastega nokitsemiseks ja pidulikule lauale pakkumiseks. Avasta t\u00e4na!","robots":{"index":"index","follow":"follow","max-snippet":"max-snippet:-1","max-image-preview":"max-image-preview:large","max-video-preview":"max-video-preview:-1"},"canonical":"https:\/\/bio4you.eu\/retseptid\/toode\/halloweeni-kollikupsised\/","og_locale":"et_EE","og_type":"article","og_title":"Halloweeni Koletisk\u00fcpsiste Kaunistamise Retsept (Vegan) - Bioretsept","og_description":"oo sel Halloweeni hooajal k\u00f5ige \u00e4gedamad ja maitsvamad koletisk\u00fcpsised! Meie vegan retsept aitab sul lihtsalt ja l\u00f5busalt kaunistada oma k\u00fcpsiseid, kasutades tervislikke Bio4you mahetooteid nagu The Bridge kaerapiim ja -kreem. Ideaalne lastega nokitsemiseks ja pidulikule lauale pakkumiseks. Avasta t\u00e4na!","og_url":"https:\/\/bio4you.eu\/retseptid\/toode\/halloweeni-kollikupsised\/","og_site_name":"bio4you.eu\/retseptid","article_modified_time":"2025-09-15T19:34:42+00:00","og_image":[{"width":1546,"height":1024,"url":"https:\/\/bio4you.eu\/retseptid\/wp-content\/uploads\/2025\/09\/Screenshot-2025-09-15-at-22.21.15.png","type":"image\/png"}],"twitter_misc":{"Est. reading time":"1 minut"},"schema":{"@context":"https:\/\/schema.org","@graph":[{"@type":"WebPage","@id":"https:\/\/bio4you.eu\/retseptid\/toode\/halloweeni-kollikupsised\/","url":"https:\/\/bio4you.eu\/retseptid\/toode\/halloweeni-kollikupsised\/","name":"Halloweeni kollik\u00fcpsised - bio4you.eu\/retseptid","isPartOf":{"@id":"https:\/\/bio4you.eu\/retseptid\/#website"},"primaryImageOfPage":{"@id":"https:\/\/bio4you.eu\/retseptid\/toode\/halloweeni-kollikupsised\/#primaryimage"},"image":{"@id":"https:\/\/bio4you.eu\/retseptid\/toode\/halloweeni-kollikupsised\/#primaryimage"},"thumbnailUrl":"https:\/\/bio4you.eu\/retseptid\/wp-content\/uploads\/2025\/09\/Screenshot-2025-09-15-at-22.21.15.png","datePublished":"2025-10-16T04:17:59+00:00","dateModified":"2025-09-15T19:34:42+00:00","description":"Loo sel Halloweeni hooajal k\u00f5ige \u00e4gedamad ja maitsvamad koletisk\u00fcpsised! Meie vegan retsept aitab sul lihtsalt ja l\u00f5busalt kaunistada oma k\u00fcpsiseid, kasutades tervislikke Bio4you mahetooteid nagu The Bridge kaerapiim ja -kreem ning Biovegan agar-agar. Ideaalne lastega nokitsemiseks ja pidulikule lauale pakkumiseks. Avasta t\u00e4na!","breadcrumb":{"@id":"https:\/\/bio4you.eu\/retseptid\/toode\/halloweeni-kollikupsised\/#breadcrumb"},"inLanguage":"et","potentialAction":[{"@type":"ReadAction","target":["https:\/\/bio4you.eu\/retseptid\/toode\/halloweeni-kollikupsised\/"]}]},{"@type":"ImageObject","inLanguage":"et","@id":"https:\/\/bio4you.eu\/retseptid\/toode\/halloweeni-kollikupsised\/#primaryimage","url":"https:\/\/bio4you.eu\/retseptid\/wp-content\/uploads\/2025\/09\/Screenshot-2025-09-15-at-22.21.15.png","contentUrl":"https:\/\/bio4you.eu\/retseptid\/wp-content\/uploads\/2025\/09\/Screenshot-2025-09-15-at-22.21.15.png","width":1546,"height":1024,"caption":"Vegan Halloweeni Koletisk\u00fcpsised"},{"@type":"BreadcrumbList","@id":"https:\/\/bio4you.eu\/retseptid\/toode\/halloweeni-kollikupsised\/#breadcrumb","itemListElement":[{"@type":"ListItem","position":1,"name":"Home","item":"https:\/\/bio4you.eu\/retseptid\/"},{"@type":"ListItem","position":2,"name":"Halloweeni kollik\u00fcpsised"}]},{"@type":"WebSite","@id":"https:\/\/bio4you.eu\/retseptid\/#website","url":"https:\/\/bio4you.eu\/retseptid\/","name":"bio4you.eu\/retseptid","description":"\u00d6ko retseptid ise tegemiseks, looduslikest koostisainetest. Maitsev toit, iluhooldus, kodupuhastus ja aiandus.","potentialAction":[{"@type":"SearchAction","target":{"@type":"EntryPoint","urlTemplate":"https:\/\/bio4you.eu\/retseptid\/?s={search_term_string}"},"query-input":"required name=search_term_string"}],"inLanguage":"et"}]}},"_links":{"self":[{"href":"https:\/\/bio4you.eu\/retseptid\/wp-json\/wp\/v2\/product\/4456"}],"collection":[{"href":"https:\/\/bio4you.eu\/retseptid\/wp-json\/wp\/v2\/product"}],"about":[{"href":"https:\/\/bio4you.eu\/retseptid\/wp-json\/wp\/v2\/types\/product"}],"replies":[{"embeddable":true,"href":"https:\/\/bio4you.eu\/retseptid\/wp-json\/wp\/v2\/comments?post=4456"}],"wp:featuredmedia":[{"embeddable":true,"href":"https:\/\/bio4you.eu\/retseptid\/wp-json\/wp\/v2\/media\/4457"}],"wp:attachment":[{"href":"https:\/\/bio4you.eu\/retseptid\/wp-json\/wp\/v2\/media?parent=4456"}],"wp:term":[{"taxonomy":"product_cat","embeddable":true,"href":"https:\/\/bio4you.eu\/retseptid\/wp-json\/wp\/v2\/product_cat?post=4456"},{"taxonomy":"product_tag","embeddable":true,"href":"https:\/\/bio4you.eu\/retseptid\/wp-json\/wp\/v2\/product_tag?post=4456"}],"curies":[{"name":"wp","href":"https:\/\/api.w.org\/{rel}","templated":true}]}}