{"id":4470,"date":"2025-11-15T21:36:48","date_gmt":"2025-11-15T19:36:48","guid":{"rendered":"https:\/\/bio4you.eu\/retseptid\/?post_type=product&#038;p=4470"},"modified":"2025-11-15T21:41:16","modified_gmt":"2025-11-15T19:41:16","slug":"korvitsa-ouna-piparkoogikook","status":"publish","type":"product","link":"https:\/\/bio4you.eu\/retseptid\/toode\/korvitsa-ouna-piparkoogikook\/","title":{"rendered":"K\u00f5rvitsa-\u00f5una piparkoogikook"},"content":{"rendered":"<p>Valmistamine:<\/p>\n<ol>\n<li>P\u00fcreesta k\u00f5rvits ja \u00f5un \u00fchtlaseks massiks.<\/li>\n<li>Klopi munad lahti ja sega p\u00fcreega kokku.<\/li>\n<li>Lisa piparkoogipulber ja sega tainas \u00fchtlaseks.<\/li>\n<li>Vala tainas vormi ja lisa peale p\u00e4hklid ja \u0161okolaadin\u00f6\u00f6bid.<\/li>\n<li>K\u00fcpseta 180 \u00b0C juures 25\u201330 min, kuni kook on l\u00e4bi k\u00fcpsenud.<\/li>\n<li>Lase enne l\u00f5ikamist veidi jahtuda.<\/li>\n<\/ol>\n","protected":false},"excerpt":{"rendered":"<p>Vaja l\u00e4heb:<\/p>\n<ul>\n<li>200 g toorest k\u00f5rvitsat<\/li>\n<li>200 g toorest \u00f5una<\/li>\n<li>200 g <a href=\"https:\/\/bio4you.eu\/et\/bio-toit\/kuivained-ja-idandamine\/magusad-kuepsetussegud\/gluteenivaba-piparkoogi-jahusegu-350g\">BETTR piparkoogipulbrit<\/a><\/li>\n<li>4 v\u00e4ikest v\u00f5i 3 suurt muna<\/li>\n<li>p\u00e4hkleid ja \u0161okolaadin\u00f6\u00f6pe peale<\/li>\n<\/ul>\n","protected":false},"featured_media":4474,"comment_status":"open","ping_status":"closed","template":"","meta":{"_exactmetrics_skip_tracking":false,"_exactmetrics_sitenote_active":false,"_exactmetrics_sitenote_note":"","_exactmetrics_sitenote_category":0},"product_cat":[59,60,63,280],"product_tag":[426,759,525,760,757,761,758,756],"class_list":{"0":"post-4470","1":"product","2":"type-product","3":"status-publish","4":"has-post-thumbnail","6":"product_cat-featured","7":"product_cat-toiduretseptid","8":"product_cat-gluteenivabad-retseptid","9":"product_cat-koogid-ja-kupsised","10":"product_tag-gluteenivaba-kook","11":"product_tag-kiirkook","12":"product_tag-korvitsakook","13":"product_tag-lihtne-kook","14":"product_tag-ounakook","15":"product_tag-piparkoogi-brownies","16":"product_tag-piparkoogikook","17":"product_tag-piparkook","19":"first","20":"instock","21":"shipping-taxable","22":"product-type-simple"},"yoast_head":"<!-- This site is optimized with the Yoast SEO plugin v23.3 - https:\/\/yoast.com\/wordpress\/plugins\/seo\/ -->\n<title>K\u00f5rvitsa-\u00f5una piparkoogikook p\u00e4hklitega | Gluteenivaba kiirkook<\/title>\n<meta name=\"description\" content=\"Mahlane k\u00f5rvitsa-\u00f5una piparkoogikook p\u00e4hklite ja \u0161okolaadin\u00f6\u00f6pidega. Lihtne, tervislik ja gluteenivaba kiirkook s\u00fcgiseks ja p\u00fchadeks.\" \/>\n<meta name=\"robots\" content=\"index, follow, max-snippet:-1, max-image-preview:large, max-video-preview:-1\" \/>\n<link rel=\"canonical\" href=\"https:\/\/bio4you.eu\/retseptid\/toode\/korvitsa-ouna-piparkoogikook\/\" \/>\n<meta property=\"og:locale\" content=\"et_EE\" \/>\n<meta property=\"og:type\" content=\"article\" \/>\n<meta property=\"og:title\" content=\"K\u00f5rvitsa-\u00f5una piparkoogikook p\u00e4hklite ja \u0161okolaadiga | BioRetsept\" \/>\n<meta property=\"og:description\" content=\"Mahlane ja v\u00fcrtsikas k\u00f5rvitsa-\u00f5una piparkoogikook, millele on peale puistatud p\u00e4hklid ja sulavad \u0161okolaadin\u00f6\u00f6bid. Lihtne ja tervislik gluteenivaba kiirkook, ideaalne s\u00fcgiseks v\u00f5i p\u00fchadelauale.\" \/>\n<meta property=\"og:url\" content=\"https:\/\/bio4you.eu\/retseptid\/toode\/korvitsa-ouna-piparkoogikook\/\" \/>\n<meta property=\"og:site_name\" content=\"bio4you.eu\/retseptid\" \/>\n<meta property=\"article:modified_time\" content=\"2025-11-15T19:41:16+00:00\" \/>\n<meta property=\"og:image\" content=\"https:\/\/bio4you.eu\/retseptid\/wp-content\/uploads\/2025\/11\/IMG_3988.png\" \/>\n\t<meta property=\"og:image:width\" content=\"1318\" \/>\n\t<meta property=\"og:image:height\" content=\"1183\" \/>\n\t<meta property=\"og:image:type\" content=\"image\/png\" \/>\n<meta name=\"twitter:label1\" content=\"Est. reading time\" \/>\n\t<meta name=\"twitter:data1\" content=\"1 minut\" \/>\n<script type=\"application\/ld+json\" class=\"yoast-schema-graph\">{\"@context\":\"https:\/\/schema.org\",\"@graph\":[{\"@type\":\"WebPage\",\"@id\":\"https:\/\/bio4you.eu\/retseptid\/toode\/korvitsa-ouna-piparkoogikook\/\",\"url\":\"https:\/\/bio4you.eu\/retseptid\/toode\/korvitsa-ouna-piparkoogikook\/\",\"name\":\"K\u00f5rvitsa-\u00f5una piparkoogikook p\u00e4hklitega | Gluteenivaba kiirkook\",\"isPartOf\":{\"@id\":\"https:\/\/bio4you.eu\/retseptid\/#website\"},\"primaryImageOfPage\":{\"@id\":\"https:\/\/bio4you.eu\/retseptid\/toode\/korvitsa-ouna-piparkoogikook\/#primaryimage\"},\"image\":{\"@id\":\"https:\/\/bio4you.eu\/retseptid\/toode\/korvitsa-ouna-piparkoogikook\/#primaryimage\"},\"thumbnailUrl\":\"https:\/\/bio4you.eu\/retseptid\/wp-content\/uploads\/2025\/11\/IMG_3988.png\",\"datePublished\":\"2025-11-15T19:36:48+00:00\",\"dateModified\":\"2025-11-15T19:41:16+00:00\",\"description\":\"Mahlane k\u00f5rvitsa-\u00f5una piparkoogikook p\u00e4hklite ja \u0161okolaadin\u00f6\u00f6pidega. Lihtne, tervislik ja gluteenivaba kiirkook s\u00fcgiseks ja p\u00fchadeks.\",\"breadcrumb\":{\"@id\":\"https:\/\/bio4you.eu\/retseptid\/toode\/korvitsa-ouna-piparkoogikook\/#breadcrumb\"},\"inLanguage\":\"et\",\"potentialAction\":[{\"@type\":\"ReadAction\",\"target\":[\"https:\/\/bio4you.eu\/retseptid\/toode\/korvitsa-ouna-piparkoogikook\/\"]}]},{\"@type\":\"ImageObject\",\"inLanguage\":\"et\",\"@id\":\"https:\/\/bio4you.eu\/retseptid\/toode\/korvitsa-ouna-piparkoogikook\/#primaryimage\",\"url\":\"https:\/\/bio4you.eu\/retseptid\/wp-content\/uploads\/2025\/11\/IMG_3988.png\",\"contentUrl\":\"https:\/\/bio4you.eu\/retseptid\/wp-content\/uploads\/2025\/11\/IMG_3988.png\",\"width\":1318,\"height\":1183,\"caption\":\"Gluteenivaba k\u00f5rvitsa-\u00f5una piparkoogikook, mille peal on p\u00e4hklid ja sulavad \u0161okolaadin\u00f6\u00f6bid \u2013 ideaalne tervislik s\u00fcgisene kook.\"},{\"@type\":\"BreadcrumbList\",\"@id\":\"https:\/\/bio4you.eu\/retseptid\/toode\/korvitsa-ouna-piparkoogikook\/#breadcrumb\",\"itemListElement\":[{\"@type\":\"ListItem\",\"position\":1,\"name\":\"Home\",\"item\":\"https:\/\/bio4you.eu\/retseptid\/\"},{\"@type\":\"ListItem\",\"position\":2,\"name\":\"K\u00f5rvitsa-\u00f5una piparkoogikook\"}]},{\"@type\":\"WebSite\",\"@id\":\"https:\/\/bio4you.eu\/retseptid\/#website\",\"url\":\"https:\/\/bio4you.eu\/retseptid\/\",\"name\":\"bio4you.eu\/retseptid\",\"description\":\"\u00d6ko retseptid ise tegemiseks, looduslikest koostisainetest. Maitsev toit, iluhooldus, kodupuhastus ja aiandus.\",\"potentialAction\":[{\"@type\":\"SearchAction\",\"target\":{\"@type\":\"EntryPoint\",\"urlTemplate\":\"https:\/\/bio4you.eu\/retseptid\/?s={search_term_string}\"},\"query-input\":\"required name=search_term_string\"}],\"inLanguage\":\"et\"}]}<\/script>\n<!-- \/ Yoast SEO plugin. -->","yoast_head_json":{"title":"K\u00f5rvitsa-\u00f5una piparkoogikook p\u00e4hklitega | Gluteenivaba kiirkook","description":"Mahlane k\u00f5rvitsa-\u00f5una piparkoogikook p\u00e4hklite ja \u0161okolaadin\u00f6\u00f6pidega. Lihtne, tervislik ja gluteenivaba kiirkook s\u00fcgiseks ja p\u00fchadeks.","robots":{"index":"index","follow":"follow","max-snippet":"max-snippet:-1","max-image-preview":"max-image-preview:large","max-video-preview":"max-video-preview:-1"},"canonical":"https:\/\/bio4you.eu\/retseptid\/toode\/korvitsa-ouna-piparkoogikook\/","og_locale":"et_EE","og_type":"article","og_title":"K\u00f5rvitsa-\u00f5una piparkoogikook p\u00e4hklite ja \u0161okolaadiga | BioRetsept","og_description":"Mahlane ja v\u00fcrtsikas k\u00f5rvitsa-\u00f5una piparkoogikook, millele on peale puistatud p\u00e4hklid ja sulavad \u0161okolaadin\u00f6\u00f6bid. Lihtne ja tervislik gluteenivaba kiirkook, ideaalne s\u00fcgiseks v\u00f5i p\u00fchadelauale.","og_url":"https:\/\/bio4you.eu\/retseptid\/toode\/korvitsa-ouna-piparkoogikook\/","og_site_name":"bio4you.eu\/retseptid","article_modified_time":"2025-11-15T19:41:16+00:00","og_image":[{"width":1318,"height":1183,"url":"https:\/\/bio4you.eu\/retseptid\/wp-content\/uploads\/2025\/11\/IMG_3988.png","type":"image\/png"}],"twitter_misc":{"Est. reading time":"1 minut"},"schema":{"@context":"https:\/\/schema.org","@graph":[{"@type":"WebPage","@id":"https:\/\/bio4you.eu\/retseptid\/toode\/korvitsa-ouna-piparkoogikook\/","url":"https:\/\/bio4you.eu\/retseptid\/toode\/korvitsa-ouna-piparkoogikook\/","name":"K\u00f5rvitsa-\u00f5una piparkoogikook p\u00e4hklitega | Gluteenivaba kiirkook","isPartOf":{"@id":"https:\/\/bio4you.eu\/retseptid\/#website"},"primaryImageOfPage":{"@id":"https:\/\/bio4you.eu\/retseptid\/toode\/korvitsa-ouna-piparkoogikook\/#primaryimage"},"image":{"@id":"https:\/\/bio4you.eu\/retseptid\/toode\/korvitsa-ouna-piparkoogikook\/#primaryimage"},"thumbnailUrl":"https:\/\/bio4you.eu\/retseptid\/wp-content\/uploads\/2025\/11\/IMG_3988.png","datePublished":"2025-11-15T19:36:48+00:00","dateModified":"2025-11-15T19:41:16+00:00","description":"Mahlane k\u00f5rvitsa-\u00f5una piparkoogikook p\u00e4hklite ja \u0161okolaadin\u00f6\u00f6pidega. Lihtne, tervislik ja gluteenivaba kiirkook s\u00fcgiseks ja p\u00fchadeks.","breadcrumb":{"@id":"https:\/\/bio4you.eu\/retseptid\/toode\/korvitsa-ouna-piparkoogikook\/#breadcrumb"},"inLanguage":"et","potentialAction":[{"@type":"ReadAction","target":["https:\/\/bio4you.eu\/retseptid\/toode\/korvitsa-ouna-piparkoogikook\/"]}]},{"@type":"ImageObject","inLanguage":"et","@id":"https:\/\/bio4you.eu\/retseptid\/toode\/korvitsa-ouna-piparkoogikook\/#primaryimage","url":"https:\/\/bio4you.eu\/retseptid\/wp-content\/uploads\/2025\/11\/IMG_3988.png","contentUrl":"https:\/\/bio4you.eu\/retseptid\/wp-content\/uploads\/2025\/11\/IMG_3988.png","width":1318,"height":1183,"caption":"Gluteenivaba k\u00f5rvitsa-\u00f5una piparkoogikook, mille peal on p\u00e4hklid ja sulavad \u0161okolaadin\u00f6\u00f6bid \u2013 ideaalne tervislik s\u00fcgisene kook."},{"@type":"BreadcrumbList","@id":"https:\/\/bio4you.eu\/retseptid\/toode\/korvitsa-ouna-piparkoogikook\/#breadcrumb","itemListElement":[{"@type":"ListItem","position":1,"name":"Home","item":"https:\/\/bio4you.eu\/retseptid\/"},{"@type":"ListItem","position":2,"name":"K\u00f5rvitsa-\u00f5una piparkoogikook"}]},{"@type":"WebSite","@id":"https:\/\/bio4you.eu\/retseptid\/#website","url":"https:\/\/bio4you.eu\/retseptid\/","name":"bio4you.eu\/retseptid","description":"\u00d6ko retseptid ise tegemiseks, looduslikest koostisainetest. Maitsev toit, iluhooldus, kodupuhastus ja aiandus.","potentialAction":[{"@type":"SearchAction","target":{"@type":"EntryPoint","urlTemplate":"https:\/\/bio4you.eu\/retseptid\/?s={search_term_string}"},"query-input":"required name=search_term_string"}],"inLanguage":"et"}]}},"_links":{"self":[{"href":"https:\/\/bio4you.eu\/retseptid\/wp-json\/wp\/v2\/product\/4470"}],"collection":[{"href":"https:\/\/bio4you.eu\/retseptid\/wp-json\/wp\/v2\/product"}],"about":[{"href":"https:\/\/bio4you.eu\/retseptid\/wp-json\/wp\/v2\/types\/product"}],"replies":[{"embeddable":true,"href":"https:\/\/bio4you.eu\/retseptid\/wp-json\/wp\/v2\/comments?post=4470"}],"wp:featuredmedia":[{"embeddable":true,"href":"https:\/\/bio4you.eu\/retseptid\/wp-json\/wp\/v2\/media\/4474"}],"wp:attachment":[{"href":"https:\/\/bio4you.eu\/retseptid\/wp-json\/wp\/v2\/media?parent=4470"}],"wp:term":[{"taxonomy":"product_cat","embeddable":true,"href":"https:\/\/bio4you.eu\/retseptid\/wp-json\/wp\/v2\/product_cat?post=4470"},{"taxonomy":"product_tag","embeddable":true,"href":"https:\/\/bio4you.eu\/retseptid\/wp-json\/wp\/v2\/product_tag?post=4470"}],"curies":[{"name":"wp","href":"https:\/\/api.w.org\/{rel}","templated":true}]}}