{"id":4477,"date":"2025-11-21T00:51:25","date_gmt":"2025-11-20T22:51:25","guid":{"rendered":"https:\/\/bio4you.eu\/retseptid\/?post_type=product&#038;p=4477"},"modified":"2025-11-21T01:14:24","modified_gmt":"2025-11-20T23:14:24","slug":"korvitsa-ounakook-toorjuustukreemiga","status":"publish","type":"product","link":"https:\/\/bio4you.eu\/retseptid\/toode\/korvitsa-ounakook-toorjuustukreemiga\/","title":{"rendered":"K\u00f5rvitsa-\u00f5unakook toorjuustukreemiga"},"content":{"rendered":"<p>Valmistamine:<\/p>\n<ol>\n<li>Sega kausis kokku riivitud k\u00f5rvits, \u00f5un, Pumpkin Pie maitseainesegu, muskaatp\u00e4hkel, munad ja jahusegu.<\/li>\n<li>Vala taigen k\u00fcpsetusvormi.<\/li>\n<li>K\u00fcpseta 180 \u00b0C juures 30\u201340 minutit.<\/li>\n<li>K\u00fcpsemise viimased 10 minutit kata vorm fooliumiga.<\/li>\n<li>T\u00f5sta kook ahjust v\u00e4lja ja lase t\u00e4ielikult jahtuda.<\/li>\n<li>Valmista kreem: sega toorjuust tuhksuhkruga \u00fchtlaseks kreemiks.<\/li>\n<li>L\u00f5ika jahtunud kook keskelt pooleks.<\/li>\n<li>M\u00e4\u00e4ri toorjuustukreem vahele ja ka koogi peale (soovi korral ka k\u00fclgedele).<\/li>\n<li>Kaunista kreeka p\u00e4hklite ja marjadega.<\/li>\n<\/ol>\n","protected":false},"excerpt":{"rendered":"<p>Vaja l\u00e4heb:<\/p>\n<p>Kook<\/p>\n<ul>\n<li>200 ml riivitud k\u00f5rvitsat<\/li>\n<li>200 ml riivitud hapukat \u00f5una<\/li>\n<li>1 spl <a href=\"https:\/\/bio4you.eu\/et\/bio-toit\/biotoit-maitseained-ja-magustajad\/maitsetaimed-ja-segud\/maitseainete-segu-pumpkin-pie-60g\">Pumpkin Pie maitseainesegu<\/a><\/li>\n<li>Veidi riivitud muskaatp\u00e4hklit<\/li>\n<li>3 muna<\/li>\n<li>\u00bd pakk <a href=\"https:\/\/bio4you.eu\/et\/bio-toit\/kuivained-ja-idandamine\/magusad-kuepsetussegud\/gluteenivaba-piparkoogi-jahusegu-350g\">Bettr piparkoogisegu<\/a><\/li>\n<\/ul>\n<p>Kreem<\/p>\n<ul>\n<li>2 pakki toorjuustu<\/li>\n<li>3 spl tuhksuhkrut (v\u00f5i meelep\u00e4rast magustajat)<\/li>\n<\/ul>\n","protected":false},"featured_media":4478,"comment_status":"open","ping_status":"closed","template":"","meta":{"_exactmetrics_skip_tracking":false,"_exactmetrics_sitenote_active":false,"_exactmetrics_sitenote_note":"","_exactmetrics_sitenote_category":0},"product_cat":[59,60,63,280],"product_tag":[426,759,525,760,757,761,758,756],"class_list":{"0":"post-4477","1":"product","2":"type-product","3":"status-publish","4":"has-post-thumbnail","6":"product_cat-featured","7":"product_cat-toiduretseptid","8":"product_cat-gluteenivabad-retseptid","9":"product_cat-koogid-ja-kupsised","10":"product_tag-gluteenivaba-kook","11":"product_tag-kiirkook","12":"product_tag-korvitsakook","13":"product_tag-lihtne-kook","14":"product_tag-ounakook","15":"product_tag-piparkoogi-brownies","16":"product_tag-piparkoogikook","17":"product_tag-piparkook","19":"first","20":"instock","21":"shipping-taxable","22":"product-type-simple"},"yoast_head":"<!-- This site is optimized with the Yoast SEO plugin v23.3 - https:\/\/yoast.com\/wordpress\/plugins\/seo\/ -->\n<title>K\u00f5rvitsa-\u00f5unakook toorjuustukreemiga | Gluteenivaba kiirkook<\/title>\n<meta name=\"description\" content=\".Mahlane k\u00f5rvitsa-\u00f5unakook toorjuustukreemiga. Kiirelt valmiv ja maitsev kook, mis sobib ideaalselt pidup\u00e4evaks v\u00f5i kohvi k\u00f5rvale. Proovi j\u00e4rele!\" \/>\n<meta name=\"robots\" content=\"index, follow, max-snippet:-1, max-image-preview:large, max-video-preview:-1\" \/>\n<link rel=\"canonical\" href=\"https:\/\/bio4you.eu\/retseptid\/toode\/korvitsa-ounakook-toorjuustukreemiga\/\" \/>\n<meta property=\"og:locale\" content=\"et_EE\" \/>\n<meta property=\"og:type\" content=\"article\" \/>\n<meta property=\"og:title\" content=\"K\u00f5rvitsa-\u00f5unakook toorjuustukreemiga | BioRetsept\" \/>\n<meta property=\"og:description\" content=\"Mahlane k\u00f5rvitsa-\u00f5unakook kreemise toorjuustut\u00e4idisega. H\u00f5rk ja mahlane gluteenivaba kook pidup\u00e4evaks v\u00f5i igap\u00e4evaseks maiustamiseks \u2013 proovi kindlasti!\" \/>\n<meta property=\"og:url\" content=\"https:\/\/bio4you.eu\/retseptid\/toode\/korvitsa-ounakook-toorjuustukreemiga\/\" \/>\n<meta property=\"og:site_name\" content=\"bio4you.eu\/retseptid\" \/>\n<meta property=\"article:modified_time\" content=\"2025-11-20T23:14:24+00:00\" \/>\n<meta property=\"og:image\" content=\"https:\/\/bio4you.eu\/retseptid\/wp-content\/uploads\/2025\/11\/IMG_7842.jpg\" \/>\n\t<meta property=\"og:image:width\" content=\"605\" \/>\n\t<meta property=\"og:image:height\" content=\"647\" \/>\n\t<meta property=\"og:image:type\" content=\"image\/jpeg\" \/>\n<meta name=\"twitter:label1\" content=\"Est. reading time\" \/>\n\t<meta name=\"twitter:data1\" content=\"1 minut\" \/>\n<script type=\"application\/ld+json\" class=\"yoast-schema-graph\">{\"@context\":\"https:\/\/schema.org\",\"@graph\":[{\"@type\":\"WebPage\",\"@id\":\"https:\/\/bio4you.eu\/retseptid\/toode\/korvitsa-ounakook-toorjuustukreemiga\/\",\"url\":\"https:\/\/bio4you.eu\/retseptid\/toode\/korvitsa-ounakook-toorjuustukreemiga\/\",\"name\":\"K\u00f5rvitsa-\u00f5unakook toorjuustukreemiga | Gluteenivaba kiirkook\",\"isPartOf\":{\"@id\":\"https:\/\/bio4you.eu\/retseptid\/#website\"},\"primaryImageOfPage\":{\"@id\":\"https:\/\/bio4you.eu\/retseptid\/toode\/korvitsa-ounakook-toorjuustukreemiga\/#primaryimage\"},\"image\":{\"@id\":\"https:\/\/bio4you.eu\/retseptid\/toode\/korvitsa-ounakook-toorjuustukreemiga\/#primaryimage\"},\"thumbnailUrl\":\"https:\/\/bio4you.eu\/retseptid\/wp-content\/uploads\/2025\/11\/IMG_7842.jpg\",\"datePublished\":\"2025-11-20T22:51:25+00:00\",\"dateModified\":\"2025-11-20T23:14:24+00:00\",\"description\":\".Mahlane k\u00f5rvitsa-\u00f5unakook toorjuustukreemiga. Kiirelt valmiv ja maitsev kook, mis sobib ideaalselt pidup\u00e4evaks v\u00f5i kohvi k\u00f5rvale. Proovi j\u00e4rele!\",\"breadcrumb\":{\"@id\":\"https:\/\/bio4you.eu\/retseptid\/toode\/korvitsa-ounakook-toorjuustukreemiga\/#breadcrumb\"},\"inLanguage\":\"et\",\"potentialAction\":[{\"@type\":\"ReadAction\",\"target\":[\"https:\/\/bio4you.eu\/retseptid\/toode\/korvitsa-ounakook-toorjuustukreemiga\/\"]}]},{\"@type\":\"ImageObject\",\"inLanguage\":\"et\",\"@id\":\"https:\/\/bio4you.eu\/retseptid\/toode\/korvitsa-ounakook-toorjuustukreemiga\/#primaryimage\",\"url\":\"https:\/\/bio4you.eu\/retseptid\/wp-content\/uploads\/2025\/11\/IMG_7842.jpg\",\"contentUrl\":\"https:\/\/bio4you.eu\/retseptid\/wp-content\/uploads\/2025\/11\/IMG_7842.jpg\",\"width\":605,\"height\":647,\"caption\":\"Mahlane, gluteenivaba k\u00f5rvitsa-\u00f5unakook toorjuustukreemiga.\"},{\"@type\":\"BreadcrumbList\",\"@id\":\"https:\/\/bio4you.eu\/retseptid\/toode\/korvitsa-ounakook-toorjuustukreemiga\/#breadcrumb\",\"itemListElement\":[{\"@type\":\"ListItem\",\"position\":1,\"name\":\"Home\",\"item\":\"https:\/\/bio4you.eu\/retseptid\/\"},{\"@type\":\"ListItem\",\"position\":2,\"name\":\"K\u00f5rvitsa-\u00f5unakook toorjuustukreemiga\"}]},{\"@type\":\"WebSite\",\"@id\":\"https:\/\/bio4you.eu\/retseptid\/#website\",\"url\":\"https:\/\/bio4you.eu\/retseptid\/\",\"name\":\"bio4you.eu\/retseptid\",\"description\":\"\u00d6ko retseptid ise tegemiseks, looduslikest koostisainetest. Maitsev toit, iluhooldus, kodupuhastus ja aiandus.\",\"potentialAction\":[{\"@type\":\"SearchAction\",\"target\":{\"@type\":\"EntryPoint\",\"urlTemplate\":\"https:\/\/bio4you.eu\/retseptid\/?s={search_term_string}\"},\"query-input\":\"required name=search_term_string\"}],\"inLanguage\":\"et\"}]}<\/script>\n<!-- \/ Yoast SEO plugin. -->","yoast_head_json":{"title":"K\u00f5rvitsa-\u00f5unakook toorjuustukreemiga | Gluteenivaba kiirkook","description":".Mahlane k\u00f5rvitsa-\u00f5unakook toorjuustukreemiga. Kiirelt valmiv ja maitsev kook, mis sobib ideaalselt pidup\u00e4evaks v\u00f5i kohvi k\u00f5rvale. Proovi j\u00e4rele!","robots":{"index":"index","follow":"follow","max-snippet":"max-snippet:-1","max-image-preview":"max-image-preview:large","max-video-preview":"max-video-preview:-1"},"canonical":"https:\/\/bio4you.eu\/retseptid\/toode\/korvitsa-ounakook-toorjuustukreemiga\/","og_locale":"et_EE","og_type":"article","og_title":"K\u00f5rvitsa-\u00f5unakook toorjuustukreemiga | BioRetsept","og_description":"Mahlane k\u00f5rvitsa-\u00f5unakook kreemise toorjuustut\u00e4idisega. H\u00f5rk ja mahlane gluteenivaba kook pidup\u00e4evaks v\u00f5i igap\u00e4evaseks maiustamiseks \u2013 proovi kindlasti!","og_url":"https:\/\/bio4you.eu\/retseptid\/toode\/korvitsa-ounakook-toorjuustukreemiga\/","og_site_name":"bio4you.eu\/retseptid","article_modified_time":"2025-11-20T23:14:24+00:00","og_image":[{"width":605,"height":647,"url":"https:\/\/bio4you.eu\/retseptid\/wp-content\/uploads\/2025\/11\/IMG_7842.jpg","type":"image\/jpeg"}],"twitter_misc":{"Est. reading time":"1 minut"},"schema":{"@context":"https:\/\/schema.org","@graph":[{"@type":"WebPage","@id":"https:\/\/bio4you.eu\/retseptid\/toode\/korvitsa-ounakook-toorjuustukreemiga\/","url":"https:\/\/bio4you.eu\/retseptid\/toode\/korvitsa-ounakook-toorjuustukreemiga\/","name":"K\u00f5rvitsa-\u00f5unakook toorjuustukreemiga | Gluteenivaba kiirkook","isPartOf":{"@id":"https:\/\/bio4you.eu\/retseptid\/#website"},"primaryImageOfPage":{"@id":"https:\/\/bio4you.eu\/retseptid\/toode\/korvitsa-ounakook-toorjuustukreemiga\/#primaryimage"},"image":{"@id":"https:\/\/bio4you.eu\/retseptid\/toode\/korvitsa-ounakook-toorjuustukreemiga\/#primaryimage"},"thumbnailUrl":"https:\/\/bio4you.eu\/retseptid\/wp-content\/uploads\/2025\/11\/IMG_7842.jpg","datePublished":"2025-11-20T22:51:25+00:00","dateModified":"2025-11-20T23:14:24+00:00","description":".Mahlane k\u00f5rvitsa-\u00f5unakook toorjuustukreemiga. Kiirelt valmiv ja maitsev kook, mis sobib ideaalselt pidup\u00e4evaks v\u00f5i kohvi k\u00f5rvale. Proovi j\u00e4rele!","breadcrumb":{"@id":"https:\/\/bio4you.eu\/retseptid\/toode\/korvitsa-ounakook-toorjuustukreemiga\/#breadcrumb"},"inLanguage":"et","potentialAction":[{"@type":"ReadAction","target":["https:\/\/bio4you.eu\/retseptid\/toode\/korvitsa-ounakook-toorjuustukreemiga\/"]}]},{"@type":"ImageObject","inLanguage":"et","@id":"https:\/\/bio4you.eu\/retseptid\/toode\/korvitsa-ounakook-toorjuustukreemiga\/#primaryimage","url":"https:\/\/bio4you.eu\/retseptid\/wp-content\/uploads\/2025\/11\/IMG_7842.jpg","contentUrl":"https:\/\/bio4you.eu\/retseptid\/wp-content\/uploads\/2025\/11\/IMG_7842.jpg","width":605,"height":647,"caption":"Mahlane, gluteenivaba k\u00f5rvitsa-\u00f5unakook toorjuustukreemiga."},{"@type":"BreadcrumbList","@id":"https:\/\/bio4you.eu\/retseptid\/toode\/korvitsa-ounakook-toorjuustukreemiga\/#breadcrumb","itemListElement":[{"@type":"ListItem","position":1,"name":"Home","item":"https:\/\/bio4you.eu\/retseptid\/"},{"@type":"ListItem","position":2,"name":"K\u00f5rvitsa-\u00f5unakook toorjuustukreemiga"}]},{"@type":"WebSite","@id":"https:\/\/bio4you.eu\/retseptid\/#website","url":"https:\/\/bio4you.eu\/retseptid\/","name":"bio4you.eu\/retseptid","description":"\u00d6ko retseptid ise tegemiseks, looduslikest koostisainetest. Maitsev toit, iluhooldus, kodupuhastus ja aiandus.","potentialAction":[{"@type":"SearchAction","target":{"@type":"EntryPoint","urlTemplate":"https:\/\/bio4you.eu\/retseptid\/?s={search_term_string}"},"query-input":"required name=search_term_string"}],"inLanguage":"et"}]}},"_links":{"self":[{"href":"https:\/\/bio4you.eu\/retseptid\/wp-json\/wp\/v2\/product\/4477"}],"collection":[{"href":"https:\/\/bio4you.eu\/retseptid\/wp-json\/wp\/v2\/product"}],"about":[{"href":"https:\/\/bio4you.eu\/retseptid\/wp-json\/wp\/v2\/types\/product"}],"replies":[{"embeddable":true,"href":"https:\/\/bio4you.eu\/retseptid\/wp-json\/wp\/v2\/comments?post=4477"}],"wp:featuredmedia":[{"embeddable":true,"href":"https:\/\/bio4you.eu\/retseptid\/wp-json\/wp\/v2\/media\/4478"}],"wp:attachment":[{"href":"https:\/\/bio4you.eu\/retseptid\/wp-json\/wp\/v2\/media?parent=4477"}],"wp:term":[{"taxonomy":"product_cat","embeddable":true,"href":"https:\/\/bio4you.eu\/retseptid\/wp-json\/wp\/v2\/product_cat?post=4477"},{"taxonomy":"product_tag","embeddable":true,"href":"https:\/\/bio4you.eu\/retseptid\/wp-json\/wp\/v2\/product_tag?post=4477"}],"curies":[{"name":"wp","href":"https:\/\/api.w.org\/{rel}","templated":true}]}}