{"id":4486,"date":"2025-11-26T17:42:10","date_gmt":"2025-11-26T15:42:10","guid":{"rendered":"https:\/\/bio4you.eu\/retseptid\/?post_type=product&#038;p=4486"},"modified":"2025-11-26T19:22:09","modified_gmt":"2025-11-26T17:22:09","slug":"pinsa-vahtrasiirupi-ja-ounapureega","status":"publish","type":"product","link":"https:\/\/bio4you.eu\/retseptid\/toode\/pinsa-vahtrasiirupi-ja-ounapureega\/","title":{"rendered":"Pinsa vahtrasiirupi ja \u00f5unap\u00fcreega"},"content":{"rendered":"<p>PINSATAIGNA VALMISTAMINE<\/p>\n<ol>\n<li>Sega pinsasegu, p\u00e4rm, vesi ja \u00f5li \u00fchtlaseks taignaks.<\/li>\n<li>Lisa vahtrasiirup<\/li>\n<li>Lase taignal kaetult kerkida 30 minutit.<\/li>\n<li>Jaga taigen 3 osaks ja vormi 1\u20131,5 cm paksused p\u00f5hjad.<\/li>\n<li>Lase veel 30 minutit kerkida.<\/li>\n<\/ol>\n<p>PINSAP\u00d5HJADE ETTEVALMISTUS JA K\u00dcPSETAMINE<\/p>\n<ol>\n<li>Sulata v\u00f5i mikrolaineahjus v\u00f5i v\u00e4ikeses potis.<\/li>\n<li>Sega omavahel suhkur ja kaneel ning puista \u00fchtlaselt pinsale.<\/li>\n<li>K\u00fcpseta 230\u00b0C juures umbes 15 minutit.<\/li>\n<\/ol>\n<p>\u00d5UNAKOMPOTT<\/p>\n<ol>\n<li>Eemalda \u00f5untelt s\u00fcdamikud ja l\u00f5ika \u00f5hukesteks viiludeks.<\/li>\n<li>Pane \u00f5unad koos suhkru, sidrunimahla ja veega v\u00e4ikesesse potti.<\/li>\n<li>Keeda umbes 10 minutit, kuni \u00f5unad muutuvad pehmeks.<\/li>\n<li>Lisa k\u00fclm v\u00f5i ja sega, kuni k\u00f5ik on \u00fchtlaselt segunenud.<\/li>\n<\/ol>\n<p>Serveeri v\u00e4rskelt k\u00fcpsetatud pinsa sooja \u00f5unakompoti ja kaneelikattega.<\/p>\n","protected":false},"excerpt":{"rendered":"<p>Vaja l\u00e4heb<\/p>\n<p>PINSATAIGNA JAOKS<\/p>\n<ul>\n<li>1 pakk <a href=\"https:\/\/bio4you.eu\/et\/gluteenivaba\/gluteenivabad-jahud-ja-jahusegud\/gluteenivaba-pinsataigna-jahusegu-350g\">Bauck M\u00fchle Pinsa segu<\/a><\/li>\n<li>1 pakk kuivp\u00e4rmi<\/li>\n<li>300 ml leiget vett<\/li>\n<li>1 spl <a href=\"https:\/\/bio4you.eu\/et\/praadimisolid\">neutraalset \u00f5li<\/a><\/li>\n<li>4 spl <a href=\"https:\/\/bio4you.eu\/et\/otsi?controller=search&amp;s=VAHTRASIIRUP\">vahtrasiirupit<\/a><\/li>\n<li>2\u20133 spl <a href=\"https:\/\/bio4you.eu\/et\/otsi?controller=search&amp;s=suhkur\">toor-roosuhkrut<\/a><\/li>\n<li>\u00bd\u20131 tl <a href=\"https:\/\/bio4you.eu\/et\/otsi?controller=search&amp;s=tseiloni+kaneel\">kaneeli<\/a><\/li>\n<li>1 spl v\u00f5id v\u00f5i rasvainet<\/li>\n<\/ul>\n<p>\u00d5UNAKOMPOTI JAOKS<\/p>\n<ul>\n<li>2 \u00f5una<\/li>\n<li>2 spl <a href=\"https:\/\/bio4you.eu\/et\/otsi?controller=search&amp;s=suhkur\">suhkrut<\/a><\/li>\n<li>2 spl <a href=\"https:\/\/bio4you.eu\/et\/otsi?controller=search&amp;s=sidrunimahl\">sidrunimahla<\/a><\/li>\n<li>120 ml vett<\/li>\n<li>40 g v\u00e4ga k\u00fclma v\u00f5id<\/li>\n<\/ul>\n<p>&nbsp;<\/p>\n","protected":false},"featured_media":4487,"comment_status":"open","ping_status":"closed","template":"","meta":{"_exactmetrics_skip_tracking":false,"_exactmetrics_sitenote_active":false,"_exactmetrics_sitenote_note":"","_exactmetrics_sitenote_category":0},"product_cat":[59,60,63,280],"product_tag":[150,426,765,763,766,764,319],"class_list":{"0":"post-4486","1":"product","2":"type-product","3":"status-publish","4":"has-post-thumbnail","6":"product_cat-featured","7":"product_cat-toiduretseptid","8":"product_cat-gluteenivabad-retseptid","9":"product_cat-koogid-ja-kupsised","10":"product_tag-gluteenivaba-2","11":"product_tag-gluteenivaba-kook","12":"product_tag-ounapirukas","13":"product_tag-pinsa","14":"product_tag-pinsapohi","15":"product_tag-pinsataigen","16":"product_tag-vahtrasiirup","18":"first","19":"instock","20":"shipping-taxable","21":"product-type-simple"},"yoast_head":"<!-- This site is optimized with the Yoast SEO plugin v23.3 - https:\/\/yoast.com\/wordpress\/plugins\/seo\/ -->\n<title>Pinsa \u00f5unakompoti ja toorjuustukreemiga | Gluteenivaba magustoit<\/title>\n<meta name=\"description\" content=\"Lihtne gluteenivaba pinsa retsept magusas v\u00f5tmes. Kohev ja kerge taigen, mis sobib nii soolaste kui magusate katetega.\" \/>\n<meta name=\"robots\" content=\"index, follow, max-snippet:-1, max-image-preview:large, max-video-preview:-1\" \/>\n<link rel=\"canonical\" href=\"https:\/\/bio4you.eu\/retseptid\/toode\/pinsa-vahtrasiirupi-ja-ounapureega\/\" \/>\n<meta property=\"og:locale\" content=\"et_EE\" \/>\n<meta property=\"og:type\" content=\"article\" \/>\n<meta property=\"og:title\" content=\"Pinsa \u00f5unakompoti ja kaneeliga | BioRetsept\" \/>\n<meta property=\"og:description\" content=\"Valmista t\u00e4iuslik gluteenivaba pinsap\u00f5hi vaid m\u00f5ne koostisosaga. Kerge, kohev ja tervislik taigen sobib suurep\u00e4raselt nii soolaste kui ka magusate katete jaoks. Siin retseptis naudime pinsat magusas versioonis \u2013 \u00f5unap\u00fcree ja kaneeli mahedas koosluses.\" \/>\n<meta property=\"og:url\" content=\"https:\/\/bio4you.eu\/retseptid\/toode\/pinsa-vahtrasiirupi-ja-ounapureega\/\" \/>\n<meta property=\"og:site_name\" content=\"bio4you.eu\/retseptid\" \/>\n<meta property=\"article:modified_time\" content=\"2025-11-26T17:22:09+00:00\" \/>\n<meta property=\"og:image\" content=\"https:\/\/bio4you.eu\/retseptid\/wp-content\/uploads\/2025\/11\/BIORETSEPT.png\" \/>\n\t<meta property=\"og:image:width\" content=\"1080\" \/>\n\t<meta property=\"og:image:height\" content=\"1080\" \/>\n\t<meta property=\"og:image:type\" content=\"image\/png\" \/>\n<meta name=\"twitter:label1\" content=\"Est. reading time\" \/>\n\t<meta name=\"twitter:data1\" content=\"1 minut\" \/>\n<script type=\"application\/ld+json\" class=\"yoast-schema-graph\">{\"@context\":\"https:\/\/schema.org\",\"@graph\":[{\"@type\":\"WebPage\",\"@id\":\"https:\/\/bio4you.eu\/retseptid\/toode\/pinsa-vahtrasiirupi-ja-ounapureega\/\",\"url\":\"https:\/\/bio4you.eu\/retseptid\/toode\/pinsa-vahtrasiirupi-ja-ounapureega\/\",\"name\":\"Pinsa \u00f5unakompoti ja toorjuustukreemiga | Gluteenivaba magustoit\",\"isPartOf\":{\"@id\":\"https:\/\/bio4you.eu\/retseptid\/#website\"},\"primaryImageOfPage\":{\"@id\":\"https:\/\/bio4you.eu\/retseptid\/toode\/pinsa-vahtrasiirupi-ja-ounapureega\/#primaryimage\"},\"image\":{\"@id\":\"https:\/\/bio4you.eu\/retseptid\/toode\/pinsa-vahtrasiirupi-ja-ounapureega\/#primaryimage\"},\"thumbnailUrl\":\"https:\/\/bio4you.eu\/retseptid\/wp-content\/uploads\/2025\/11\/BIORETSEPT.png\",\"datePublished\":\"2025-11-26T15:42:10+00:00\",\"dateModified\":\"2025-11-26T17:22:09+00:00\",\"description\":\"Lihtne gluteenivaba pinsa retsept magusas v\u00f5tmes. Kohev ja kerge taigen, mis sobib nii soolaste kui magusate katetega.\",\"breadcrumb\":{\"@id\":\"https:\/\/bio4you.eu\/retseptid\/toode\/pinsa-vahtrasiirupi-ja-ounapureega\/#breadcrumb\"},\"inLanguage\":\"et\",\"potentialAction\":[{\"@type\":\"ReadAction\",\"target\":[\"https:\/\/bio4you.eu\/retseptid\/toode\/pinsa-vahtrasiirupi-ja-ounapureega\/\"]}]},{\"@type\":\"ImageObject\",\"inLanguage\":\"et\",\"@id\":\"https:\/\/bio4you.eu\/retseptid\/toode\/pinsa-vahtrasiirupi-ja-ounapureega\/#primaryimage\",\"url\":\"https:\/\/bio4you.eu\/retseptid\/wp-content\/uploads\/2025\/11\/BIORETSEPT.png\",\"contentUrl\":\"https:\/\/bio4you.eu\/retseptid\/wp-content\/uploads\/2025\/11\/BIORETSEPT.png\",\"width\":1080,\"height\":1080,\"caption\":\"Kodune gluteenivaba pinsa p\u00f5hi valmistamiseks \u2013 kerge, kohev ja ideaalne tervislikuks retseptiks.\"},{\"@type\":\"BreadcrumbList\",\"@id\":\"https:\/\/bio4you.eu\/retseptid\/toode\/pinsa-vahtrasiirupi-ja-ounapureega\/#breadcrumb\",\"itemListElement\":[{\"@type\":\"ListItem\",\"position\":1,\"name\":\"Home\",\"item\":\"https:\/\/bio4you.eu\/retseptid\/\"},{\"@type\":\"ListItem\",\"position\":2,\"name\":\"Pinsa vahtrasiirupi ja \u00f5unap\u00fcreega\"}]},{\"@type\":\"WebSite\",\"@id\":\"https:\/\/bio4you.eu\/retseptid\/#website\",\"url\":\"https:\/\/bio4you.eu\/retseptid\/\",\"name\":\"bio4you.eu\/retseptid\",\"description\":\"\u00d6ko retseptid ise tegemiseks, looduslikest koostisainetest. Maitsev toit, iluhooldus, kodupuhastus ja aiandus.\",\"potentialAction\":[{\"@type\":\"SearchAction\",\"target\":{\"@type\":\"EntryPoint\",\"urlTemplate\":\"https:\/\/bio4you.eu\/retseptid\/?s={search_term_string}\"},\"query-input\":\"required name=search_term_string\"}],\"inLanguage\":\"et\"}]}<\/script>\n<!-- \/ Yoast SEO plugin. -->","yoast_head_json":{"title":"Pinsa \u00f5unakompoti ja toorjuustukreemiga | Gluteenivaba magustoit","description":"Lihtne gluteenivaba pinsa retsept magusas v\u00f5tmes. Kohev ja kerge taigen, mis sobib nii soolaste kui magusate katetega.","robots":{"index":"index","follow":"follow","max-snippet":"max-snippet:-1","max-image-preview":"max-image-preview:large","max-video-preview":"max-video-preview:-1"},"canonical":"https:\/\/bio4you.eu\/retseptid\/toode\/pinsa-vahtrasiirupi-ja-ounapureega\/","og_locale":"et_EE","og_type":"article","og_title":"Pinsa \u00f5unakompoti ja kaneeliga | BioRetsept","og_description":"Valmista t\u00e4iuslik gluteenivaba pinsap\u00f5hi vaid m\u00f5ne koostisosaga. Kerge, kohev ja tervislik taigen sobib suurep\u00e4raselt nii soolaste kui ka magusate katete jaoks. Siin retseptis naudime pinsat magusas versioonis \u2013 \u00f5unap\u00fcree ja kaneeli mahedas koosluses.","og_url":"https:\/\/bio4you.eu\/retseptid\/toode\/pinsa-vahtrasiirupi-ja-ounapureega\/","og_site_name":"bio4you.eu\/retseptid","article_modified_time":"2025-11-26T17:22:09+00:00","og_image":[{"width":1080,"height":1080,"url":"https:\/\/bio4you.eu\/retseptid\/wp-content\/uploads\/2025\/11\/BIORETSEPT.png","type":"image\/png"}],"twitter_misc":{"Est. reading time":"1 minut"},"schema":{"@context":"https:\/\/schema.org","@graph":[{"@type":"WebPage","@id":"https:\/\/bio4you.eu\/retseptid\/toode\/pinsa-vahtrasiirupi-ja-ounapureega\/","url":"https:\/\/bio4you.eu\/retseptid\/toode\/pinsa-vahtrasiirupi-ja-ounapureega\/","name":"Pinsa \u00f5unakompoti ja toorjuustukreemiga | Gluteenivaba magustoit","isPartOf":{"@id":"https:\/\/bio4you.eu\/retseptid\/#website"},"primaryImageOfPage":{"@id":"https:\/\/bio4you.eu\/retseptid\/toode\/pinsa-vahtrasiirupi-ja-ounapureega\/#primaryimage"},"image":{"@id":"https:\/\/bio4you.eu\/retseptid\/toode\/pinsa-vahtrasiirupi-ja-ounapureega\/#primaryimage"},"thumbnailUrl":"https:\/\/bio4you.eu\/retseptid\/wp-content\/uploads\/2025\/11\/BIORETSEPT.png","datePublished":"2025-11-26T15:42:10+00:00","dateModified":"2025-11-26T17:22:09+00:00","description":"Lihtne gluteenivaba pinsa retsept magusas v\u00f5tmes. Kohev ja kerge taigen, mis sobib nii soolaste kui magusate katetega.","breadcrumb":{"@id":"https:\/\/bio4you.eu\/retseptid\/toode\/pinsa-vahtrasiirupi-ja-ounapureega\/#breadcrumb"},"inLanguage":"et","potentialAction":[{"@type":"ReadAction","target":["https:\/\/bio4you.eu\/retseptid\/toode\/pinsa-vahtrasiirupi-ja-ounapureega\/"]}]},{"@type":"ImageObject","inLanguage":"et","@id":"https:\/\/bio4you.eu\/retseptid\/toode\/pinsa-vahtrasiirupi-ja-ounapureega\/#primaryimage","url":"https:\/\/bio4you.eu\/retseptid\/wp-content\/uploads\/2025\/11\/BIORETSEPT.png","contentUrl":"https:\/\/bio4you.eu\/retseptid\/wp-content\/uploads\/2025\/11\/BIORETSEPT.png","width":1080,"height":1080,"caption":"Kodune gluteenivaba pinsa p\u00f5hi valmistamiseks \u2013 kerge, kohev ja ideaalne tervislikuks retseptiks."},{"@type":"BreadcrumbList","@id":"https:\/\/bio4you.eu\/retseptid\/toode\/pinsa-vahtrasiirupi-ja-ounapureega\/#breadcrumb","itemListElement":[{"@type":"ListItem","position":1,"name":"Home","item":"https:\/\/bio4you.eu\/retseptid\/"},{"@type":"ListItem","position":2,"name":"Pinsa vahtrasiirupi ja \u00f5unap\u00fcreega"}]},{"@type":"WebSite","@id":"https:\/\/bio4you.eu\/retseptid\/#website","url":"https:\/\/bio4you.eu\/retseptid\/","name":"bio4you.eu\/retseptid","description":"\u00d6ko retseptid ise tegemiseks, looduslikest koostisainetest. Maitsev toit, iluhooldus, kodupuhastus ja aiandus.","potentialAction":[{"@type":"SearchAction","target":{"@type":"EntryPoint","urlTemplate":"https:\/\/bio4you.eu\/retseptid\/?s={search_term_string}"},"query-input":"required name=search_term_string"}],"inLanguage":"et"}]}},"_links":{"self":[{"href":"https:\/\/bio4you.eu\/retseptid\/wp-json\/wp\/v2\/product\/4486"}],"collection":[{"href":"https:\/\/bio4you.eu\/retseptid\/wp-json\/wp\/v2\/product"}],"about":[{"href":"https:\/\/bio4you.eu\/retseptid\/wp-json\/wp\/v2\/types\/product"}],"replies":[{"embeddable":true,"href":"https:\/\/bio4you.eu\/retseptid\/wp-json\/wp\/v2\/comments?post=4486"}],"wp:featuredmedia":[{"embeddable":true,"href":"https:\/\/bio4you.eu\/retseptid\/wp-json\/wp\/v2\/media\/4487"}],"wp:attachment":[{"href":"https:\/\/bio4you.eu\/retseptid\/wp-json\/wp\/v2\/media?parent=4486"}],"wp:term":[{"taxonomy":"product_cat","embeddable":true,"href":"https:\/\/bio4you.eu\/retseptid\/wp-json\/wp\/v2\/product_cat?post=4486"},{"taxonomy":"product_tag","embeddable":true,"href":"https:\/\/bio4you.eu\/retseptid\/wp-json\/wp\/v2\/product_tag?post=4486"}],"curies":[{"name":"wp","href":"https:\/\/api.w.org\/{rel}","templated":true}]}}