{"id":4489,"date":"2025-11-26T18:05:55","date_gmt":"2025-11-26T16:05:55","guid":{"rendered":"https:\/\/bio4you.eu\/retseptid\/?post_type=product&#038;p=4489"},"modified":"2025-11-26T21:10:25","modified_gmt":"2025-11-26T19:10:25","slug":"pinsa-korvitsa-ja-ricotta-juustuga","status":"publish","type":"product","link":"https:\/\/bio4you.eu\/retseptid\/toode\/pinsa-korvitsa-ja-ricotta-juustuga\/","title":{"rendered":"Pinsa k\u00f5rvitsa ja ricotta juustuga"},"content":{"rendered":"<p><strong>PINSATAIGNA VALMISTAMINE<\/strong><\/p>\n<ol>\n<li>Sega pinsasegu, p\u00e4rm, vesi ja \u00f5li \u00fchtlaseks taignaks.<\/li>\n<li>Lase taignal soojas kohas kaetult kerkida 30 minutit.<\/li>\n<li>Jaga taigen 3 osaks ja vormi 1\u20131,5 cm paksused p\u00f5hjad ja t\u00f5sta need ahjuplaadile k\u00fcpsetuspaberile.<\/li>\n<li>Lase veel 30 minutit kerkida<\/li>\n<\/ol>\n<p><strong>KATTE VALMISTAMINE<\/strong><\/p>\n<ol>\n<li>L\u00f5ika k\u00f5rvits pooleks, eemalda seemned ja riivi peeneks.<\/li>\n<li>Koori punane sibul ja l\u00f5ika \u00f5hukesteks poolkuudeks.<\/li>\n<li>Pane k\u00f5rvits ja sibul kaussi, lisa oliivi\u00f5li, t\u00fc\u00fcmian, sool ja pipar.<\/li>\n<li>Sega k\u00f5ik \u00fchtlaseks marinaadiks.<\/li>\n<li>Sega riivitud Gouda k\u00f5rvitsasegusse.<\/li>\n<\/ol>\n<p><strong>PINSAP\u00d5HJADE ETTEVALMISTUS JA K\u00dcPSETAMINE<\/strong><\/p>\n<ol>\n<li>M\u00e4\u00e4ri ahjuplaadil teist korda kerkinud p\u00f5hjadele ricotta \u00fchtlaselt laiali.<\/li>\n<li>Jaota valmistatud k\u00f5rvitsasegu pinsap\u00f5hjadele.<\/li>\n<li>K\u00fcpseta ahjus 15 minutit 230 \u00b0C juures (\u00fcla- ja alakuumus).<\/li>\n<li>T\u00f5sta pinsad ahjust v\u00e4lja ja kata v\u00e4rske rukolaga.<\/li>\n<li>Lisa veidi v\u00e4rsket EVO \u00f5li ja serveeri soojalt.<\/li>\n<\/ol>\n","protected":false},"excerpt":{"rendered":"<p>Vaja l\u00e4heb<\/p>\n<p><strong>PINSAP\u00d5HJADE JAOKS<\/strong><\/p>\n<ul>\n<li>1 pakk <a href=\"https:\/\/bio4you.eu\/et\/gluteenivaba\/gluteenivabad-jahud-ja-jahusegud\/gluteenivaba-pinsataigna-jahusegu-350g\">Bauck M\u00fchle Pinsataigna jahusegu<\/a><\/li>\n<li>1 pakk kuivp\u00e4rmi<\/li>\n<li>300 ml leiget vett<\/li>\n<li>1 sl <a href=\"https:\/\/bio4you.eu\/et\/otsi?controller=search&amp;s=ekstra+v%C3%A4%C3%A4ris+oliivi%C3%B5li\">EVO \u00f5li<\/a><\/li>\n<\/ul>\n<p><strong>KATTE JAOKS<\/strong><\/p>\n<ul>\n<li>200 g Hokkaido k\u00f5rvitsat<\/li>\n<li>1 v\u00e4ike punane sibul<\/li>\n<li>100 g riivitud Goudat<\/li>\n<li>1-2 sl <a href=\"https:\/\/bio4you.eu\/et\/otsi?controller=search&amp;s=ekstra+v%C3%A4%C3%A4ris+oliivi%C3%B5li\">EVO \u00f5li<\/a><\/li>\n<li>120 g ricottat<\/li>\n<li>1 tl t\u00fc\u00fcmiani<\/li>\n<li>Soola ja pipart<\/li>\n<li>Peot\u00e4is rukolat<\/li>\n<\/ul>\n","protected":false},"featured_media":4490,"comment_status":"open","ping_status":"closed","template":"","meta":{"_exactmetrics_skip_tracking":false,"_exactmetrics_sitenote_active":false,"_exactmetrics_sitenote_note":"","_exactmetrics_sitenote_category":0},"product_cat":[762,59,60,63,383],"product_tag":[557,767,621,421,768,766,764,624,625],"class_list":{"0":"post-4489","1":"product","2":"type-product","3":"status-publish","4":"has-post-thumbnail","6":"product_cat-soolased-kupsetised","7":"product_cat-featured","8":"product_cat-toiduretseptid","9":"product_cat-gluteenivabad-retseptid","10":"product_cat-taimetoit","11":"product_tag-gluteenivaba-ohtusook","12":"product_tag-gluteenivaba-pinsa","13":"product_tag-gluteenivaba-pita","14":"product_tag-gluteenivaba-pitsa","15":"product_tag-korvitsapinsa","16":"product_tag-pinsapohi","17":"product_tag-pinsataigen","18":"product_tag-taimetoidu-ohtusook","19":"product_tag-taimne-ohtusook","21":"first","22":"instock","23":"shipping-taxable","24":"product-type-simple"},"yoast_head":"<!-- This site is optimized with the Yoast SEO plugin v23.3 - https:\/\/yoast.com\/wordpress\/plugins\/seo\/ -->\n<title>Pinsa k\u00f5rvitsa ja ricotta juustuga | Gluteenivaba k\u00f6\u00f6giviljapinsa<\/title>\n<meta name=\"description\" content=\"\u00d5huline pinsap\u00f5hi, kreemjas ricotta ja mahlane k\u00f5rvitsasegu sibula ning t\u00fc\u00fcmianiga. Lihtne ja maitsekas k\u00f6\u00f6giviljapinsa, mis k\u00fcpseb vaid 15 minutiga ning on ideaalne kiireks soojaks eineks.\" \/>\n<meta name=\"robots\" content=\"index, follow, max-snippet:-1, max-image-preview:large, max-video-preview:-1\" \/>\n<link rel=\"canonical\" href=\"https:\/\/bio4you.eu\/retseptid\/toode\/pinsa-korvitsa-ja-ricotta-juustuga\/\" \/>\n<meta property=\"og:locale\" content=\"et_EE\" \/>\n<meta property=\"og:type\" content=\"article\" \/>\n<meta property=\"og:title\" content=\"Pinsa k\u00f5rvitsa ja ricotta juustuga | BioRetsept\" \/>\n<meta property=\"og:description\" content=\"Kohev pinsap\u00f5hi, ricottakreem, k\u00f5rvits, sibul ja sulav Gouda \u2013 ning l\u00f5puks v\u00e4rske rukola! See k\u00f6\u00f6giviljapinsa on t\u00e4iuslik s\u00fcgisene maitsekombinatsioon, mis valmib kiiresti ja maitseb uskumatult hea.\" \/>\n<meta property=\"og:url\" content=\"https:\/\/bio4you.eu\/retseptid\/toode\/pinsa-korvitsa-ja-ricotta-juustuga\/\" \/>\n<meta property=\"og:site_name\" content=\"bio4you.eu\/retseptid\" \/>\n<meta property=\"article:modified_time\" content=\"2025-11-26T19:10:25+00:00\" \/>\n<meta property=\"og:image\" content=\"https:\/\/bio4you.eu\/retseptid\/wp-content\/uploads\/2025\/11\/BIORETSEPT-1.png\" \/>\n\t<meta property=\"og:image:width\" content=\"1080\" \/>\n\t<meta property=\"og:image:height\" content=\"1080\" \/>\n\t<meta property=\"og:image:type\" content=\"image\/png\" \/>\n<meta name=\"twitter:label1\" content=\"Est. reading time\" \/>\n\t<meta name=\"twitter:data1\" content=\"1 minut\" \/>\n<script type=\"application\/ld+json\" class=\"yoast-schema-graph\">{\"@context\":\"https:\/\/schema.org\",\"@graph\":[{\"@type\":\"WebPage\",\"@id\":\"https:\/\/bio4you.eu\/retseptid\/toode\/pinsa-korvitsa-ja-ricotta-juustuga\/\",\"url\":\"https:\/\/bio4you.eu\/retseptid\/toode\/pinsa-korvitsa-ja-ricotta-juustuga\/\",\"name\":\"Pinsa k\u00f5rvitsa ja ricotta juustuga | Gluteenivaba k\u00f6\u00f6giviljapinsa\",\"isPartOf\":{\"@id\":\"https:\/\/bio4you.eu\/retseptid\/#website\"},\"primaryImageOfPage\":{\"@id\":\"https:\/\/bio4you.eu\/retseptid\/toode\/pinsa-korvitsa-ja-ricotta-juustuga\/#primaryimage\"},\"image\":{\"@id\":\"https:\/\/bio4you.eu\/retseptid\/toode\/pinsa-korvitsa-ja-ricotta-juustuga\/#primaryimage\"},\"thumbnailUrl\":\"https:\/\/bio4you.eu\/retseptid\/wp-content\/uploads\/2025\/11\/BIORETSEPT-1.png\",\"datePublished\":\"2025-11-26T16:05:55+00:00\",\"dateModified\":\"2025-11-26T19:10:25+00:00\",\"description\":\"\u00d5huline pinsap\u00f5hi, kreemjas ricotta ja mahlane k\u00f5rvitsasegu sibula ning t\u00fc\u00fcmianiga. Lihtne ja maitsekas k\u00f6\u00f6giviljapinsa, mis k\u00fcpseb vaid 15 minutiga ning on ideaalne kiireks soojaks eineks.\",\"breadcrumb\":{\"@id\":\"https:\/\/bio4you.eu\/retseptid\/toode\/pinsa-korvitsa-ja-ricotta-juustuga\/#breadcrumb\"},\"inLanguage\":\"et\",\"potentialAction\":[{\"@type\":\"ReadAction\",\"target\":[\"https:\/\/bio4you.eu\/retseptid\/toode\/pinsa-korvitsa-ja-ricotta-juustuga\/\"]}]},{\"@type\":\"ImageObject\",\"inLanguage\":\"et\",\"@id\":\"https:\/\/bio4you.eu\/retseptid\/toode\/pinsa-korvitsa-ja-ricotta-juustuga\/#primaryimage\",\"url\":\"https:\/\/bio4you.eu\/retseptid\/wp-content\/uploads\/2025\/11\/BIORETSEPT-1.png\",\"contentUrl\":\"https:\/\/bio4you.eu\/retseptid\/wp-content\/uploads\/2025\/11\/BIORETSEPT-1.png\",\"width\":1080,\"height\":1080,\"caption\":\"K\u00f5rvitsa\u2013ricotta pinsa v\u00e4rske rukola ja aromaatsete \u00fcrtidega \u2014 ideaalne s\u00fcgisene k\u00f6\u00f6giviljapitsa.\"},{\"@type\":\"BreadcrumbList\",\"@id\":\"https:\/\/bio4you.eu\/retseptid\/toode\/pinsa-korvitsa-ja-ricotta-juustuga\/#breadcrumb\",\"itemListElement\":[{\"@type\":\"ListItem\",\"position\":1,\"name\":\"Home\",\"item\":\"https:\/\/bio4you.eu\/retseptid\/\"},{\"@type\":\"ListItem\",\"position\":2,\"name\":\"Pinsa k\u00f5rvitsa ja ricotta juustuga\"}]},{\"@type\":\"WebSite\",\"@id\":\"https:\/\/bio4you.eu\/retseptid\/#website\",\"url\":\"https:\/\/bio4you.eu\/retseptid\/\",\"name\":\"bio4you.eu\/retseptid\",\"description\":\"\u00d6ko retseptid ise tegemiseks, looduslikest koostisainetest. Maitsev toit, iluhooldus, kodupuhastus ja aiandus.\",\"potentialAction\":[{\"@type\":\"SearchAction\",\"target\":{\"@type\":\"EntryPoint\",\"urlTemplate\":\"https:\/\/bio4you.eu\/retseptid\/?s={search_term_string}\"},\"query-input\":\"required name=search_term_string\"}],\"inLanguage\":\"et\"}]}<\/script>\n<!-- \/ Yoast SEO plugin. -->","yoast_head_json":{"title":"Pinsa k\u00f5rvitsa ja ricotta juustuga | Gluteenivaba k\u00f6\u00f6giviljapinsa","description":"\u00d5huline pinsap\u00f5hi, kreemjas ricotta ja mahlane k\u00f5rvitsasegu sibula ning t\u00fc\u00fcmianiga. Lihtne ja maitsekas k\u00f6\u00f6giviljapinsa, mis k\u00fcpseb vaid 15 minutiga ning on ideaalne kiireks soojaks eineks.","robots":{"index":"index","follow":"follow","max-snippet":"max-snippet:-1","max-image-preview":"max-image-preview:large","max-video-preview":"max-video-preview:-1"},"canonical":"https:\/\/bio4you.eu\/retseptid\/toode\/pinsa-korvitsa-ja-ricotta-juustuga\/","og_locale":"et_EE","og_type":"article","og_title":"Pinsa k\u00f5rvitsa ja ricotta juustuga | BioRetsept","og_description":"Kohev pinsap\u00f5hi, ricottakreem, k\u00f5rvits, sibul ja sulav Gouda \u2013 ning l\u00f5puks v\u00e4rske rukola! See k\u00f6\u00f6giviljapinsa on t\u00e4iuslik s\u00fcgisene maitsekombinatsioon, mis valmib kiiresti ja maitseb uskumatult hea.","og_url":"https:\/\/bio4you.eu\/retseptid\/toode\/pinsa-korvitsa-ja-ricotta-juustuga\/","og_site_name":"bio4you.eu\/retseptid","article_modified_time":"2025-11-26T19:10:25+00:00","og_image":[{"width":1080,"height":1080,"url":"https:\/\/bio4you.eu\/retseptid\/wp-content\/uploads\/2025\/11\/BIORETSEPT-1.png","type":"image\/png"}],"twitter_misc":{"Est. reading time":"1 minut"},"schema":{"@context":"https:\/\/schema.org","@graph":[{"@type":"WebPage","@id":"https:\/\/bio4you.eu\/retseptid\/toode\/pinsa-korvitsa-ja-ricotta-juustuga\/","url":"https:\/\/bio4you.eu\/retseptid\/toode\/pinsa-korvitsa-ja-ricotta-juustuga\/","name":"Pinsa k\u00f5rvitsa ja ricotta juustuga | Gluteenivaba k\u00f6\u00f6giviljapinsa","isPartOf":{"@id":"https:\/\/bio4you.eu\/retseptid\/#website"},"primaryImageOfPage":{"@id":"https:\/\/bio4you.eu\/retseptid\/toode\/pinsa-korvitsa-ja-ricotta-juustuga\/#primaryimage"},"image":{"@id":"https:\/\/bio4you.eu\/retseptid\/toode\/pinsa-korvitsa-ja-ricotta-juustuga\/#primaryimage"},"thumbnailUrl":"https:\/\/bio4you.eu\/retseptid\/wp-content\/uploads\/2025\/11\/BIORETSEPT-1.png","datePublished":"2025-11-26T16:05:55+00:00","dateModified":"2025-11-26T19:10:25+00:00","description":"\u00d5huline pinsap\u00f5hi, kreemjas ricotta ja mahlane k\u00f5rvitsasegu sibula ning t\u00fc\u00fcmianiga. Lihtne ja maitsekas k\u00f6\u00f6giviljapinsa, mis k\u00fcpseb vaid 15 minutiga ning on ideaalne kiireks soojaks eineks.","breadcrumb":{"@id":"https:\/\/bio4you.eu\/retseptid\/toode\/pinsa-korvitsa-ja-ricotta-juustuga\/#breadcrumb"},"inLanguage":"et","potentialAction":[{"@type":"ReadAction","target":["https:\/\/bio4you.eu\/retseptid\/toode\/pinsa-korvitsa-ja-ricotta-juustuga\/"]}]},{"@type":"ImageObject","inLanguage":"et","@id":"https:\/\/bio4you.eu\/retseptid\/toode\/pinsa-korvitsa-ja-ricotta-juustuga\/#primaryimage","url":"https:\/\/bio4you.eu\/retseptid\/wp-content\/uploads\/2025\/11\/BIORETSEPT-1.png","contentUrl":"https:\/\/bio4you.eu\/retseptid\/wp-content\/uploads\/2025\/11\/BIORETSEPT-1.png","width":1080,"height":1080,"caption":"K\u00f5rvitsa\u2013ricotta pinsa v\u00e4rske rukola ja aromaatsete \u00fcrtidega \u2014 ideaalne s\u00fcgisene k\u00f6\u00f6giviljapitsa."},{"@type":"BreadcrumbList","@id":"https:\/\/bio4you.eu\/retseptid\/toode\/pinsa-korvitsa-ja-ricotta-juustuga\/#breadcrumb","itemListElement":[{"@type":"ListItem","position":1,"name":"Home","item":"https:\/\/bio4you.eu\/retseptid\/"},{"@type":"ListItem","position":2,"name":"Pinsa k\u00f5rvitsa ja ricotta juustuga"}]},{"@type":"WebSite","@id":"https:\/\/bio4you.eu\/retseptid\/#website","url":"https:\/\/bio4you.eu\/retseptid\/","name":"bio4you.eu\/retseptid","description":"\u00d6ko retseptid ise tegemiseks, looduslikest koostisainetest. Maitsev toit, iluhooldus, kodupuhastus ja aiandus.","potentialAction":[{"@type":"SearchAction","target":{"@type":"EntryPoint","urlTemplate":"https:\/\/bio4you.eu\/retseptid\/?s={search_term_string}"},"query-input":"required name=search_term_string"}],"inLanguage":"et"}]}},"_links":{"self":[{"href":"https:\/\/bio4you.eu\/retseptid\/wp-json\/wp\/v2\/product\/4489"}],"collection":[{"href":"https:\/\/bio4you.eu\/retseptid\/wp-json\/wp\/v2\/product"}],"about":[{"href":"https:\/\/bio4you.eu\/retseptid\/wp-json\/wp\/v2\/types\/product"}],"replies":[{"embeddable":true,"href":"https:\/\/bio4you.eu\/retseptid\/wp-json\/wp\/v2\/comments?post=4489"}],"wp:featuredmedia":[{"embeddable":true,"href":"https:\/\/bio4you.eu\/retseptid\/wp-json\/wp\/v2\/media\/4490"}],"wp:attachment":[{"href":"https:\/\/bio4you.eu\/retseptid\/wp-json\/wp\/v2\/media?parent=4489"}],"wp:term":[{"taxonomy":"product_cat","embeddable":true,"href":"https:\/\/bio4you.eu\/retseptid\/wp-json\/wp\/v2\/product_cat?post=4489"},{"taxonomy":"product_tag","embeddable":true,"href":"https:\/\/bio4you.eu\/retseptid\/wp-json\/wp\/v2\/product_tag?post=4489"}],"curies":[{"name":"wp","href":"https:\/\/api.w.org\/{rel}","templated":true}]}}