{"id":4545,"date":"2025-12-01T01:43:40","date_gmt":"2025-11-30T23:43:40","guid":{"rendered":"https:\/\/bio4you.eu\/retseptid\/?post_type=product&#038;p=4545"},"modified":"2025-12-01T19:40:36","modified_gmt":"2025-12-01T17:40:36","slug":"pinsa-ampsud-seente-ja-peedi-juustuga","status":"publish","type":"product","link":"https:\/\/bio4you.eu\/retseptid\/toode\/pinsa-ampsud-seente-ja-peedi-juustuga\/","title":{"rendered":"Pinsa ampsud seente ja peedi\/juustuga"},"content":{"rendered":"<p><strong>\u00a0PINSATAIGNA VALMISTAMINE<\/strong><\/p>\n<ol>\n<li>Sega pinsasegu, p\u00e4rm, vesi ja \u00f5li \u00fchtlaseks taignaks.<\/li>\n<li>Lase taignal soojas kohas kaetult kerkida 30 minutit.<\/li>\n<li>Jaga taigen 3 osaks, rulli k\u00fcpsetuspaberil ca 6-8mm paksused p\u00f5hjad<\/li>\n<li>Soovi korral lase neil veel 30 minutit kerkida ( ei ole h\u00e4davajalik)<\/li>\n<\/ol>\n<p><strong>KATTE VALMISTAMINE<\/strong><\/p>\n<ol>\n<li>Prae seened oliivi\u00f5li ja sibulaga, maitsesta soola-pipraga.<\/li>\n<li>L\u00f5ika keedupeet sobivateks viiludeks, maitsesta.<\/li>\n<li>T\u00fckelda juust, mida soovid kasutada.<\/li>\n<\/ol>\n<p><strong>PINSA-AMPSUDE ETTEVALMISTUS JA K\u00dcPSETAMINE<\/strong><\/p>\n<ol>\n<li>Libista lahtirullitud taigen koos k\u00fcpsetuspaberiga ahjuplaadile.<\/li>\n<li>L\u00f5ika pinsap\u00f5hjad ristk\u00fcliku kujulisteks t\u00fckkideks.<\/li>\n<li>Jaota pooltele pinsap\u00f5hjadele seened sibulaga.<\/li>\n<li>\u00dclej\u00e4\u00e4nutele aseta peediviilud ja valgehallitusjuustu t\u00fckke.<\/li>\n<li>K\u00fcpseta ahjus 20-30 minutit 190 \u00b0C juures.<\/li>\n<li>T\u00f5sta pinsal\u00f5igud ahjust v\u00e4lja ja lisa pisut maitserohelist.<\/li>\n<li>Tilguta peale v\u00e4rsket EVO \u00f5li ja serveeri soojalt.<\/li>\n<li>\u00dchest pakist pinsasegust saab 2,5 plaadit\u00e4it pinsa-ampse.<\/li>\n<\/ol>\n","protected":false},"excerpt":{"rendered":"<p>Vaja l\u00e4heb<\/p>\n<p><strong>PINSAP\u00d5HJADE JAOKS<\/strong><\/p>\n<ul>\n<li>1 pakk <a href=\"https:\/\/bio4you.eu\/et\/gluteenivaba\/gluteenivabad-jahud-ja-jahusegud\/gluteenivaba-pinsataigna-jahusegu-350g\">Bauck M\u00fchle Pinsataigna jahusegu<\/a><\/li>\n<li>1 pakk kuivp\u00e4rmi<\/li>\n<li>300 ml leiget vett<\/li>\n<li>1 sl <a href=\"https:\/\/bio4you.eu\/et\/otsi?controller=search&amp;s=ekstra+v%C3%A4%C3%A4ris+oliivi%C3%B5li\">EVO \u00f5li<\/a><\/li>\n<\/ul>\n<p><strong>KATTE JAOKS<\/strong><\/p>\n<ul>\n<li>200 g viilutatud seeni<\/li>\n<li>1 v\u00e4ike sibul<\/li>\n<li>m\u00e4\u00e4rdejuustu vastavalt maitsele<\/li>\n<li>1-2 sl <a href=\"https:\/\/bio4you.eu\/et\/otsi?controller=search&amp;s=ekstra+v%C3%A4%C3%A4ris+oliivi%C3%B5li\">EVO \u00f5li<\/a><\/li>\n<li>200g valgehallitusjuustu<\/li>\n<li>Soola ja pipart<\/li>\n<li>Maitserohelist<\/li>\n<\/ul>\n","protected":false},"featured_media":4551,"comment_status":"open","ping_status":"closed","template":"","meta":{"_exactmetrics_skip_tracking":false,"_exactmetrics_sitenote_active":false,"_exactmetrics_sitenote_note":"","_exactmetrics_sitenote_category":0},"product_cat":[762,59,60,63,383],"product_tag":[557,767,621,421,768,769,766,764,770,624,625],"class_list":{"0":"post-4545","1":"product","2":"type-product","3":"status-publish","4":"has-post-thumbnail","6":"product_cat-soolased-kupsetised","7":"product_cat-featured","8":"product_cat-toiduretseptid","9":"product_cat-gluteenivabad-retseptid","10":"product_cat-taimetoit","11":"product_tag-gluteenivaba-ohtusook","12":"product_tag-gluteenivaba-pinsa","13":"product_tag-gluteenivaba-pita","14":"product_tag-gluteenivaba-pitsa","15":"product_tag-korvitsapinsa","16":"product_tag-pinsaloigud","17":"product_tag-pinsapohi","18":"product_tag-pinsataigen","19":"product_tag-rooma-pinsa","20":"product_tag-taimetoidu-ohtusook","21":"product_tag-taimne-ohtusook","23":"first","24":"instock","25":"shipping-taxable","26":"product-type-simple"},"yoast_head":"<!-- This site is optimized with the Yoast SEO plugin v23.3 - https:\/\/yoast.com\/wordpress\/plugins\/seo\/ -->\n<title>Pinsal\u00f5igud seente v\u00f5i peedi-juustuga | Gluteenivabad ampsud<\/title>\n<meta name=\"description\" content=\"Maitsev gluteenivaba pinsap\u00f5hi, mahlane seenesegu sibulaga ning suus sulav punapeet valgehallitusjuustuga. Lihtne kuid h\u00f5rk suupiste, mis k\u00fcpseb vaid 15 minutiga ning on ideaalne kiireks soojaks eineks.\" \/>\n<meta name=\"robots\" content=\"index, follow, max-snippet:-1, max-image-preview:large, max-video-preview:-1\" \/>\n<link rel=\"canonical\" href=\"https:\/\/bio4you.eu\/retseptid\/toode\/pinsa-ampsud-seente-ja-peedi-juustuga\/\" \/>\n<meta property=\"og:locale\" content=\"et_EE\" \/>\n<meta property=\"og:type\" content=\"article\" \/>\n<meta property=\"og:title\" content=\"Pinsa ampsud seente ja peedi-juustuga | BioRetsept\" \/>\n<meta property=\"og:description\" content=\"Maitsev gluteenivaba pinsap\u00f5hi seenekatte v\u00f5i punapeedi-valgehallitusjuustu kattega. Suus sulavad maitsed sobivad nii kiireks \u00f5htus\u00f6\u00f6giks kui oodatud ja ootamatutele k\u00fclalistele. Katteid saad omal vabal valikul ka muuta- kasuta just seda mis sul kodus k\u00e4ep\u00e4rast !\" \/>\n<meta property=\"og:url\" content=\"https:\/\/bio4you.eu\/retseptid\/toode\/pinsa-ampsud-seente-ja-peedi-juustuga\/\" \/>\n<meta property=\"og:site_name\" content=\"bio4you.eu\/retseptid\" \/>\n<meta property=\"article:modified_time\" content=\"2025-12-01T17:40:36+00:00\" \/>\n<meta property=\"og:image\" content=\"https:\/\/bio4you.eu\/retseptid\/wp-content\/uploads\/2025\/12\/IMG_7947.png\" \/>\n\t<meta property=\"og:image:width\" content=\"856\" \/>\n\t<meta property=\"og:image:height\" content=\"838\" \/>\n\t<meta property=\"og:image:type\" content=\"image\/png\" \/>\n<meta name=\"twitter:label1\" content=\"Est. reading time\" \/>\n\t<meta name=\"twitter:data1\" content=\"1 minut\" \/>\n<script type=\"application\/ld+json\" class=\"yoast-schema-graph\">{\"@context\":\"https:\/\/schema.org\",\"@graph\":[{\"@type\":\"WebPage\",\"@id\":\"https:\/\/bio4you.eu\/retseptid\/toode\/pinsa-ampsud-seente-ja-peedi-juustuga\/\",\"url\":\"https:\/\/bio4you.eu\/retseptid\/toode\/pinsa-ampsud-seente-ja-peedi-juustuga\/\",\"name\":\"Pinsal\u00f5igud seente v\u00f5i peedi-juustuga | Gluteenivabad ampsud\",\"isPartOf\":{\"@id\":\"https:\/\/bio4you.eu\/retseptid\/#website\"},\"primaryImageOfPage\":{\"@id\":\"https:\/\/bio4you.eu\/retseptid\/toode\/pinsa-ampsud-seente-ja-peedi-juustuga\/#primaryimage\"},\"image\":{\"@id\":\"https:\/\/bio4you.eu\/retseptid\/toode\/pinsa-ampsud-seente-ja-peedi-juustuga\/#primaryimage\"},\"thumbnailUrl\":\"https:\/\/bio4you.eu\/retseptid\/wp-content\/uploads\/2025\/12\/IMG_7945-e1764548961226.png\",\"datePublished\":\"2025-11-30T23:43:40+00:00\",\"dateModified\":\"2025-12-01T17:40:36+00:00\",\"description\":\"Maitsev gluteenivaba pinsap\u00f5hi, mahlane seenesegu sibulaga ning suus sulav punapeet valgehallitusjuustuga. Lihtne kuid h\u00f5rk suupiste, mis k\u00fcpseb vaid 15 minutiga ning on ideaalne kiireks soojaks eineks.\",\"breadcrumb\":{\"@id\":\"https:\/\/bio4you.eu\/retseptid\/toode\/pinsa-ampsud-seente-ja-peedi-juustuga\/#breadcrumb\"},\"inLanguage\":\"et\",\"potentialAction\":[{\"@type\":\"ReadAction\",\"target\":[\"https:\/\/bio4you.eu\/retseptid\/toode\/pinsa-ampsud-seente-ja-peedi-juustuga\/\"]}]},{\"@type\":\"ImageObject\",\"inLanguage\":\"et\",\"@id\":\"https:\/\/bio4you.eu\/retseptid\/toode\/pinsa-ampsud-seente-ja-peedi-juustuga\/#primaryimage\",\"url\":\"https:\/\/bio4you.eu\/retseptid\/wp-content\/uploads\/2025\/12\/IMG_7945-e1764548961226.png\",\"contentUrl\":\"https:\/\/bio4you.eu\/retseptid\/wp-content\/uploads\/2025\/12\/IMG_7945-e1764548961226.png\",\"width\":854,\"height\":669},{\"@type\":\"BreadcrumbList\",\"@id\":\"https:\/\/bio4you.eu\/retseptid\/toode\/pinsa-ampsud-seente-ja-peedi-juustuga\/#breadcrumb\",\"itemListElement\":[{\"@type\":\"ListItem\",\"position\":1,\"name\":\"Home\",\"item\":\"https:\/\/bio4you.eu\/retseptid\/\"},{\"@type\":\"ListItem\",\"position\":2,\"name\":\"Pinsa ampsud seente ja peedi\/juustuga\"}]},{\"@type\":\"WebSite\",\"@id\":\"https:\/\/bio4you.eu\/retseptid\/#website\",\"url\":\"https:\/\/bio4you.eu\/retseptid\/\",\"name\":\"bio4you.eu\/retseptid\",\"description\":\"\u00d6ko retseptid ise tegemiseks, looduslikest koostisainetest. Maitsev toit, iluhooldus, kodupuhastus ja aiandus.\",\"potentialAction\":[{\"@type\":\"SearchAction\",\"target\":{\"@type\":\"EntryPoint\",\"urlTemplate\":\"https:\/\/bio4you.eu\/retseptid\/?s={search_term_string}\"},\"query-input\":\"required name=search_term_string\"}],\"inLanguage\":\"et\"}]}<\/script>\n<!-- \/ Yoast SEO plugin. -->","yoast_head_json":{"title":"Pinsal\u00f5igud seente v\u00f5i peedi-juustuga | Gluteenivabad ampsud","description":"Maitsev gluteenivaba pinsap\u00f5hi, mahlane seenesegu sibulaga ning suus sulav punapeet valgehallitusjuustuga. Lihtne kuid h\u00f5rk suupiste, mis k\u00fcpseb vaid 15 minutiga ning on ideaalne kiireks soojaks eineks.","robots":{"index":"index","follow":"follow","max-snippet":"max-snippet:-1","max-image-preview":"max-image-preview:large","max-video-preview":"max-video-preview:-1"},"canonical":"https:\/\/bio4you.eu\/retseptid\/toode\/pinsa-ampsud-seente-ja-peedi-juustuga\/","og_locale":"et_EE","og_type":"article","og_title":"Pinsa ampsud seente ja peedi-juustuga | BioRetsept","og_description":"Maitsev gluteenivaba pinsap\u00f5hi seenekatte v\u00f5i punapeedi-valgehallitusjuustu kattega. Suus sulavad maitsed sobivad nii kiireks \u00f5htus\u00f6\u00f6giks kui oodatud ja ootamatutele k\u00fclalistele. Katteid saad omal vabal valikul ka muuta- kasuta just seda mis sul kodus k\u00e4ep\u00e4rast !","og_url":"https:\/\/bio4you.eu\/retseptid\/toode\/pinsa-ampsud-seente-ja-peedi-juustuga\/","og_site_name":"bio4you.eu\/retseptid","article_modified_time":"2025-12-01T17:40:36+00:00","og_image":[{"width":856,"height":838,"url":"https:\/\/bio4you.eu\/retseptid\/wp-content\/uploads\/2025\/12\/IMG_7947.png","type":"image\/png"}],"twitter_misc":{"Est. reading time":"1 minut"},"schema":{"@context":"https:\/\/schema.org","@graph":[{"@type":"WebPage","@id":"https:\/\/bio4you.eu\/retseptid\/toode\/pinsa-ampsud-seente-ja-peedi-juustuga\/","url":"https:\/\/bio4you.eu\/retseptid\/toode\/pinsa-ampsud-seente-ja-peedi-juustuga\/","name":"Pinsal\u00f5igud seente v\u00f5i peedi-juustuga | Gluteenivabad ampsud","isPartOf":{"@id":"https:\/\/bio4you.eu\/retseptid\/#website"},"primaryImageOfPage":{"@id":"https:\/\/bio4you.eu\/retseptid\/toode\/pinsa-ampsud-seente-ja-peedi-juustuga\/#primaryimage"},"image":{"@id":"https:\/\/bio4you.eu\/retseptid\/toode\/pinsa-ampsud-seente-ja-peedi-juustuga\/#primaryimage"},"thumbnailUrl":"https:\/\/bio4you.eu\/retseptid\/wp-content\/uploads\/2025\/12\/IMG_7945-e1764548961226.png","datePublished":"2025-11-30T23:43:40+00:00","dateModified":"2025-12-01T17:40:36+00:00","description":"Maitsev gluteenivaba pinsap\u00f5hi, mahlane seenesegu sibulaga ning suus sulav punapeet valgehallitusjuustuga. Lihtne kuid h\u00f5rk suupiste, mis k\u00fcpseb vaid 15 minutiga ning on ideaalne kiireks soojaks eineks.","breadcrumb":{"@id":"https:\/\/bio4you.eu\/retseptid\/toode\/pinsa-ampsud-seente-ja-peedi-juustuga\/#breadcrumb"},"inLanguage":"et","potentialAction":[{"@type":"ReadAction","target":["https:\/\/bio4you.eu\/retseptid\/toode\/pinsa-ampsud-seente-ja-peedi-juustuga\/"]}]},{"@type":"ImageObject","inLanguage":"et","@id":"https:\/\/bio4you.eu\/retseptid\/toode\/pinsa-ampsud-seente-ja-peedi-juustuga\/#primaryimage","url":"https:\/\/bio4you.eu\/retseptid\/wp-content\/uploads\/2025\/12\/IMG_7945-e1764548961226.png","contentUrl":"https:\/\/bio4you.eu\/retseptid\/wp-content\/uploads\/2025\/12\/IMG_7945-e1764548961226.png","width":854,"height":669},{"@type":"BreadcrumbList","@id":"https:\/\/bio4you.eu\/retseptid\/toode\/pinsa-ampsud-seente-ja-peedi-juustuga\/#breadcrumb","itemListElement":[{"@type":"ListItem","position":1,"name":"Home","item":"https:\/\/bio4you.eu\/retseptid\/"},{"@type":"ListItem","position":2,"name":"Pinsa ampsud seente ja peedi\/juustuga"}]},{"@type":"WebSite","@id":"https:\/\/bio4you.eu\/retseptid\/#website","url":"https:\/\/bio4you.eu\/retseptid\/","name":"bio4you.eu\/retseptid","description":"\u00d6ko retseptid ise tegemiseks, looduslikest koostisainetest. Maitsev toit, iluhooldus, kodupuhastus ja aiandus.","potentialAction":[{"@type":"SearchAction","target":{"@type":"EntryPoint","urlTemplate":"https:\/\/bio4you.eu\/retseptid\/?s={search_term_string}"},"query-input":"required name=search_term_string"}],"inLanguage":"et"}]}},"_links":{"self":[{"href":"https:\/\/bio4you.eu\/retseptid\/wp-json\/wp\/v2\/product\/4545"}],"collection":[{"href":"https:\/\/bio4you.eu\/retseptid\/wp-json\/wp\/v2\/product"}],"about":[{"href":"https:\/\/bio4you.eu\/retseptid\/wp-json\/wp\/v2\/types\/product"}],"replies":[{"embeddable":true,"href":"https:\/\/bio4you.eu\/retseptid\/wp-json\/wp\/v2\/comments?post=4545"}],"wp:featuredmedia":[{"embeddable":true,"href":"https:\/\/bio4you.eu\/retseptid\/wp-json\/wp\/v2\/media\/4551"}],"wp:attachment":[{"href":"https:\/\/bio4you.eu\/retseptid\/wp-json\/wp\/v2\/media?parent=4545"}],"wp:term":[{"taxonomy":"product_cat","embeddable":true,"href":"https:\/\/bio4you.eu\/retseptid\/wp-json\/wp\/v2\/product_cat?post=4545"},{"taxonomy":"product_tag","embeddable":true,"href":"https:\/\/bio4you.eu\/retseptid\/wp-json\/wp\/v2\/product_tag?post=4545"}],"curies":[{"name":"wp","href":"https:\/\/api.w.org\/{rel}","templated":true}]}}